{"id":121,"date":"2017-01-03T10:33:39","date_gmt":"2017-01-03T12:33:39","guid":{"rendered":"https:\/\/www.saopauloguia.com.br\/prefeitura-de-sp\/?page_id=121"},"modified":"2017-07-10T16:42:03","modified_gmt":"2017-07-10T19:42:03","slug":"iss-prefeitura-sao-paulo","status":"publish","type":"page","link":"https:\/\/www.saopauloguia.com.br\/prefeitura-de-sp\/iss-prefeitura-sao-paulo\/","title":{"rendered":"ISS Prefeitura S\u00e3o Paulo"},"content":{"rendered":"<h2><strong>O que \u00e9 o ISS da Prefeitura de S\u00e3o Paulo?<\/strong><\/h2>\n<p>O ISS \u00e9 o <em>Imposto Sobre Servi\u00e7os<\/em>\u00a0. Ele \u00e9 um tributo de compet\u00eancia dos munic\u00edpios e Distrito Federal e incide sobre a presta\u00e7\u00e3o de servi\u00e7os.<\/p>\n<h3><strong>Quem deve pagar ISS da Prefeitura Municipal de S\u00e3o Paulo?<\/strong><\/h3>\n<p>O <a href=\"https:\/\/www.saopauloguia.com.br\/prefeitura-de-sp\/iss-prefeitura-sao-paulo\/\">ISS da Prefeitura de S\u00e3o Paulo<\/a> \u00e9 pago pelas empresas prestadoras de servi\u00e7os e profissionais aut\u00f4nomos. Aqueles que se encaixam no primeiro caso dever\u00e3o recolher o ISS, al\u00e9m dos demais impostos \u2013 como IR, PIS, COFINS, contribui\u00e7\u00e3o social ou, substitu\u00eddos pelo Simples Nacional, caso optante. As empresas pagam uma al\u00edquota de 5% sobre o valor da nota fiscal e em alguns casos chega a 2%<\/p>\n<p><img loading=\"lazy\" decoding=\"async\" class=\"alignleft wp-image-374\" src=\"https:\/\/www.saopauloguia.com.br\/prefeitura-de-sp\/wp-content\/uploads\/2017\/01\/abertura_de_empresa.jpg\" alt=\"ISS da Prefeitura Municipal de S\u00e3o Paulo\" width=\"403\" height=\"183\" srcset=\"https:\/\/www.saopauloguia.com.br\/prefeitura-de-sp\/content-wp\/uploads\/2017\/01\/abertura_de_empresa.jpg 640w, https:\/\/www.saopauloguia.com.br\/prefeitura-de-sp\/content-wp\/uploads\/2017\/01\/abertura_de_empresa-300x136.jpg 300w\" sizes=\"auto, (max-width: 403px) 100vw, 403px\" \/>A NFS-e, implantada pela Secretaria de Finan\u00e7as, vai simplificar a vida dos prestadores de servi\u00e7os e gerar cr\u00e9ditos para seus clientes (cidad\u00e3os e empresas da cidade de S\u00e3o Paulo).<\/p>\n<p>O cliente (tomador de servi\u00e7os) que pedir a emiss\u00e3o da NFS-e poder\u00e1 utilizar parte do <em>ISS\u00a0da Prefeitura de S\u00e3o Paulo<\/em> recolhido para abater valores do IPTU.<\/p>\n<p>No portal da Prefeitura de SP \u00e9 poss\u00edvel emitir o Damsp para pagamento do ISS, conhecer a legisla\u00e7\u00e3o e ler orienta\u00e7\u00f5es sobre c\u00e1lculo, documentos fiscais, imunidades e isen\u00e7\u00f5es, estimativa e v\u00e1rios outros assuntos relacionados ao imposto.<\/p>\n<p>Para emiss\u00e3o do ISS da Prefeitura de S\u00e3o Paulo, utilize o link: <a href=\"http:\/\/www.prefeitura.sp.gov.br\/cidade\/secretarias\/fazenda\/servicos\/iss\/\" target=\"_blank\" rel=\"noopener noreferrer\">http:\/\/www.prefeitura.sp.gov.br\/cidade\/secretarias\/fazenda\/servicos\/iss\/<\/a><\/p>\n<p>*Este site n\u00e3o coleta dados, voc\u00ea ser\u00e1 redirecionado ao sistema oficial da Prefeitura de S\u00e3o Paulo.<\/p>\n<h3><\/h3>\n","protected":false},"excerpt":{"rendered":"<p>O que \u00e9 o ISS da Prefeitura de S\u00e3o Paulo? O ISS \u00e9 o Imposto Sobre Servi\u00e7os\u00a0. Ele \u00e9 um tributo de compet\u00eancia dos munic\u00edpios e Distrito Federal e incide sobre a presta\u00e7\u00e3o de servi\u00e7os. Quem deve pagar ISS da Prefeitura Municipal de S\u00e3o Paulo? O ISS da Prefeitura de S\u00e3o Paulo \u00e9 pago pelas [&hellip;]<\/p>\n","protected":false},"author":1,"featured_media":0,"parent":0,"menu_order":0,"comment_status":"closed","ping_status":"closed","template":"","meta":{"footnotes":""},"class_list":["post-121","page","type-page","status-publish","hentry"],"yoast_head":"<!-- This site is optimized with the Yoast SEO plugin v26.0 - https:\/\/yoast.com\/wordpress\/plugins\/seo\/ -->\n<title>ISS ( Imposto Sobre Servi\u00e7o ) - Prefeitura Municipal de S\u00e3o Paulo<\/title>\n<meta name=\"description\" content=\"Confira informa\u00e7\u00f5es sobre al\u00edquota, emiss\u00e3o e tabela do recolhimento do ISS ( Imposto Sobre Servi\u00e7o ) na Prefeitura Municipal de S\u00e3o Paulo.\" \/>\n<meta name=\"robots\" content=\"index, follow, max-snippet:-1, max-image-preview:large, max-video-preview:-1\" \/>\n<link rel=\"canonical\" href=\"https:\/\/www.saopauloguia.com.br\/prefeitura-de-sp\/iss-prefeitura-sao-paulo\/\" \/>\n<meta property=\"og:locale\" content=\"pt_BR\" \/>\n<meta property=\"og:type\" content=\"article\" \/>\n<meta property=\"og:title\" content=\"ISS ( Imposto Sobre Servi\u00e7o ) - Prefeitura Municipal de S\u00e3o Paulo\" \/>\n<meta property=\"og:description\" content=\"Confira informa\u00e7\u00f5es sobre al\u00edquota, emiss\u00e3o e tabela do recolhimento do ISS ( Imposto Sobre Servi\u00e7o ) na Prefeitura Municipal de S\u00e3o Paulo.\" \/>\n<meta property=\"og:url\" content=\"https:\/\/www.saopauloguia.com.br\/prefeitura-de-sp\/iss-prefeitura-sao-paulo\/\" \/>\n<meta property=\"og:site_name\" content=\"Prefeitura de S\u00e3o Paulo\" \/>\n<meta property=\"article:modified_time\" content=\"2017-07-10T19:42:03+00:00\" \/>\n<meta property=\"og:image\" content=\"https:\/\/www.saopauloguia.com.br\/prefeitura-de-sp\/wp-content\/uploads\/2017\/01\/abertura_de_empresa.jpg\" \/>\n<meta name=\"twitter:card\" content=\"summary_large_image\" \/>\n<meta name=\"twitter:label1\" content=\"Est. tempo de leitura\" \/>\n\t<meta name=\"twitter:data1\" content=\"1 minuto\" \/>\n<script type=\"application\/ld+json\" class=\"yoast-schema-graph\">{\"@context\":\"https:\/\/schema.org\",\"@graph\":[{\"@type\":\"WebPage\",\"@id\":\"https:\/\/www.saopauloguia.com.br\/prefeitura-de-sp\/iss-prefeitura-sao-paulo\/\",\"url\":\"https:\/\/www.saopauloguia.com.br\/prefeitura-de-sp\/iss-prefeitura-sao-paulo\/\",\"name\":\"ISS ( Imposto Sobre Servi\u00e7o ) - Prefeitura Municipal de S\u00e3o Paulo\",\"isPartOf\":{\"@id\":\"https:\/\/www.saopauloguia.com.br\/prefeitura-de-sp\/#website\"},\"primaryImageOfPage\":{\"@id\":\"https:\/\/www.saopauloguia.com.br\/prefeitura-de-sp\/iss-prefeitura-sao-paulo\/#primaryimage\"},\"image\":{\"@id\":\"https:\/\/www.saopauloguia.com.br\/prefeitura-de-sp\/iss-prefeitura-sao-paulo\/#primaryimage\"},\"thumbnailUrl\":\"https:\/\/www.saopauloguia.com.br\/prefeitura-de-sp\/wp-content\/uploads\/2017\/01\/abertura_de_empresa.jpg\",\"datePublished\":\"2017-01-03T12:33:39+00:00\",\"dateModified\":\"2017-07-10T19:42:03+00:00\",\"description\":\"Confira informa\u00e7\u00f5es sobre al\u00edquota, emiss\u00e3o e tabela do recolhimento do ISS ( Imposto Sobre Servi\u00e7o ) na Prefeitura Municipal de S\u00e3o Paulo.\",\"breadcrumb\":{\"@id\":\"https:\/\/www.saopauloguia.com.br\/prefeitura-de-sp\/iss-prefeitura-sao-paulo\/#breadcrumb\"},\"inLanguage\":\"pt-BR\",\"potentialAction\":[{\"@type\":\"ReadAction\",\"target\":[\"https:\/\/www.saopauloguia.com.br\/prefeitura-de-sp\/iss-prefeitura-sao-paulo\/\"]}]},{\"@type\":\"ImageObject\",\"inLanguage\":\"pt-BR\",\"@id\":\"https:\/\/www.saopauloguia.com.br\/prefeitura-de-sp\/iss-prefeitura-sao-paulo\/#primaryimage\",\"url\":\"https:\/\/www.saopauloguia.com.br\/prefeitura-de-sp\/content-wp\/uploads\/2017\/01\/abertura_de_empresa.jpg\",\"contentUrl\":\"https:\/\/www.saopauloguia.com.br\/prefeitura-de-sp\/content-wp\/uploads\/2017\/01\/abertura_de_empresa.jpg\",\"width\":640,\"height\":291},{\"@type\":\"BreadcrumbList\",\"@id\":\"https:\/\/www.saopauloguia.com.br\/prefeitura-de-sp\/iss-prefeitura-sao-paulo\/#breadcrumb\",\"itemListElement\":[{\"@type\":\"ListItem\",\"position\":1,\"name\":\"In\u00edcio\",\"item\":\"https:\/\/www.saopauloguia.com.br\/prefeitura-de-sp\/\"},{\"@type\":\"ListItem\",\"position\":2,\"name\":\"ISS Prefeitura S\u00e3o Paulo\"}]},{\"@type\":\"WebSite\",\"@id\":\"https:\/\/www.saopauloguia.com.br\/prefeitura-de-sp\/#website\",\"url\":\"https:\/\/www.saopauloguia.com.br\/prefeitura-de-sp\/\",\"name\":\"Prefeitura de S\u00e3o Paulo\",\"description\":\"Prefeitura Municipal de S\u00e3o Paulo\",\"potentialAction\":[{\"@type\":\"SearchAction\",\"target\":{\"@type\":\"EntryPoint\",\"urlTemplate\":\"https:\/\/www.saopauloguia.com.br\/prefeitura-de-sp\/?s={search_term_string}\"},\"query-input\":{\"@type\":\"PropertyValueSpecification\",\"valueRequired\":true,\"valueName\":\"search_term_string\"}}],\"inLanguage\":\"pt-BR\"}]}<\/script>\n<!-- \/ Yoast SEO plugin. -->","yoast_head_json":{"title":"ISS ( Imposto Sobre Servi\u00e7o ) - Prefeitura Municipal de S\u00e3o Paulo","description":"Confira informa\u00e7\u00f5es sobre al\u00edquota, emiss\u00e3o e tabela do recolhimento do ISS ( Imposto Sobre Servi\u00e7o ) na Prefeitura Municipal de S\u00e3o Paulo.","robots":{"index":"index","follow":"follow","max-snippet":"max-snippet:-1","max-image-preview":"max-image-preview:large","max-video-preview":"max-video-preview:-1"},"canonical":"https:\/\/www.saopauloguia.com.br\/prefeitura-de-sp\/iss-prefeitura-sao-paulo\/","og_locale":"pt_BR","og_type":"article","og_title":"ISS ( Imposto Sobre Servi\u00e7o ) - Prefeitura Municipal de S\u00e3o Paulo","og_description":"Confira informa\u00e7\u00f5es sobre al\u00edquota, emiss\u00e3o e tabela do recolhimento do ISS ( Imposto Sobre Servi\u00e7o ) na Prefeitura Municipal de S\u00e3o Paulo.","og_url":"https:\/\/www.saopauloguia.com.br\/prefeitura-de-sp\/iss-prefeitura-sao-paulo\/","og_site_name":"Prefeitura de S\u00e3o Paulo","article_modified_time":"2017-07-10T19:42:03+00:00","og_image":[{"url":"https:\/\/www.saopauloguia.com.br\/prefeitura-de-sp\/wp-content\/uploads\/2017\/01\/abertura_de_empresa.jpg","type":"","width":"","height":""}],"twitter_card":"summary_large_image","twitter_misc":{"Est. tempo de leitura":"1 minuto"},"schema":{"@context":"https:\/\/schema.org","@graph":[{"@type":"WebPage","@id":"https:\/\/www.saopauloguia.com.br\/prefeitura-de-sp\/iss-prefeitura-sao-paulo\/","url":"https:\/\/www.saopauloguia.com.br\/prefeitura-de-sp\/iss-prefeitura-sao-paulo\/","name":"ISS ( Imposto Sobre Servi\u00e7o ) - Prefeitura Municipal de S\u00e3o Paulo","isPartOf":{"@id":"https:\/\/www.saopauloguia.com.br\/prefeitura-de-sp\/#website"},"primaryImageOfPage":{"@id":"https:\/\/www.saopauloguia.com.br\/prefeitura-de-sp\/iss-prefeitura-sao-paulo\/#primaryimage"},"image":{"@id":"https:\/\/www.saopauloguia.com.br\/prefeitura-de-sp\/iss-prefeitura-sao-paulo\/#primaryimage"},"thumbnailUrl":"https:\/\/www.saopauloguia.com.br\/prefeitura-de-sp\/wp-content\/uploads\/2017\/01\/abertura_de_empresa.jpg","datePublished":"2017-01-03T12:33:39+00:00","dateModified":"2017-07-10T19:42:03+00:00","description":"Confira informa\u00e7\u00f5es sobre al\u00edquota, emiss\u00e3o e tabela do recolhimento do ISS ( Imposto Sobre Servi\u00e7o ) na Prefeitura Municipal de S\u00e3o Paulo.","breadcrumb":{"@id":"https:\/\/www.saopauloguia.com.br\/prefeitura-de-sp\/iss-prefeitura-sao-paulo\/#breadcrumb"},"inLanguage":"pt-BR","potentialAction":[{"@type":"ReadAction","target":["https:\/\/www.saopauloguia.com.br\/prefeitura-de-sp\/iss-prefeitura-sao-paulo\/"]}]},{"@type":"ImageObject","inLanguage":"pt-BR","@id":"https:\/\/www.saopauloguia.com.br\/prefeitura-de-sp\/iss-prefeitura-sao-paulo\/#primaryimage","url":"https:\/\/www.saopauloguia.com.br\/prefeitura-de-sp\/content-wp\/uploads\/2017\/01\/abertura_de_empresa.jpg","contentUrl":"https:\/\/www.saopauloguia.com.br\/prefeitura-de-sp\/content-wp\/uploads\/2017\/01\/abertura_de_empresa.jpg","width":640,"height":291},{"@type":"BreadcrumbList","@id":"https:\/\/www.saopauloguia.com.br\/prefeitura-de-sp\/iss-prefeitura-sao-paulo\/#breadcrumb","itemListElement":[{"@type":"ListItem","position":1,"name":"In\u00edcio","item":"https:\/\/www.saopauloguia.com.br\/prefeitura-de-sp\/"},{"@type":"ListItem","position":2,"name":"ISS Prefeitura S\u00e3o Paulo"}]},{"@type":"WebSite","@id":"https:\/\/www.saopauloguia.com.br\/prefeitura-de-sp\/#website","url":"https:\/\/www.saopauloguia.com.br\/prefeitura-de-sp\/","name":"Prefeitura de S\u00e3o Paulo","description":"Prefeitura Municipal de S\u00e3o Paulo","potentialAction":[{"@type":"SearchAction","target":{"@type":"EntryPoint","urlTemplate":"https:\/\/www.saopauloguia.com.br\/prefeitura-de-sp\/?s={search_term_string}"},"query-input":{"@type":"PropertyValueSpecification","valueRequired":true,"valueName":"search_term_string"}}],"inLanguage":"pt-BR"}]}},"_links":{"self":[{"href":"https:\/\/www.saopauloguia.com.br\/prefeitura-de-sp\/wp-json\/wp\/v2\/pages\/121","targetHints":{"allow":["GET"]}}],"collection":[{"href":"https:\/\/www.saopauloguia.com.br\/prefeitura-de-sp\/wp-json\/wp\/v2\/pages"}],"about":[{"href":"https:\/\/www.saopauloguia.com.br\/prefeitura-de-sp\/wp-json\/wp\/v2\/types\/page"}],"author":[{"embeddable":true,"href":"https:\/\/www.saopauloguia.com.br\/prefeitura-de-sp\/wp-json\/wp\/v2\/users\/1"}],"replies":[{"embeddable":true,"href":"https:\/\/www.saopauloguia.com.br\/prefeitura-de-sp\/wp-json\/wp\/v2\/comments?post=121"}],"version-history":[{"count":0,"href":"https:\/\/www.saopauloguia.com.br\/prefeitura-de-sp\/wp-json\/wp\/v2\/pages\/121\/revisions"}],"wp:attachment":[{"href":"https:\/\/www.saopauloguia.com.br\/prefeitura-de-sp\/wp-json\/wp\/v2\/media?parent=121"}],"curies":[{"name":"wp","href":"https:\/\/api.w.org\/{rel}","templated":true}]}}