{"id":22,"date":"2016-12-23T16:33:50","date_gmt":"2016-12-23T18:33:50","guid":{"rendered":"https:\/\/www.saopauloguia.com.br\/prefeitura-de-sp\/?page_id=22"},"modified":"2025-10-07T11:31:38","modified_gmt":"2025-10-07T14:31:38","slug":"contato","status":"publish","type":"page","link":"https:\/\/www.saopauloguia.com.br\/prefeitura-de-sp\/contato\/","title":{"rendered":"Contato"},"content":{"rendered":"<p>Neste site o morador pode encontrar com facilidade e comodidade informa\u00e7\u00f5es da Prefeitura\u00a0do seu munic\u00edpio em poucos cliques! Nosso objetivo \u00e9 fornecer o m\u00e1ximo de informa\u00e7\u00f5es sobre a prefeitura como o endere\u00e7o completo, telefone, hor\u00e1rio de atendimento, IPTU, nota fiscal, turismo, org\u00e3os, CNPJ, etc\u2026<\/p>\n<p><strong>Endere\u00e7o Prefeitura de S\u00e3o Paulo:<\/strong> Viaduto do Ch\u00e1, 15 &#8211; Centro &#8211; S\u00e3o Paulo \/\u00a0SP &#8211; CEP: 01002-020<\/p>\n<p><strong>Telefone Prefeitura Municipal de S\u00e3o Paulo:<\/strong>\u00a0156<\/p>\n<p><strong>Hor\u00e1rio de Atendimento:<\/strong> Segunda \u00e0 Sexta: 08:00 &#8211; 18:00<\/p>\n<p><strong>Site Prefeitura de S\u00e3o Paulo:\u00a0<\/strong><a href=\"http:\/\/www.prefeiturasp.org\">www.prefeiturasp.org<\/a><\/p>\n<p><strong>CNPJ PREFEITURA MUNICIPAL DE S\u00c3O PAULO \/ SP<\/strong> &#8211; CNPJ: 46.392.130\/0003-80<\/p>\n<p style=\"color: #721c24; background-color: #f8d7da; position: relative; padding: .75rem 1.25rem; margin-bottom: 1rem; border: 1px solid #f5c6cb; border-radius: .25rem;\">(*) N\u00e3o nos responsabilizamos por altera\u00e7\u00f5es de hor\u00e1rios, telefones e endere\u00e7o. Consulte os canais oficiais.<\/p>\n<h2><span style=\"color: #ffffff;\">.<\/span><\/h2>\n<hr \/>\n<h2><span style=\"color: #ffffff;\">.<\/span><\/h2>\n<h2>&#x2709;&#xfe0f; Contato com o site SaoPauloGuia.com.br<\/h2>\n<p><span style=\"text-decoration: underline;\">Este site n\u00e3o representa nenhuma empresa, \u00f3rg\u00e3o p\u00fablico ou privado<\/span>. N\u00e3o nos responsabilizamos por altera\u00e7\u00f5es nas condi\u00e7\u00f5es dos servi\u00e7os, informa\u00e7\u00f5es, hor\u00e1rios, datas, valores, etc.<\/p>\n<p>Os dados catalogados neste site t\u00eam como origem o portal brasileiro de Dados Abertos (dados.gov.br), site oficial ou portais de not\u00edcias. De acordo com o <a href=\"http:\/\/www.planalto.gov.br\/CCIVIL_03\/_Ato2015-2018\/2016\/Decreto\/D8777.htm\" target=\"_blank\" rel=\"noopener\">Decreto 8.777<\/a> de 11 de maio de 2016, as informa\u00e7\u00f5es publicadas s\u00e3o consideradas Dados Abertos e livres para divulga\u00e7\u00e3o sem autoriza\u00e7\u00e3o pr\u00e9via.<\/p>\n<div style=\"padding: 10px; border-radius: 3px; border: 1px solid #EEE; background: #EDF7FB; margin-bottom: 10px;\">\n<p>&#x26a0;&#xfe0f; O contato do site saopauloguia.com.br\/prefeitura-de-sp <strong>N\u00c3O<\/strong> se destina a atendimento, d\u00favidas ou assuntos do mun\u00edcipe. <em>Quest\u00f5es sobre estes assuntos n\u00e3o ser\u00e3o respondidas<\/em>.<\/p>\n<p>&#x26a0;&#xfe0f; Reservamos este espa\u00e7o para voc\u00ea falar com a equipe do site. Para contato <strong>somente sobre assunto relativo ao conte\u00fado deste site <\/strong>envie e-mail para: <img decoding=\"async\" class=\"size-full wp-image-798\" style=\"vertical-align: middle;\" src=\"https:\/\/d3m7wa9t7jf9yj.cloudfront.net\/imagems_guias\/zRPG3u5F94RbX56WTFdbGEwX591SN3yO.png\" alt=\"\" width=\"auto\" height=\"auto\" \/><\/p>\n<\/div>\n","protected":false},"excerpt":{"rendered":"<p>Neste site o morador pode encontrar com facilidade e comodidade informa\u00e7\u00f5es da Prefeitura\u00a0do seu munic\u00edpio em poucos cliques! Nosso objetivo \u00e9 fornecer o m\u00e1ximo de informa\u00e7\u00f5es sobre a prefeitura como o endere\u00e7o completo, telefone, hor\u00e1rio de atendimento, IPTU, nota fiscal, turismo, org\u00e3os, CNPJ, etc\u2026 Endere\u00e7o Prefeitura de S\u00e3o Paulo: Viaduto do Ch\u00e1, 15 &#8211; Centro [&hellip;]<\/p>\n","protected":false},"author":1,"featured_media":0,"parent":0,"menu_order":0,"comment_status":"closed","ping_status":"closed","template":"","meta":{"footnotes":""},"class_list":["post-22","page","type-page","status-publish","hentry"],"yoast_head":"<!-- This site is optimized with the Yoast SEO plugin v26.0 - https:\/\/yoast.com\/wordpress\/plugins\/seo\/ -->\n<title>Contato Endere\u00e7os e Telefones - Prefeitura Municipal de S\u00e3o Paulo<\/title>\n<meta name=\"description\" content=\"Endere\u00e7o, Telefone, CNPJ, Site, Mapa, Informa\u00e7\u00f5es e Hor\u00e1rio de Atendimento da Prefeitura Municipal da Cidade de S\u00e3o Paulo.\" \/>\n<meta name=\"robots\" content=\"index, follow, max-snippet:-1, max-image-preview:large, max-video-preview:-1\" \/>\n<link rel=\"canonical\" href=\"https:\/\/www.saopauloguia.com.br\/prefeitura-de-sp\/contato\/\" \/>\n<meta property=\"og:locale\" content=\"pt_BR\" \/>\n<meta property=\"og:type\" content=\"article\" \/>\n<meta property=\"og:title\" content=\"Contato Endere\u00e7os e Telefones - Prefeitura Municipal de S\u00e3o Paulo\" \/>\n<meta property=\"og:description\" content=\"Endere\u00e7o, Telefone, CNPJ, Site, Mapa, Informa\u00e7\u00f5es e Hor\u00e1rio de Atendimento da Prefeitura Municipal da Cidade de S\u00e3o Paulo.\" \/>\n<meta property=\"og:url\" content=\"https:\/\/www.saopauloguia.com.br\/prefeitura-de-sp\/contato\/\" \/>\n<meta property=\"og:site_name\" content=\"Prefeitura de S\u00e3o Paulo\" \/>\n<meta property=\"article:modified_time\" content=\"2025-10-07T14:31:38+00:00\" \/>\n<meta name=\"twitter:card\" content=\"summary_large_image\" \/>\n<meta name=\"twitter:label1\" content=\"Est. tempo de leitura\" \/>\n\t<meta name=\"twitter:data1\" content=\"2 minutos\" \/>\n<script type=\"application\/ld+json\" class=\"yoast-schema-graph\">{\"@context\":\"https:\/\/schema.org\",\"@graph\":[{\"@type\":\"WebPage\",\"@id\":\"https:\/\/www.saopauloguia.com.br\/prefeitura-de-sp\/contato\/\",\"url\":\"https:\/\/www.saopauloguia.com.br\/prefeitura-de-sp\/contato\/\",\"name\":\"Contato Endere\u00e7os e Telefones - Prefeitura Municipal de S\u00e3o Paulo\",\"isPartOf\":{\"@id\":\"https:\/\/www.saopauloguia.com.br\/prefeitura-de-sp\/#website\"},\"primaryImageOfPage\":{\"@id\":\"https:\/\/www.saopauloguia.com.br\/prefeitura-de-sp\/contato\/#primaryimage\"},\"image\":{\"@id\":\"https:\/\/www.saopauloguia.com.br\/prefeitura-de-sp\/contato\/#primaryimage\"},\"thumbnailUrl\":\"https:\/\/d3m7wa9t7jf9yj.cloudfront.net\/imagems_guias\/zRPG3u5F94RbX56WTFdbGEwX591SN3yO.png\",\"datePublished\":\"2016-12-23T18:33:50+00:00\",\"dateModified\":\"2025-10-07T14:31:38+00:00\",\"description\":\"Endere\u00e7o, Telefone, CNPJ, Site, Mapa, Informa\u00e7\u00f5es e Hor\u00e1rio de Atendimento da Prefeitura Municipal da Cidade de S\u00e3o Paulo.\",\"breadcrumb\":{\"@id\":\"https:\/\/www.saopauloguia.com.br\/prefeitura-de-sp\/contato\/#breadcrumb\"},\"inLanguage\":\"pt-BR\",\"potentialAction\":[{\"@type\":\"ReadAction\",\"target\":[\"https:\/\/www.saopauloguia.com.br\/prefeitura-de-sp\/contato\/\"]}]},{\"@type\":\"ImageObject\",\"inLanguage\":\"pt-BR\",\"@id\":\"https:\/\/www.saopauloguia.com.br\/prefeitura-de-sp\/contato\/#primaryimage\",\"url\":\"https:\/\/d3m7wa9t7jf9yj.cloudfront.net\/imagems_guias\/zRPG3u5F94RbX56WTFdbGEwX591SN3yO.png\",\"contentUrl\":\"https:\/\/d3m7wa9t7jf9yj.cloudfront.net\/imagems_guias\/zRPG3u5F94RbX56WTFdbGEwX591SN3yO.png\"},{\"@type\":\"BreadcrumbList\",\"@id\":\"https:\/\/www.saopauloguia.com.br\/prefeitura-de-sp\/contato\/#breadcrumb\",\"itemListElement\":[{\"@type\":\"ListItem\",\"position\":1,\"name\":\"In\u00edcio\",\"item\":\"https:\/\/www.saopauloguia.com.br\/prefeitura-de-sp\/\"},{\"@type\":\"ListItem\",\"position\":2,\"name\":\"Contato\"}]},{\"@type\":\"WebSite\",\"@id\":\"https:\/\/www.saopauloguia.com.br\/prefeitura-de-sp\/#website\",\"url\":\"https:\/\/www.saopauloguia.com.br\/prefeitura-de-sp\/\",\"name\":\"Prefeitura de S\u00e3o Paulo\",\"description\":\"Prefeitura Municipal de S\u00e3o Paulo\",\"potentialAction\":[{\"@type\":\"SearchAction\",\"target\":{\"@type\":\"EntryPoint\",\"urlTemplate\":\"https:\/\/www.saopauloguia.com.br\/prefeitura-de-sp\/?s={search_term_string}\"},\"query-input\":{\"@type\":\"PropertyValueSpecification\",\"valueRequired\":true,\"valueName\":\"search_term_string\"}}],\"inLanguage\":\"pt-BR\"}]}<\/script>\n<!-- \/ Yoast SEO plugin. -->","yoast_head_json":{"title":"Contato Endere\u00e7os e Telefones - Prefeitura Municipal de S\u00e3o Paulo","description":"Endere\u00e7o, Telefone, CNPJ, Site, Mapa, Informa\u00e7\u00f5es e Hor\u00e1rio de Atendimento da Prefeitura Municipal da Cidade de S\u00e3o Paulo.","robots":{"index":"index","follow":"follow","max-snippet":"max-snippet:-1","max-image-preview":"max-image-preview:large","max-video-preview":"max-video-preview:-1"},"canonical":"https:\/\/www.saopauloguia.com.br\/prefeitura-de-sp\/contato\/","og_locale":"pt_BR","og_type":"article","og_title":"Contato Endere\u00e7os e Telefones - Prefeitura Municipal de S\u00e3o Paulo","og_description":"Endere\u00e7o, Telefone, CNPJ, Site, Mapa, Informa\u00e7\u00f5es e Hor\u00e1rio de Atendimento da Prefeitura Municipal da Cidade de S\u00e3o Paulo.","og_url":"https:\/\/www.saopauloguia.com.br\/prefeitura-de-sp\/contato\/","og_site_name":"Prefeitura de S\u00e3o Paulo","article_modified_time":"2025-10-07T14:31:38+00:00","twitter_card":"summary_large_image","twitter_misc":{"Est. tempo de leitura":"2 minutos"},"schema":{"@context":"https:\/\/schema.org","@graph":[{"@type":"WebPage","@id":"https:\/\/www.saopauloguia.com.br\/prefeitura-de-sp\/contato\/","url":"https:\/\/www.saopauloguia.com.br\/prefeitura-de-sp\/contato\/","name":"Contato Endere\u00e7os e Telefones - Prefeitura Municipal de S\u00e3o Paulo","isPartOf":{"@id":"https:\/\/www.saopauloguia.com.br\/prefeitura-de-sp\/#website"},"primaryImageOfPage":{"@id":"https:\/\/www.saopauloguia.com.br\/prefeitura-de-sp\/contato\/#primaryimage"},"image":{"@id":"https:\/\/www.saopauloguia.com.br\/prefeitura-de-sp\/contato\/#primaryimage"},"thumbnailUrl":"https:\/\/d3m7wa9t7jf9yj.cloudfront.net\/imagems_guias\/zRPG3u5F94RbX56WTFdbGEwX591SN3yO.png","datePublished":"2016-12-23T18:33:50+00:00","dateModified":"2025-10-07T14:31:38+00:00","description":"Endere\u00e7o, Telefone, CNPJ, Site, Mapa, Informa\u00e7\u00f5es e Hor\u00e1rio de Atendimento da Prefeitura Municipal da Cidade de S\u00e3o Paulo.","breadcrumb":{"@id":"https:\/\/www.saopauloguia.com.br\/prefeitura-de-sp\/contato\/#breadcrumb"},"inLanguage":"pt-BR","potentialAction":[{"@type":"ReadAction","target":["https:\/\/www.saopauloguia.com.br\/prefeitura-de-sp\/contato\/"]}]},{"@type":"ImageObject","inLanguage":"pt-BR","@id":"https:\/\/www.saopauloguia.com.br\/prefeitura-de-sp\/contato\/#primaryimage","url":"https:\/\/d3m7wa9t7jf9yj.cloudfront.net\/imagems_guias\/zRPG3u5F94RbX56WTFdbGEwX591SN3yO.png","contentUrl":"https:\/\/d3m7wa9t7jf9yj.cloudfront.net\/imagems_guias\/zRPG3u5F94RbX56WTFdbGEwX591SN3yO.png"},{"@type":"BreadcrumbList","@id":"https:\/\/www.saopauloguia.com.br\/prefeitura-de-sp\/contato\/#breadcrumb","itemListElement":[{"@type":"ListItem","position":1,"name":"In\u00edcio","item":"https:\/\/www.saopauloguia.com.br\/prefeitura-de-sp\/"},{"@type":"ListItem","position":2,"name":"Contato"}]},{"@type":"WebSite","@id":"https:\/\/www.saopauloguia.com.br\/prefeitura-de-sp\/#website","url":"https:\/\/www.saopauloguia.com.br\/prefeitura-de-sp\/","name":"Prefeitura de S\u00e3o Paulo","description":"Prefeitura Municipal de S\u00e3o Paulo","potentialAction":[{"@type":"SearchAction","target":{"@type":"EntryPoint","urlTemplate":"https:\/\/www.saopauloguia.com.br\/prefeitura-de-sp\/?s={search_term_string}"},"query-input":{"@type":"PropertyValueSpecification","valueRequired":true,"valueName":"search_term_string"}}],"inLanguage":"pt-BR"}]}},"_links":{"self":[{"href":"https:\/\/www.saopauloguia.com.br\/prefeitura-de-sp\/wp-json\/wp\/v2\/pages\/22","targetHints":{"allow":["GET"]}}],"collection":[{"href":"https:\/\/www.saopauloguia.com.br\/prefeitura-de-sp\/wp-json\/wp\/v2\/pages"}],"about":[{"href":"https:\/\/www.saopauloguia.com.br\/prefeitura-de-sp\/wp-json\/wp\/v2\/types\/page"}],"author":[{"embeddable":true,"href":"https:\/\/www.saopauloguia.com.br\/prefeitura-de-sp\/wp-json\/wp\/v2\/users\/1"}],"replies":[{"embeddable":true,"href":"https:\/\/www.saopauloguia.com.br\/prefeitura-de-sp\/wp-json\/wp\/v2\/comments?post=22"}],"version-history":[{"count":0,"href":"https:\/\/www.saopauloguia.com.br\/prefeitura-de-sp\/wp-json\/wp\/v2\/pages\/22\/revisions"}],"wp:attachment":[{"href":"https:\/\/www.saopauloguia.com.br\/prefeitura-de-sp\/wp-json\/wp\/v2\/media?parent=22"}],"curies":[{"name":"wp","href":"https:\/\/api.w.org\/{rel}","templated":true}]}}