{"id":259,"date":"2017-01-19T11:41:05","date_gmt":"2017-01-19T13:41:05","guid":{"rendered":"https:\/\/www.saopauloguia.com.br\/prefeitura-de-sp\/?page_id=259"},"modified":"2017-05-25T11:40:48","modified_gmt":"2017-05-25T14:40:48","slug":"concurso-prefeitura-sao-paulo","status":"publish","type":"page","link":"https:\/\/www.saopauloguia.com.br\/prefeitura-de-sp\/concurso-prefeitura-sao-paulo\/","title":{"rendered":"Concurso Prefeitura S\u00e3o Paulo"},"content":{"rendered":"<p><img loading=\"lazy\" decoding=\"async\" class=\"alignleft wp-image-375 size-full\" src=\"https:\/\/www.saopauloguia.com.br\/prefeitura-de-sp\/wp-content\/uploads\/2017\/01\/concurso-prefeitura.jpg\" alt=\"Concurso P\u00fablico da Prefeitura Municipal de S\u00e3o Paulo\" width=\"315\" height=\"237\" srcset=\"https:\/\/www.saopauloguia.com.br\/prefeitura-de-sp\/content-wp\/uploads\/2017\/01\/concurso-prefeitura.jpg 315w, https:\/\/www.saopauloguia.com.br\/prefeitura-de-sp\/content-wp\/uploads\/2017\/01\/concurso-prefeitura-300x226.jpg 300w\" sizes=\"auto, (max-width: 315px) 100vw, 315px\" \/>A Coordenadoria de Gest\u00e3o de Pessoas da Secretaria Municipal de Gest\u00e3o &#8211; SMG, por interm\u00e9dio do Departamento de Gest\u00e3o de Carreiras, realiza os concursos p\u00fablicos da Administra\u00e7\u00e3o Direta da Prefeitura do Munic\u00edpio de S\u00e3o Paulo, exceto os de compet\u00eancia descentralizada, executados por entidades dissociadas da Administra\u00e7\u00e3o contratadas para essa finalidade.<\/p>\n<p>As nomea\u00e7\u00f5es (ingresso de pessoal no servi\u00e7o p\u00fablico municipal) ocorrem por ato do Departamento de Recursos Humanos, de acordo com a necessidade da Administra\u00e7\u00e3o, respeitada a legisla\u00e7\u00e3o vigente, obedecendo rigorosamente a ordem de classifica\u00e7\u00e3o definitiva do concurso.<\/p>\n<p>Os candidatos s\u00e3o informados pelo correio, no endere\u00e7o informado na ficha de inscri\u00e7\u00e3o do concurso p\u00fablico. Contudo, as nomea\u00e7\u00f5es devem ser acompanhadas pelo Di\u00e1rio Oficial da Cidade de S\u00e3o Paulo &#8211; DOC, que tamb\u00e9m pode ser consultado pela internet (veja a edi\u00e7\u00e3o de hoje do DOC).<\/p>\n<p>Havendo necessidade de altera\u00e7\u00e3o de endere\u00e7o, entrar em contato com o Departamento de Recursos Humanos.<\/p>\n<p>Informa\u00e7\u00f5es sobre os concursos da \u00e1rea da sa\u00fade devem ser obtidas junto \u00e0 Secretaria Municipal da Sa\u00fade &#8211; SMS pelos telefones 3397-2039 e 3397-2041 ou pelo e-mail crhingresso@prefeitura.sp.gov.br.<\/p>\n<p>Informa\u00e7\u00f5es sobre os concursos de Procurador do Munic\u00edpio I, ap\u00f3s a homologa\u00e7\u00e3o, devem ser obtidas junto \u00e0 Procuradoria Geral do Munic\u00edpio &#8211; PGM, pelos telefones 3396-1665 ou 3396-1666 ou pelo e-mail pgmgab@prefeitura.sp.gov.br.<\/p>\n<p>Informa\u00e7\u00f5es sobre os concursos da \u00c1rea de Educa\u00e7\u00e3o devem ser obtidas na Coordenadoria de Gest\u00e3o de Pessoas da Secretaria Municipal de Educa\u00e7\u00e3o \u2013 SME pelo telefone 3158-3515 ou via e-mail smecogep@prefeitura.sp.gov.br.<\/p>\n<p>Informa\u00e7\u00f5es sobre os concursos da Guarda Civil Metropolitana devem ser obtidas na Secretarial Municipal de Seguran\u00e7a Urbana &#8211; SMSU, pelo telefone 3124-5100.<\/p>\n<p><strong>Legisla\u00e7\u00e3o de refer\u00eancia:<\/strong><\/p>\n<p>Lei 8.989\/1979 &#8211; Estatuto dos Funcion\u00e1rios P\u00fablicos do Munic\u00edpio de S\u00e3o Paulo<br \/>\nLei n\u00ba 10.430\/1988 \u2013 compet\u00eancia SMG<br \/>\nLei 13.758\/2004 &#8211; normas gerais para a realiza\u00e7\u00e3o dos concursos p\u00fablicos<br \/>\nLei 13.678\/2004 &#8211; compet\u00eancias de SMSU\/GCM<br \/>\nDecreto 30.074\/1991 &#8211; compet\u00eancias de SMS<br \/>\nDecreto 54.795\/2014 &#8211; compet\u00eancias de SNJ\/PGM<br \/>\nDecreto 56.124\/2015 &#8211; compet\u00eancias de SME<\/p>\n<p><strong>Observa\u00e7\u00f5es:<\/strong><\/p>\n<p>As nomea\u00e7\u00f5es dos candidatos aprovados em concurso (de acordo com as demandas de servi\u00e7o da PMSP) somente ocorrer\u00e3o ap\u00f3s autoriza\u00e7\u00e3o do Sr. Prefeito, que analisar\u00e1 as solicita\u00e7\u00f5es encaminhadas pelas Secretarias Municipais, sendo publicadas no Di\u00e1rio Oficial da Cidade de S\u00e3o Paulo &#8211; DOC por ato do DERH, em car\u00e1ter oficial, sendo necess\u00e1ria, tamb\u00e9m, a verifica\u00e7\u00e3o de disponibilidade or\u00e7ament\u00e1ria.<\/p>\n<p>Informa\u00e7\u00f5es sobre concursos encerrados ou que n\u00e3o constem dos quadros abaixo poder\u00e3o ser obtidas junto ao Departamento de Recursos Humanos &#8211; DERH.<\/p>\n<p><strong>Processos Seletivos:<\/strong><\/p>\n<p>Al\u00e9m dos concursos p\u00fablicos organizados nos \u00e2mbitos de SMG, SMS, SME e SMSU, a Prefeitura realiza as contrata\u00e7\u00f5es por tempo determinado para atendimento do excepcional interesse p\u00fablico, de forma descentralizada, no \u00e2mbito de cada Secretaria ou Subprefeitura, sendo de responsabilidade das mesmas gerir o processo seletivo.<\/p>\n<p>Clique no link abaixo para acompanhar o andamento e obter maiores informa\u00e7\u00f5es sobre vagas, cronogramas e outras especificidades dos concursos p\u00fablicos e processos seletivos que est\u00e3o ocorrendo na Prefeitura do Munic\u00edpio de S\u00e3o Paulo:<\/p>\n<p>ACESSE: <a class=\"popup\" href=\"http:\/\/www.prefeitura.sp.gov.br\/cidade\/secretarias\/gestao\/portal_do_servidor\/index.php?p=26317\" data-height=\"800\" data-width=\"900\" data-scrollbars=\"0\">Clique Aqui (ser\u00e1 aberto em nova janela)<\/a><\/p>\n","protected":false},"excerpt":{"rendered":"<p>A Coordenadoria de Gest\u00e3o de Pessoas da Secretaria Municipal de Gest\u00e3o &#8211; SMG, por interm\u00e9dio do Departamento de Gest\u00e3o de Carreiras, realiza os concursos p\u00fablicos da Administra\u00e7\u00e3o Direta da Prefeitura do Munic\u00edpio de S\u00e3o Paulo, exceto os de compet\u00eancia descentralizada, executados por entidades dissociadas da Administra\u00e7\u00e3o contratadas para essa finalidade. As nomea\u00e7\u00f5es (ingresso de pessoal [&hellip;]<\/p>\n","protected":false},"author":1,"featured_media":0,"parent":0,"menu_order":0,"comment_status":"closed","ping_status":"closed","template":"","meta":{"footnotes":""},"class_list":["post-259","page","type-page","status-publish","hentry"],"yoast_head":"<!-- This site is optimized with the Yoast SEO plugin v26.0 - https:\/\/yoast.com\/wordpress\/plugins\/seo\/ -->\n<title>Concursos Informa\u00e7\u00f5es e Vagas - Prefeitura de S\u00e3o Paulo<\/title>\n<meta name=\"description\" content=\"Confira informa\u00e7\u00f5es sobre a abertura de concursos, resultados e aprova\u00e7\u00f5es nos concursos p\u00fablicos da Prefeitura Municipal de S\u00e3o Paulo\" \/>\n<meta name=\"robots\" content=\"index, follow, max-snippet:-1, max-image-preview:large, max-video-preview:-1\" \/>\n<link rel=\"canonical\" href=\"https:\/\/www.saopauloguia.com.br\/prefeitura-de-sp\/concurso-prefeitura-sao-paulo\/\" \/>\n<meta property=\"og:locale\" content=\"pt_BR\" \/>\n<meta property=\"og:type\" content=\"article\" \/>\n<meta property=\"og:title\" content=\"Concursos Informa\u00e7\u00f5es e Vagas - Prefeitura de S\u00e3o Paulo\" \/>\n<meta property=\"og:description\" content=\"Confira informa\u00e7\u00f5es sobre a abertura de concursos, resultados e aprova\u00e7\u00f5es nos concursos p\u00fablicos da Prefeitura Municipal de S\u00e3o Paulo\" \/>\n<meta property=\"og:url\" content=\"https:\/\/www.saopauloguia.com.br\/prefeitura-de-sp\/concurso-prefeitura-sao-paulo\/\" \/>\n<meta property=\"og:site_name\" content=\"Prefeitura de S\u00e3o Paulo\" \/>\n<meta property=\"article:modified_time\" content=\"2017-05-25T14:40:48+00:00\" \/>\n<meta property=\"og:image\" content=\"https:\/\/www.saopauloguia.com.br\/prefeitura-de-sp\/wp-content\/uploads\/2017\/01\/concurso-prefeitura.jpg\" \/>\n<meta name=\"twitter:card\" content=\"summary_large_image\" \/>\n<meta name=\"twitter:label1\" content=\"Est. tempo de leitura\" \/>\n\t<meta name=\"twitter:data1\" content=\"3 minutos\" \/>\n<script type=\"application\/ld+json\" class=\"yoast-schema-graph\">{\"@context\":\"https:\/\/schema.org\",\"@graph\":[{\"@type\":\"WebPage\",\"@id\":\"https:\/\/www.saopauloguia.com.br\/prefeitura-de-sp\/concurso-prefeitura-sao-paulo\/\",\"url\":\"https:\/\/www.saopauloguia.com.br\/prefeitura-de-sp\/concurso-prefeitura-sao-paulo\/\",\"name\":\"Concursos Informa\u00e7\u00f5es e Vagas - Prefeitura de S\u00e3o Paulo\",\"isPartOf\":{\"@id\":\"https:\/\/www.saopauloguia.com.br\/prefeitura-de-sp\/#website\"},\"primaryImageOfPage\":{\"@id\":\"https:\/\/www.saopauloguia.com.br\/prefeitura-de-sp\/concurso-prefeitura-sao-paulo\/#primaryimage\"},\"image\":{\"@id\":\"https:\/\/www.saopauloguia.com.br\/prefeitura-de-sp\/concurso-prefeitura-sao-paulo\/#primaryimage\"},\"thumbnailUrl\":\"https:\/\/www.saopauloguia.com.br\/prefeitura-de-sp\/wp-content\/uploads\/2017\/01\/concurso-prefeitura.jpg\",\"datePublished\":\"2017-01-19T13:41:05+00:00\",\"dateModified\":\"2017-05-25T14:40:48+00:00\",\"description\":\"Confira informa\u00e7\u00f5es sobre a abertura de concursos, resultados e aprova\u00e7\u00f5es nos concursos p\u00fablicos da Prefeitura Municipal de S\u00e3o Paulo\",\"breadcrumb\":{\"@id\":\"https:\/\/www.saopauloguia.com.br\/prefeitura-de-sp\/concurso-prefeitura-sao-paulo\/#breadcrumb\"},\"inLanguage\":\"pt-BR\",\"potentialAction\":[{\"@type\":\"ReadAction\",\"target\":[\"https:\/\/www.saopauloguia.com.br\/prefeitura-de-sp\/concurso-prefeitura-sao-paulo\/\"]}]},{\"@type\":\"ImageObject\",\"inLanguage\":\"pt-BR\",\"@id\":\"https:\/\/www.saopauloguia.com.br\/prefeitura-de-sp\/concurso-prefeitura-sao-paulo\/#primaryimage\",\"url\":\"https:\/\/www.saopauloguia.com.br\/prefeitura-de-sp\/content-wp\/uploads\/2017\/01\/concurso-prefeitura.jpg\",\"contentUrl\":\"https:\/\/www.saopauloguia.com.br\/prefeitura-de-sp\/content-wp\/uploads\/2017\/01\/concurso-prefeitura.jpg\",\"width\":315,\"height\":237},{\"@type\":\"BreadcrumbList\",\"@id\":\"https:\/\/www.saopauloguia.com.br\/prefeitura-de-sp\/concurso-prefeitura-sao-paulo\/#breadcrumb\",\"itemListElement\":[{\"@type\":\"ListItem\",\"position\":1,\"name\":\"In\u00edcio\",\"item\":\"https:\/\/www.saopauloguia.com.br\/prefeitura-de-sp\/\"},{\"@type\":\"ListItem\",\"position\":2,\"name\":\"Concurso Prefeitura S\u00e3o Paulo\"}]},{\"@type\":\"WebSite\",\"@id\":\"https:\/\/www.saopauloguia.com.br\/prefeitura-de-sp\/#website\",\"url\":\"https:\/\/www.saopauloguia.com.br\/prefeitura-de-sp\/\",\"name\":\"Prefeitura de S\u00e3o Paulo\",\"description\":\"Prefeitura Municipal de S\u00e3o Paulo\",\"potentialAction\":[{\"@type\":\"SearchAction\",\"target\":{\"@type\":\"EntryPoint\",\"urlTemplate\":\"https:\/\/www.saopauloguia.com.br\/prefeitura-de-sp\/?s={search_term_string}\"},\"query-input\":{\"@type\":\"PropertyValueSpecification\",\"valueRequired\":true,\"valueName\":\"search_term_string\"}}],\"inLanguage\":\"pt-BR\"}]}<\/script>\n<!-- \/ Yoast SEO plugin. -->","yoast_head_json":{"title":"Concursos Informa\u00e7\u00f5es e Vagas - Prefeitura de S\u00e3o Paulo","description":"Confira informa\u00e7\u00f5es sobre a abertura de concursos, resultados e aprova\u00e7\u00f5es nos concursos p\u00fablicos da Prefeitura Municipal de S\u00e3o Paulo","robots":{"index":"index","follow":"follow","max-snippet":"max-snippet:-1","max-image-preview":"max-image-preview:large","max-video-preview":"max-video-preview:-1"},"canonical":"https:\/\/www.saopauloguia.com.br\/prefeitura-de-sp\/concurso-prefeitura-sao-paulo\/","og_locale":"pt_BR","og_type":"article","og_title":"Concursos Informa\u00e7\u00f5es e Vagas - Prefeitura de S\u00e3o Paulo","og_description":"Confira informa\u00e7\u00f5es sobre a abertura de concursos, resultados e aprova\u00e7\u00f5es nos concursos p\u00fablicos da Prefeitura Municipal de S\u00e3o Paulo","og_url":"https:\/\/www.saopauloguia.com.br\/prefeitura-de-sp\/concurso-prefeitura-sao-paulo\/","og_site_name":"Prefeitura de S\u00e3o Paulo","article_modified_time":"2017-05-25T14:40:48+00:00","og_image":[{"url":"https:\/\/www.saopauloguia.com.br\/prefeitura-de-sp\/wp-content\/uploads\/2017\/01\/concurso-prefeitura.jpg","type":"","width":"","height":""}],"twitter_card":"summary_large_image","twitter_misc":{"Est. tempo de leitura":"3 minutos"},"schema":{"@context":"https:\/\/schema.org","@graph":[{"@type":"WebPage","@id":"https:\/\/www.saopauloguia.com.br\/prefeitura-de-sp\/concurso-prefeitura-sao-paulo\/","url":"https:\/\/www.saopauloguia.com.br\/prefeitura-de-sp\/concurso-prefeitura-sao-paulo\/","name":"Concursos Informa\u00e7\u00f5es e Vagas - Prefeitura de S\u00e3o Paulo","isPartOf":{"@id":"https:\/\/www.saopauloguia.com.br\/prefeitura-de-sp\/#website"},"primaryImageOfPage":{"@id":"https:\/\/www.saopauloguia.com.br\/prefeitura-de-sp\/concurso-prefeitura-sao-paulo\/#primaryimage"},"image":{"@id":"https:\/\/www.saopauloguia.com.br\/prefeitura-de-sp\/concurso-prefeitura-sao-paulo\/#primaryimage"},"thumbnailUrl":"https:\/\/www.saopauloguia.com.br\/prefeitura-de-sp\/wp-content\/uploads\/2017\/01\/concurso-prefeitura.jpg","datePublished":"2017-01-19T13:41:05+00:00","dateModified":"2017-05-25T14:40:48+00:00","description":"Confira informa\u00e7\u00f5es sobre a abertura de concursos, resultados e aprova\u00e7\u00f5es nos concursos p\u00fablicos da Prefeitura Municipal de S\u00e3o Paulo","breadcrumb":{"@id":"https:\/\/www.saopauloguia.com.br\/prefeitura-de-sp\/concurso-prefeitura-sao-paulo\/#breadcrumb"},"inLanguage":"pt-BR","potentialAction":[{"@type":"ReadAction","target":["https:\/\/www.saopauloguia.com.br\/prefeitura-de-sp\/concurso-prefeitura-sao-paulo\/"]}]},{"@type":"ImageObject","inLanguage":"pt-BR","@id":"https:\/\/www.saopauloguia.com.br\/prefeitura-de-sp\/concurso-prefeitura-sao-paulo\/#primaryimage","url":"https:\/\/www.saopauloguia.com.br\/prefeitura-de-sp\/content-wp\/uploads\/2017\/01\/concurso-prefeitura.jpg","contentUrl":"https:\/\/www.saopauloguia.com.br\/prefeitura-de-sp\/content-wp\/uploads\/2017\/01\/concurso-prefeitura.jpg","width":315,"height":237},{"@type":"BreadcrumbList","@id":"https:\/\/www.saopauloguia.com.br\/prefeitura-de-sp\/concurso-prefeitura-sao-paulo\/#breadcrumb","itemListElement":[{"@type":"ListItem","position":1,"name":"In\u00edcio","item":"https:\/\/www.saopauloguia.com.br\/prefeitura-de-sp\/"},{"@type":"ListItem","position":2,"name":"Concurso Prefeitura S\u00e3o Paulo"}]},{"@type":"WebSite","@id":"https:\/\/www.saopauloguia.com.br\/prefeitura-de-sp\/#website","url":"https:\/\/www.saopauloguia.com.br\/prefeitura-de-sp\/","name":"Prefeitura de S\u00e3o Paulo","description":"Prefeitura Municipal de S\u00e3o Paulo","potentialAction":[{"@type":"SearchAction","target":{"@type":"EntryPoint","urlTemplate":"https:\/\/www.saopauloguia.com.br\/prefeitura-de-sp\/?s={search_term_string}"},"query-input":{"@type":"PropertyValueSpecification","valueRequired":true,"valueName":"search_term_string"}}],"inLanguage":"pt-BR"}]}},"_links":{"self":[{"href":"https:\/\/www.saopauloguia.com.br\/prefeitura-de-sp\/wp-json\/wp\/v2\/pages\/259","targetHints":{"allow":["GET"]}}],"collection":[{"href":"https:\/\/www.saopauloguia.com.br\/prefeitura-de-sp\/wp-json\/wp\/v2\/pages"}],"about":[{"href":"https:\/\/www.saopauloguia.com.br\/prefeitura-de-sp\/wp-json\/wp\/v2\/types\/page"}],"author":[{"embeddable":true,"href":"https:\/\/www.saopauloguia.com.br\/prefeitura-de-sp\/wp-json\/wp\/v2\/users\/1"}],"replies":[{"embeddable":true,"href":"https:\/\/www.saopauloguia.com.br\/prefeitura-de-sp\/wp-json\/wp\/v2\/comments?post=259"}],"version-history":[{"count":0,"href":"https:\/\/www.saopauloguia.com.br\/prefeitura-de-sp\/wp-json\/wp\/v2\/pages\/259\/revisions"}],"wp:attachment":[{"href":"https:\/\/www.saopauloguia.com.br\/prefeitura-de-sp\/wp-json\/wp\/v2\/media?parent=259"}],"curies":[{"name":"wp","href":"https:\/\/api.w.org\/{rel}","templated":true}]}}