{"id":291,"date":"2017-01-19T14:16:11","date_gmt":"2017-01-19T16:16:11","guid":{"rendered":"https:\/\/www.saopauloguia.com.br\/prefeitura-de-sp\/?page_id=291"},"modified":"2017-05-25T11:42:59","modified_gmt":"2017-05-25T14:42:59","slug":"diario-oficial-prefeitura-sao-paulo","status":"publish","type":"page","link":"https:\/\/www.saopauloguia.com.br\/prefeitura-de-sp\/diario-oficial-prefeitura-sao-paulo\/","title":{"rendered":"Di\u00e1rio Oficial Prefeitura S\u00e3o Paulo"},"content":{"rendered":"<p><img loading=\"lazy\" decoding=\"async\" class=\"alignleft wp-image-574\" src=\"https:\/\/www.saopauloguia.com.br\/prefeitura-de-sp\/wp-content\/uploads\/2017\/01\/331017_10150365555549077_672969076_8603090_471562908_o.jpg\" alt=\"\" width=\"350\" height=\"548\" srcset=\"https:\/\/www.saopauloguia.com.br\/prefeitura-de-sp\/content-wp\/uploads\/2017\/01\/331017_10150365555549077_672969076_8603090_471562908_o.jpg 1308w, https:\/\/www.saopauloguia.com.br\/prefeitura-de-sp\/content-wp\/uploads\/2017\/01\/331017_10150365555549077_672969076_8603090_471562908_o-192x300.jpg 192w, https:\/\/www.saopauloguia.com.br\/prefeitura-de-sp\/content-wp\/uploads\/2017\/01\/331017_10150365555549077_672969076_8603090_471562908_o-768x1202.jpg 768w, https:\/\/www.saopauloguia.com.br\/prefeitura-de-sp\/content-wp\/uploads\/2017\/01\/331017_10150365555549077_672969076_8603090_471562908_o-654x1024.jpg 654w\" sizes=\"auto, (max-width: 350px) 100vw, 350px\" \/>A Secretaria Municipal de Gest\u00e3o \u00e9 o \u00f3rg\u00e3o respons\u00e1vel pela publica\u00e7\u00e3o dos atos administrativos da Administra\u00e7\u00e3o P\u00fablica Municipal direta e indireta, da C\u00e2mara Municipal e do Tribunal de Contas do Munic\u00edpio;<\/p>\n<p>O <a href=\"https:\/\/www.saopauloguia.com.br\/prefeitura-de-sp\/diario-oficial-prefeitura-sao-paulo\/\">Di\u00e1rio Oficial da Prefeitura de S\u00e3o Paulo<\/a> publica diariamente os atos oficiais no \u00e2mbito do governo municipal, tais como leis, decretos, portarias, editais de licita\u00e7\u00e3o, nomea\u00e7\u00f5es e exonera\u00e7\u00f5es dentre outros.<\/p>\n<p>O jornal \u00e9 dividido em oito se\u00e7\u00f5es: Gabinete do Prefeito, Secretarias, Servidores, Concursos, Editais, Licita\u00e7\u00f5es, C\u00e2mara Municipal e Tribunal de Contas.<\/p>\n<h3>D.O Online Prefeitura de S\u00e3o Paulo?<\/h3>\n<p>Todos os dias, o conte\u00fado do <strong>Di\u00e1rio Oficial da Cidade de S\u00e3o Paulo<\/strong> \u00e9 publicado integralmente no DO.online. S\u00e3o milh\u00f5es de p\u00e1ginas publicadas, com arquivos desde 2 de dezembro de 1975.<\/p>\n<p>O DO.online faz mais do que facilitar o acesso \u00e0 informa\u00e7\u00e3o, ele garante a confiabilidade e autenticidade do documento consultado, possibilitando o uso da Certifica\u00e7\u00e3o Digital.<\/p>\n<h3>Qual a estrutura de publica\u00e7\u00e3o das mat\u00e9rias no jornal?<\/h3>\n<div class=\"divResposta\">\n<p>O D.O.C \u00e9 dividido em 7 se\u00e7\u00f5es:<\/p>\n<p><span class=\"AjudaItens\">a-) <\/span>DESPACHOS: onde s\u00e3o publicadas as mat\u00e9rias com decis\u00f5es das autoridades municipais. Ex.: decis\u00f5es em processos, autoriza\u00e7\u00f5es, contratos.<\/p>\n<p><span class=\"AjudaItens\">b-) <\/span>SERVIDORES: onde s\u00e3o publicadas as mat\u00e9rias referentes a vida funcional dos servidores. Ex.: exonera\u00e7\u00f5es, nomea\u00e7\u00f5es, designa\u00e7\u00f5es, licen\u00e7as m\u00e9dicas, cursos, contagem de tempo, aposentadoria, f\u00e9rias, etc.<\/p>\n<p><span class=\"AjudaItens\">c-) <\/span>CONCURSOS: onde s\u00e3o publicadas as mat\u00e9rias referentes a concursos p\u00fablicos. Por ex.: rela\u00e7\u00e3o de inscritos, local de provas, gabaritos de provas, classifica\u00e7\u00e3o dos candidatos, etc.<\/p>\n<p><span class=\"AjudaItens\">d-) <\/span>EDITAIS: onde s\u00e3o publicadas as mat\u00e9rias de conte\u00fado informativo. Por ex.: convoca\u00e7\u00e3o de mun\u00edcipe, demonstrativo de despesas, rela\u00e7\u00e3o de cargos e sal\u00e1rios, balancetes, etc.<\/p>\n<p><span class=\"AjudaItens\">e-) <\/span>LICITA\u00c7\u00d5ES: onde s\u00e3o publicadas as mat\u00e9rias sobre certames licitat\u00f3rios. Por ex.: edital de abertura de convite, de concorr\u00eancia p\u00fablica, de tomada de pre\u00e7os, ata de registro de pre\u00e7os, ata de abertura do certame licitat\u00f3rio, classifica\u00e7\u00e3o dos participantes, adjudica\u00e7\u00e3o do objeto, homologa\u00e7\u00e3o do resultado, etc.<\/p>\n<p><span class=\"AjudaItens\">g-) <\/span>C\u00c2MARA MUNICIPAL: onde s\u00e3o publicados todos os atos da C\u00e2mara Municipal de S\u00e3o Paulo, exceto mat\u00e9rias sobre licita\u00e7\u00f5es.<\/p>\n<p><span class=\"AjudaItens\">h-) <\/span>TRIBUNAL DE CONTAS: onde s\u00e3o publicados todos os atos do Tribunal de Contas do Munic\u00edpio de S\u00e3o Paulo, exceto as mat\u00e9rias sobre licita\u00e7\u00f5es.<\/p>\n<\/div>\n<h3>Como saber sobre o andamento de um determinado processo?<\/h3>\n<p>O n\u00famero do processo administrativo \u00e9 informado no ato da autua\u00e7\u00e3o do requerimento entregue nas Unidades Municipais. Os despachos s\u00e3o publicados na se\u00e7\u00e3o Secretarias e os avisos de Comunique-se na se\u00e7\u00e3o Editais do jornal.<\/p>\n","protected":false},"excerpt":{"rendered":"<p>A Secretaria Municipal de Gest\u00e3o \u00e9 o \u00f3rg\u00e3o respons\u00e1vel pela publica\u00e7\u00e3o dos atos administrativos da Administra\u00e7\u00e3o P\u00fablica Municipal direta e indireta, da C\u00e2mara Municipal e do Tribunal de Contas do Munic\u00edpio; O Di\u00e1rio Oficial da Prefeitura de S\u00e3o Paulo publica diariamente os atos oficiais no \u00e2mbito do governo municipal, tais como leis, decretos, portarias, editais [&hellip;]<\/p>\n","protected":false},"author":1,"featured_media":0,"parent":0,"menu_order":0,"comment_status":"closed","ping_status":"closed","template":"","meta":{"footnotes":""},"class_list":["post-291","page","type-page","status-publish","hentry"],"yoast_head":"<!-- This site is optimized with the Yoast SEO plugin v26.0 - https:\/\/yoast.com\/wordpress\/plugins\/seo\/ -->\n<title>Di\u00e1rio Oficial - Prefeitura Municipal de S\u00e3o Paulo - SP<\/title>\n<meta name=\"description\" content=\"Confira informa\u00e7\u00f5es sobre o Di\u00e1rio Oficial da Prefeitura Municipal de S\u00e3o Paulo, que divulga leis, decretos, portarias, editais dentre outros.\" \/>\n<meta name=\"robots\" content=\"index, follow, max-snippet:-1, max-image-preview:large, max-video-preview:-1\" \/>\n<link rel=\"canonical\" href=\"https:\/\/www.saopauloguia.com.br\/prefeitura-de-sp\/diario-oficial-prefeitura-sao-paulo\/\" \/>\n<meta property=\"og:locale\" content=\"pt_BR\" \/>\n<meta property=\"og:type\" content=\"article\" \/>\n<meta property=\"og:title\" content=\"Di\u00e1rio Oficial - Prefeitura Municipal de S\u00e3o Paulo - SP\" \/>\n<meta property=\"og:description\" content=\"Confira informa\u00e7\u00f5es sobre o Di\u00e1rio Oficial da Prefeitura Municipal de S\u00e3o Paulo, que divulga leis, decretos, portarias, editais dentre outros.\" \/>\n<meta property=\"og:url\" content=\"https:\/\/www.saopauloguia.com.br\/prefeitura-de-sp\/diario-oficial-prefeitura-sao-paulo\/\" \/>\n<meta property=\"og:site_name\" content=\"Prefeitura de S\u00e3o Paulo\" \/>\n<meta property=\"article:modified_time\" content=\"2017-05-25T14:42:59+00:00\" \/>\n<meta property=\"og:image\" content=\"https:\/\/www.saopauloguia.com.br\/prefeitura-de-sp\/wp-content\/uploads\/2017\/01\/331017_10150365555549077_672969076_8603090_471562908_o.jpg\" \/>\n<meta name=\"twitter:card\" content=\"summary_large_image\" \/>\n<meta name=\"twitter:label1\" content=\"Est. tempo de leitura\" \/>\n\t<meta name=\"twitter:data1\" content=\"2 minutos\" \/>\n<script type=\"application\/ld+json\" class=\"yoast-schema-graph\">{\"@context\":\"https:\/\/schema.org\",\"@graph\":[{\"@type\":\"WebPage\",\"@id\":\"https:\/\/www.saopauloguia.com.br\/prefeitura-de-sp\/diario-oficial-prefeitura-sao-paulo\/\",\"url\":\"https:\/\/www.saopauloguia.com.br\/prefeitura-de-sp\/diario-oficial-prefeitura-sao-paulo\/\",\"name\":\"Di\u00e1rio Oficial - Prefeitura Municipal de S\u00e3o Paulo - SP\",\"isPartOf\":{\"@id\":\"https:\/\/www.saopauloguia.com.br\/prefeitura-de-sp\/#website\"},\"primaryImageOfPage\":{\"@id\":\"https:\/\/www.saopauloguia.com.br\/prefeitura-de-sp\/diario-oficial-prefeitura-sao-paulo\/#primaryimage\"},\"image\":{\"@id\":\"https:\/\/www.saopauloguia.com.br\/prefeitura-de-sp\/diario-oficial-prefeitura-sao-paulo\/#primaryimage\"},\"thumbnailUrl\":\"https:\/\/www.saopauloguia.com.br\/prefeitura-de-sp\/wp-content\/uploads\/2017\/01\/331017_10150365555549077_672969076_8603090_471562908_o.jpg\",\"datePublished\":\"2017-01-19T16:16:11+00:00\",\"dateModified\":\"2017-05-25T14:42:59+00:00\",\"description\":\"Confira informa\u00e7\u00f5es sobre o Di\u00e1rio Oficial da Prefeitura Municipal de S\u00e3o Paulo, que divulga leis, decretos, portarias, editais dentre outros.\",\"breadcrumb\":{\"@id\":\"https:\/\/www.saopauloguia.com.br\/prefeitura-de-sp\/diario-oficial-prefeitura-sao-paulo\/#breadcrumb\"},\"inLanguage\":\"pt-BR\",\"potentialAction\":[{\"@type\":\"ReadAction\",\"target\":[\"https:\/\/www.saopauloguia.com.br\/prefeitura-de-sp\/diario-oficial-prefeitura-sao-paulo\/\"]}]},{\"@type\":\"ImageObject\",\"inLanguage\":\"pt-BR\",\"@id\":\"https:\/\/www.saopauloguia.com.br\/prefeitura-de-sp\/diario-oficial-prefeitura-sao-paulo\/#primaryimage\",\"url\":\"https:\/\/www.saopauloguia.com.br\/prefeitura-de-sp\/content-wp\/uploads\/2017\/01\/331017_10150365555549077_672969076_8603090_471562908_o.jpg\",\"contentUrl\":\"https:\/\/www.saopauloguia.com.br\/prefeitura-de-sp\/content-wp\/uploads\/2017\/01\/331017_10150365555549077_672969076_8603090_471562908_o.jpg\",\"width\":1308,\"height\":2048},{\"@type\":\"BreadcrumbList\",\"@id\":\"https:\/\/www.saopauloguia.com.br\/prefeitura-de-sp\/diario-oficial-prefeitura-sao-paulo\/#breadcrumb\",\"itemListElement\":[{\"@type\":\"ListItem\",\"position\":1,\"name\":\"In\u00edcio\",\"item\":\"https:\/\/www.saopauloguia.com.br\/prefeitura-de-sp\/\"},{\"@type\":\"ListItem\",\"position\":2,\"name\":\"Di\u00e1rio Oficial Prefeitura S\u00e3o Paulo\"}]},{\"@type\":\"WebSite\",\"@id\":\"https:\/\/www.saopauloguia.com.br\/prefeitura-de-sp\/#website\",\"url\":\"https:\/\/www.saopauloguia.com.br\/prefeitura-de-sp\/\",\"name\":\"Prefeitura de S\u00e3o Paulo\",\"description\":\"Prefeitura Municipal de S\u00e3o Paulo\",\"potentialAction\":[{\"@type\":\"SearchAction\",\"target\":{\"@type\":\"EntryPoint\",\"urlTemplate\":\"https:\/\/www.saopauloguia.com.br\/prefeitura-de-sp\/?s={search_term_string}\"},\"query-input\":{\"@type\":\"PropertyValueSpecification\",\"valueRequired\":true,\"valueName\":\"search_term_string\"}}],\"inLanguage\":\"pt-BR\"}]}<\/script>\n<!-- \/ Yoast SEO plugin. -->","yoast_head_json":{"title":"Di\u00e1rio Oficial - Prefeitura Municipal de S\u00e3o Paulo - SP","description":"Confira informa\u00e7\u00f5es sobre o Di\u00e1rio Oficial da Prefeitura Municipal de S\u00e3o Paulo, que divulga leis, decretos, portarias, editais dentre outros.","robots":{"index":"index","follow":"follow","max-snippet":"max-snippet:-1","max-image-preview":"max-image-preview:large","max-video-preview":"max-video-preview:-1"},"canonical":"https:\/\/www.saopauloguia.com.br\/prefeitura-de-sp\/diario-oficial-prefeitura-sao-paulo\/","og_locale":"pt_BR","og_type":"article","og_title":"Di\u00e1rio Oficial - Prefeitura Municipal de S\u00e3o Paulo - SP","og_description":"Confira informa\u00e7\u00f5es sobre o Di\u00e1rio Oficial da Prefeitura Municipal de S\u00e3o Paulo, que divulga leis, decretos, portarias, editais dentre outros.","og_url":"https:\/\/www.saopauloguia.com.br\/prefeitura-de-sp\/diario-oficial-prefeitura-sao-paulo\/","og_site_name":"Prefeitura de S\u00e3o Paulo","article_modified_time":"2017-05-25T14:42:59+00:00","og_image":[{"url":"https:\/\/www.saopauloguia.com.br\/prefeitura-de-sp\/wp-content\/uploads\/2017\/01\/331017_10150365555549077_672969076_8603090_471562908_o.jpg","type":"","width":"","height":""}],"twitter_card":"summary_large_image","twitter_misc":{"Est. tempo de leitura":"2 minutos"},"schema":{"@context":"https:\/\/schema.org","@graph":[{"@type":"WebPage","@id":"https:\/\/www.saopauloguia.com.br\/prefeitura-de-sp\/diario-oficial-prefeitura-sao-paulo\/","url":"https:\/\/www.saopauloguia.com.br\/prefeitura-de-sp\/diario-oficial-prefeitura-sao-paulo\/","name":"Di\u00e1rio Oficial - Prefeitura Municipal de S\u00e3o Paulo - SP","isPartOf":{"@id":"https:\/\/www.saopauloguia.com.br\/prefeitura-de-sp\/#website"},"primaryImageOfPage":{"@id":"https:\/\/www.saopauloguia.com.br\/prefeitura-de-sp\/diario-oficial-prefeitura-sao-paulo\/#primaryimage"},"image":{"@id":"https:\/\/www.saopauloguia.com.br\/prefeitura-de-sp\/diario-oficial-prefeitura-sao-paulo\/#primaryimage"},"thumbnailUrl":"https:\/\/www.saopauloguia.com.br\/prefeitura-de-sp\/wp-content\/uploads\/2017\/01\/331017_10150365555549077_672969076_8603090_471562908_o.jpg","datePublished":"2017-01-19T16:16:11+00:00","dateModified":"2017-05-25T14:42:59+00:00","description":"Confira informa\u00e7\u00f5es sobre o Di\u00e1rio Oficial da Prefeitura Municipal de S\u00e3o Paulo, que divulga leis, decretos, portarias, editais dentre outros.","breadcrumb":{"@id":"https:\/\/www.saopauloguia.com.br\/prefeitura-de-sp\/diario-oficial-prefeitura-sao-paulo\/#breadcrumb"},"inLanguage":"pt-BR","potentialAction":[{"@type":"ReadAction","target":["https:\/\/www.saopauloguia.com.br\/prefeitura-de-sp\/diario-oficial-prefeitura-sao-paulo\/"]}]},{"@type":"ImageObject","inLanguage":"pt-BR","@id":"https:\/\/www.saopauloguia.com.br\/prefeitura-de-sp\/diario-oficial-prefeitura-sao-paulo\/#primaryimage","url":"https:\/\/www.saopauloguia.com.br\/prefeitura-de-sp\/content-wp\/uploads\/2017\/01\/331017_10150365555549077_672969076_8603090_471562908_o.jpg","contentUrl":"https:\/\/www.saopauloguia.com.br\/prefeitura-de-sp\/content-wp\/uploads\/2017\/01\/331017_10150365555549077_672969076_8603090_471562908_o.jpg","width":1308,"height":2048},{"@type":"BreadcrumbList","@id":"https:\/\/www.saopauloguia.com.br\/prefeitura-de-sp\/diario-oficial-prefeitura-sao-paulo\/#breadcrumb","itemListElement":[{"@type":"ListItem","position":1,"name":"In\u00edcio","item":"https:\/\/www.saopauloguia.com.br\/prefeitura-de-sp\/"},{"@type":"ListItem","position":2,"name":"Di\u00e1rio Oficial Prefeitura S\u00e3o Paulo"}]},{"@type":"WebSite","@id":"https:\/\/www.saopauloguia.com.br\/prefeitura-de-sp\/#website","url":"https:\/\/www.saopauloguia.com.br\/prefeitura-de-sp\/","name":"Prefeitura de S\u00e3o Paulo","description":"Prefeitura Municipal de S\u00e3o Paulo","potentialAction":[{"@type":"SearchAction","target":{"@type":"EntryPoint","urlTemplate":"https:\/\/www.saopauloguia.com.br\/prefeitura-de-sp\/?s={search_term_string}"},"query-input":{"@type":"PropertyValueSpecification","valueRequired":true,"valueName":"search_term_string"}}],"inLanguage":"pt-BR"}]}},"_links":{"self":[{"href":"https:\/\/www.saopauloguia.com.br\/prefeitura-de-sp\/wp-json\/wp\/v2\/pages\/291","targetHints":{"allow":["GET"]}}],"collection":[{"href":"https:\/\/www.saopauloguia.com.br\/prefeitura-de-sp\/wp-json\/wp\/v2\/pages"}],"about":[{"href":"https:\/\/www.saopauloguia.com.br\/prefeitura-de-sp\/wp-json\/wp\/v2\/types\/page"}],"author":[{"embeddable":true,"href":"https:\/\/www.saopauloguia.com.br\/prefeitura-de-sp\/wp-json\/wp\/v2\/users\/1"}],"replies":[{"embeddable":true,"href":"https:\/\/www.saopauloguia.com.br\/prefeitura-de-sp\/wp-json\/wp\/v2\/comments?post=291"}],"version-history":[{"count":0,"href":"https:\/\/www.saopauloguia.com.br\/prefeitura-de-sp\/wp-json\/wp\/v2\/pages\/291\/revisions"}],"wp:attachment":[{"href":"https:\/\/www.saopauloguia.com.br\/prefeitura-de-sp\/wp-json\/wp\/v2\/media?parent=291"}],"curies":[{"name":"wp","href":"https:\/\/api.w.org\/{rel}","templated":true}]}}