{"id":301,"date":"2017-01-19T15:12:59","date_gmt":"2017-01-19T17:12:59","guid":{"rendered":"https:\/\/www.saopauloguia.com.br\/prefeitura-de-sp\/?page_id=301"},"modified":"2017-05-17T10:03:11","modified_gmt":"2017-05-17T13:03:11","slug":"cat-sp-centro-de-apoio-ao-trabalhador","status":"publish","type":"page","link":"https:\/\/www.saopauloguia.com.br\/prefeitura-de-sp\/cat-sp-centro-de-apoio-ao-trabalhador\/","title":{"rendered":"CAT SP &#8211; Centro de Apoio ao Trabalhador"},"content":{"rendered":"<h2 class=\"entry-title\">CAT &#8211; CENTRO DE APOIO AO TRABALHADOR<\/h2>\n<p>O <a href=\"https:\/\/www.saopauloguia.com.br\/prefeitura-de-sp\/cat-sp-centro-de-apoio-ao-trabalhador\/\">Centro de Apoio ao Trabalhador (CAT)<\/a> \u00e9 uma grande rede de postos de trabalho da grande S\u00e3o Paulo que possui ag\u00eancias espalhadas por toda a cidade. Al\u00e9m de ajudar o trabalhador que est\u00e1 procurando um emprego, eles tamb\u00e9m facilitam a vida das empresas que est\u00e3o recrutando funcion\u00e1rios, pois re\u00fane em um \u00fanico local milhares de vagas de emprego e trabalhadores que querem uma oportunidade no mercado de trabalho. A cidade de S\u00e3o Paulo \u00e9 muito grande, por isso as vezes \u00e9 dif\u00edcil sair para entrar curr\u00edculo, se voc\u00ea cadastr\u00e1-lo no <strong>CAT-SP<\/strong> as suas chances de conseguir um bom emprego aumentam bastante.<\/p>\n<p>Disponibilizamos para voc\u00ea todos os endere\u00e7os das <a href=\"https:\/\/www.encontrasaopaulo.com.br\/unidades-cat-sp\/\" target=\"_blank\" rel=\"noopener noreferrer\">unidades do CAT existentes em S\u00e3o Paulo<\/a>: <a href=\"https:\/\/www.encontrasaopaulo.com.br\/unidades-cat-sp\/\" target=\"_blank\" rel=\"noopener noreferrer\">Clique Aqui<\/a><\/p>\n","protected":false},"excerpt":{"rendered":"<p>CAT &#8211; CENTRO DE APOIO AO TRABALHADOR O Centro de Apoio ao Trabalhador (CAT) \u00e9 uma grande rede de postos de trabalho da grande S\u00e3o Paulo que possui ag\u00eancias espalhadas por toda a cidade. Al\u00e9m de ajudar o trabalhador que est\u00e1 procurando um emprego, eles tamb\u00e9m facilitam a vida das empresas que est\u00e3o recrutando funcion\u00e1rios, [&hellip;]<\/p>\n","protected":false},"author":1,"featured_media":0,"parent":0,"menu_order":0,"comment_status":"closed","ping_status":"closed","template":"","meta":{"footnotes":""},"class_list":["post-301","page","type-page","status-publish","hentry"],"yoast_head":"<!-- This site is optimized with the Yoast SEO plugin v26.0 - https:\/\/yoast.com\/wordpress\/plugins\/seo\/ -->\n<title>CAT SP (Centro de Apoio ao Trabalhador) Prefeitura Municipal S\u00e3o Paulo<\/title>\n<meta name=\"description\" content=\"O Centro de Apoio ao Trabalhador (CAT) \u00e9 uma grande rede de postos de trabalho que possui ag\u00eancias espalhadas por toda a cidade de S\u00e3o Paulo.\" \/>\n<meta name=\"robots\" content=\"index, follow, max-snippet:-1, max-image-preview:large, max-video-preview:-1\" \/>\n<link rel=\"canonical\" href=\"https:\/\/www.saopauloguia.com.br\/prefeitura-de-sp\/cat-sp-centro-de-apoio-ao-trabalhador\/\" \/>\n<meta property=\"og:locale\" content=\"pt_BR\" \/>\n<meta property=\"og:type\" content=\"article\" \/>\n<meta property=\"og:title\" content=\"CAT SP (Centro de Apoio ao Trabalhador) Prefeitura Municipal S\u00e3o Paulo\" \/>\n<meta property=\"og:description\" content=\"O Centro de Apoio ao Trabalhador (CAT) \u00e9 uma grande rede de postos de trabalho que possui ag\u00eancias espalhadas por toda a cidade de S\u00e3o Paulo.\" \/>\n<meta property=\"og:url\" content=\"https:\/\/www.saopauloguia.com.br\/prefeitura-de-sp\/cat-sp-centro-de-apoio-ao-trabalhador\/\" \/>\n<meta property=\"og:site_name\" content=\"Prefeitura de S\u00e3o Paulo\" \/>\n<meta property=\"article:modified_time\" content=\"2017-05-17T13:03:11+00:00\" \/>\n<meta name=\"twitter:card\" content=\"summary_large_image\" \/>\n<meta name=\"twitter:label1\" content=\"Est. tempo de leitura\" \/>\n\t<meta name=\"twitter:data1\" content=\"1 minuto\" \/>\n<script type=\"application\/ld+json\" class=\"yoast-schema-graph\">{\"@context\":\"https:\/\/schema.org\",\"@graph\":[{\"@type\":\"WebPage\",\"@id\":\"https:\/\/www.saopauloguia.com.br\/prefeitura-de-sp\/cat-sp-centro-de-apoio-ao-trabalhador\/\",\"url\":\"https:\/\/www.saopauloguia.com.br\/prefeitura-de-sp\/cat-sp-centro-de-apoio-ao-trabalhador\/\",\"name\":\"CAT SP (Centro de Apoio ao Trabalhador) Prefeitura Municipal S\u00e3o Paulo\",\"isPartOf\":{\"@id\":\"https:\/\/www.saopauloguia.com.br\/prefeitura-de-sp\/#website\"},\"datePublished\":\"2017-01-19T17:12:59+00:00\",\"dateModified\":\"2017-05-17T13:03:11+00:00\",\"description\":\"O Centro de Apoio ao Trabalhador (CAT) \u00e9 uma grande rede de postos de trabalho que possui ag\u00eancias espalhadas por toda a cidade de S\u00e3o Paulo.\",\"breadcrumb\":{\"@id\":\"https:\/\/www.saopauloguia.com.br\/prefeitura-de-sp\/cat-sp-centro-de-apoio-ao-trabalhador\/#breadcrumb\"},\"inLanguage\":\"pt-BR\",\"potentialAction\":[{\"@type\":\"ReadAction\",\"target\":[\"https:\/\/www.saopauloguia.com.br\/prefeitura-de-sp\/cat-sp-centro-de-apoio-ao-trabalhador\/\"]}]},{\"@type\":\"BreadcrumbList\",\"@id\":\"https:\/\/www.saopauloguia.com.br\/prefeitura-de-sp\/cat-sp-centro-de-apoio-ao-trabalhador\/#breadcrumb\",\"itemListElement\":[{\"@type\":\"ListItem\",\"position\":1,\"name\":\"In\u00edcio\",\"item\":\"https:\/\/www.saopauloguia.com.br\/prefeitura-de-sp\/\"},{\"@type\":\"ListItem\",\"position\":2,\"name\":\"CAT SP &#8211; Centro de Apoio ao Trabalhador\"}]},{\"@type\":\"WebSite\",\"@id\":\"https:\/\/www.saopauloguia.com.br\/prefeitura-de-sp\/#website\",\"url\":\"https:\/\/www.saopauloguia.com.br\/prefeitura-de-sp\/\",\"name\":\"Prefeitura de S\u00e3o Paulo\",\"description\":\"Prefeitura Municipal de S\u00e3o Paulo\",\"potentialAction\":[{\"@type\":\"SearchAction\",\"target\":{\"@type\":\"EntryPoint\",\"urlTemplate\":\"https:\/\/www.saopauloguia.com.br\/prefeitura-de-sp\/?s={search_term_string}\"},\"query-input\":{\"@type\":\"PropertyValueSpecification\",\"valueRequired\":true,\"valueName\":\"search_term_string\"}}],\"inLanguage\":\"pt-BR\"}]}<\/script>\n<!-- \/ Yoast SEO plugin. -->","yoast_head_json":{"title":"CAT SP (Centro de Apoio ao Trabalhador) Prefeitura Municipal S\u00e3o Paulo","description":"O Centro de Apoio ao Trabalhador (CAT) \u00e9 uma grande rede de postos de trabalho que possui ag\u00eancias espalhadas por toda a cidade de S\u00e3o Paulo.","robots":{"index":"index","follow":"follow","max-snippet":"max-snippet:-1","max-image-preview":"max-image-preview:large","max-video-preview":"max-video-preview:-1"},"canonical":"https:\/\/www.saopauloguia.com.br\/prefeitura-de-sp\/cat-sp-centro-de-apoio-ao-trabalhador\/","og_locale":"pt_BR","og_type":"article","og_title":"CAT SP (Centro de Apoio ao Trabalhador) Prefeitura Municipal S\u00e3o Paulo","og_description":"O Centro de Apoio ao Trabalhador (CAT) \u00e9 uma grande rede de postos de trabalho que possui ag\u00eancias espalhadas por toda a cidade de S\u00e3o Paulo.","og_url":"https:\/\/www.saopauloguia.com.br\/prefeitura-de-sp\/cat-sp-centro-de-apoio-ao-trabalhador\/","og_site_name":"Prefeitura de S\u00e3o Paulo","article_modified_time":"2017-05-17T13:03:11+00:00","twitter_card":"summary_large_image","twitter_misc":{"Est. tempo de leitura":"1 minuto"},"schema":{"@context":"https:\/\/schema.org","@graph":[{"@type":"WebPage","@id":"https:\/\/www.saopauloguia.com.br\/prefeitura-de-sp\/cat-sp-centro-de-apoio-ao-trabalhador\/","url":"https:\/\/www.saopauloguia.com.br\/prefeitura-de-sp\/cat-sp-centro-de-apoio-ao-trabalhador\/","name":"CAT SP (Centro de Apoio ao Trabalhador) Prefeitura Municipal S\u00e3o Paulo","isPartOf":{"@id":"https:\/\/www.saopauloguia.com.br\/prefeitura-de-sp\/#website"},"datePublished":"2017-01-19T17:12:59+00:00","dateModified":"2017-05-17T13:03:11+00:00","description":"O Centro de Apoio ao Trabalhador (CAT) \u00e9 uma grande rede de postos de trabalho que possui ag\u00eancias espalhadas por toda a cidade de S\u00e3o Paulo.","breadcrumb":{"@id":"https:\/\/www.saopauloguia.com.br\/prefeitura-de-sp\/cat-sp-centro-de-apoio-ao-trabalhador\/#breadcrumb"},"inLanguage":"pt-BR","potentialAction":[{"@type":"ReadAction","target":["https:\/\/www.saopauloguia.com.br\/prefeitura-de-sp\/cat-sp-centro-de-apoio-ao-trabalhador\/"]}]},{"@type":"BreadcrumbList","@id":"https:\/\/www.saopauloguia.com.br\/prefeitura-de-sp\/cat-sp-centro-de-apoio-ao-trabalhador\/#breadcrumb","itemListElement":[{"@type":"ListItem","position":1,"name":"In\u00edcio","item":"https:\/\/www.saopauloguia.com.br\/prefeitura-de-sp\/"},{"@type":"ListItem","position":2,"name":"CAT SP &#8211; Centro de Apoio ao Trabalhador"}]},{"@type":"WebSite","@id":"https:\/\/www.saopauloguia.com.br\/prefeitura-de-sp\/#website","url":"https:\/\/www.saopauloguia.com.br\/prefeitura-de-sp\/","name":"Prefeitura de S\u00e3o Paulo","description":"Prefeitura Municipal de S\u00e3o Paulo","potentialAction":[{"@type":"SearchAction","target":{"@type":"EntryPoint","urlTemplate":"https:\/\/www.saopauloguia.com.br\/prefeitura-de-sp\/?s={search_term_string}"},"query-input":{"@type":"PropertyValueSpecification","valueRequired":true,"valueName":"search_term_string"}}],"inLanguage":"pt-BR"}]}},"_links":{"self":[{"href":"https:\/\/www.saopauloguia.com.br\/prefeitura-de-sp\/wp-json\/wp\/v2\/pages\/301","targetHints":{"allow":["GET"]}}],"collection":[{"href":"https:\/\/www.saopauloguia.com.br\/prefeitura-de-sp\/wp-json\/wp\/v2\/pages"}],"about":[{"href":"https:\/\/www.saopauloguia.com.br\/prefeitura-de-sp\/wp-json\/wp\/v2\/types\/page"}],"author":[{"embeddable":true,"href":"https:\/\/www.saopauloguia.com.br\/prefeitura-de-sp\/wp-json\/wp\/v2\/users\/1"}],"replies":[{"embeddable":true,"href":"https:\/\/www.saopauloguia.com.br\/prefeitura-de-sp\/wp-json\/wp\/v2\/comments?post=301"}],"version-history":[{"count":0,"href":"https:\/\/www.saopauloguia.com.br\/prefeitura-de-sp\/wp-json\/wp\/v2\/pages\/301\/revisions"}],"wp:attachment":[{"href":"https:\/\/www.saopauloguia.com.br\/prefeitura-de-sp\/wp-json\/wp\/v2\/media?parent=301"}],"curies":[{"name":"wp","href":"https:\/\/api.w.org\/{rel}","templated":true}]}}