{"id":51,"date":"2017-01-02T09:47:42","date_gmt":"2017-01-02T11:47:42","guid":{"rendered":"https:\/\/www.saopauloguia.com.br\/prefeitura-de-sp\/?page_id=51"},"modified":"2017-09-25T15:10:56","modified_gmt":"2017-09-25T18:10:56","slug":"secretarias-prefeitura-de-sao-paulo","status":"publish","type":"page","link":"https:\/\/www.saopauloguia.com.br\/prefeitura-de-sp\/secretarias-prefeitura-de-sao-paulo\/","title":{"rendered":"Secretarias Prefeitura de S\u00e3o Paulo"},"content":{"rendered":"<h1>Hor\u00e1rios\u00a0de\u00a0atendimento\u00a0das\u00a0secretarias da Prefeitura de S\u00e3o Paulo<\/h1>\n<p>Ao todo somam-se 22 <a href=\"https:\/\/www.saopauloguia.com.br\/prefeitura-de-sp\/secretarias\/\">secretarias da Prefeitura Municipal\u00a0de S\u00e3o Paulo<\/a>. Confira o endere\u00e7o e telefone de cada uma delas.<\/p>\n<p><strong>Secretaria do Governo Municipal<\/strong><br \/>\nEndere\u00e7o: Viaduto do Ch\u00e1, 15 &#8211; 5\u00ba andar &#8211; Edif\u00edcio Matarazzo &#8211; Centro &#8211; S\u00e3o Paulo &#8211; SP<br \/>\nTelefone: (11) 3113-8000<\/p>\n<p><strong>Secretaria Municipal da Fazenda<\/strong><br \/>\nEndere\u00e7o: Viaduto do Ch\u00e1, 15 &#8211; 12\u00ba andar &#8211; Edif\u00edcio Matarazzo &#8211; Centro &#8211; S\u00e3o Paulo &#8211; SP<\/p>\n<p><strong>Secretaria Municipal de Justi\u00e7a<\/strong><br \/>\nEndere\u00e7o: Viaduto do Ch\u00e1, 15 &#8211; 8\u00ba andar &#8211; Edif\u00edcio Matarazzo &#8211; Centro &#8211; S\u00e3o Paulo &#8211; SP<br \/>\nTelefone: (11) 3113-8000<\/p>\n<p><strong>Secretaria Municipal de Rela\u00e7\u00f5es Internacionais<\/strong><br \/>\nEndere\u00e7o: Viaduto do Ch\u00e1, 15 &#8211; 7\u00ba andar &#8211; Edif\u00edcio Matarazzo &#8211; Centro &#8211; S\u00e3o Paulo &#8211; SP<br \/>\nTelefone: (11) 3113-8000<\/p>\n<p><strong>Secretaria Municipal de Gest\u00e3o &#8211; SMG<\/strong><br \/>\nEndere\u00e7o: Viaduto do Ch\u00e1, 15 &#8211; 9\u00ba andar &#8211; Edif\u00edcio Matarazzo &#8211; Centro &#8211; S\u00e3o Paulo &#8211; SP<br \/>\nTelefone: (11) 3113-8000 \/ 3396-7000<\/p>\n<p><strong>Secretaria Municipal de Educa\u00e7\u00e3o &#8211; SME<\/strong><br \/>\nEndere\u00e7o: Rua Borges Lagoa, 1230 &#8211; Vila Clementino &#8211; S\u00e3o Paulo &#8211; SP &#8211; CEP 04038-003<br \/>\nTelefone: (11) 3396-0600<\/p>\n<p><strong>Secretaria Municipal de Assist\u00eancia e Desenvolvimento Social &#8211; SMADS<\/strong><br \/>\nEndere\u00e7o: Rua L\u00edbero Badar\u00f3, 561\/569 &#8211; Centro &#8211; S\u00e3o Paulo &#8211; SP &#8211; CEP 01009-000<br \/>\nTelefone: (11) 3291-9666<\/p>\n<p><strong>Secretaria Municipal de Esportes e Lazer &#8211; SEME<\/strong><br \/>\nEndere\u00e7o: Al. Ira\u00e9, 35 &#8211; Vila Clementino &#8211; S\u00e3o Paulo &#8211; SP<br \/>\nTelefone: (11) 3396-6400<br \/>\nE-mail: esportes@prefeitura.sp.gov.br<\/p>\n<p><strong>Secretaria Municipal de Habita\u00e7\u00e3o &#8211; SEHAB<\/strong><br \/>\nEndere\u00e7o: Rua S\u00e3o Bento, 405 &#8211; 22\u00ba andar &#8211; Centro &#8211; S\u00e3o Paulo &#8211; SP<br \/>\nTelefone: (11) 3322-4500<br \/>\nE-mail: sehabimprensa@prefeitura.sp.gov.br<\/p>\n<p><strong>Secretaria Municipal da Cultura &#8211; SMC<\/strong><br \/>\nEndere\u00e7o: Av. S\u00e3o Jo\u00e3o, 473 &#8211; 11\u00ba andar &#8211; Centro &#8211; S\u00e3o Paulo &#8211; SP<br \/>\nTelefone: (11) 3397-0000<\/p>\n<p><strong>Secretaria Municipal de Direitos Humanos e Cidadania &#8211; SMDHC<\/strong><br \/>\nEndere\u00e7o: Rua L\u00edbero Badar\u00f3, 119 &#8211; Centro &#8211; S\u00e3o Paulo &#8211; SP<br \/>\nTelefone: (11) 3113-8000 \/ 0800-7701-445<\/p>\n<p><strong>Secretaria Municipal de Pessoa com Defici\u00eancia &#8211; SMPED<\/strong><br \/>\nEndere\u00e7o: Rua L\u00edbero Badar\u00f3, 425 &#8211; 32\u00ba andar &#8211; Centro &#8211; S\u00e3o Paulo &#8211; SP<br \/>\nTelefone: (11) 3913-4000<\/p>\n<p><strong>Secretaria Municipal de Urbanismo e Licenciamento &#8211; SMUL<\/strong><br \/>\nEndere\u00e7o: Rua S\u00e3o Bento, 405 &#8211; 17\u00ba e 18\u00ba andares &#8211; Centro &#8211; S\u00e3o Paulo &#8211; SP &#8211; CEP 01011-100<br \/>\nTelefone: (11) 3113-7500<\/p>\n<p><strong>Secretaria Municipal de Servi\u00e7os e Obras &#8211; SMSO<\/strong><br \/>\nEndere\u00e7o: Av. S\u00e3o Jo\u00e3o, 473 &#8211; Centro &#8211; S\u00e3o Paulo &#8211; SP<br \/>\nTelefone: (11) 3337-9900<br \/>\nE-mail: siurb@prefeitura.sp.gov.br<\/p>\n<p><strong>Secretaria Municipal das Prefeituras Regionais &#8211; SMPR<\/strong><br \/>\nEndere\u00e7o: Rua L\u00edbero Badar\u00f3, 425 &#8211; 35\u00ba andar &#8211; Centro &#8211; S\u00e3o Paulo &#8211; SP<br \/>\nTelefone: (11) 3101-5050<br \/>\nE-mail: smsp@prefeitura.sp.gov.br<\/p>\n<p><strong>Secretaria Municipal de Trabalho e Empreendedorismo &#8211; SMTE<\/strong><br \/>\nEndere\u00e7o: Av. S\u00e3o Jo\u00e3o, 473 &#8211; 4\u00ba e 5\u00ba andares &#8211; Centro &#8211; S\u00e3o Paulo &#8211; SP<br \/>\nTelefone: (11) 3224-6000<br \/>\nE-mail: imprensasdte@prefeitura.sp.gov.br<\/p>\n<p><strong>Secretaria Municipal de Mobilidade e Transportes &#8211; SMT<\/strong><br \/>\nEndere\u00e7o: Rua Bar\u00e3o de Itapetininga, 18 &#8211; 14\u00ba andar &#8211; Centro &#8211; S\u00e3o Paulo &#8211; SP<br \/>\nTelefone: (11) 3396-7861<br \/>\nE-mail: smt@prefeitura.sp.gov.br<\/p>\n<p><strong>Secretaria Municipal do Verde e do Meio Ambiente &#8211; SVMA<\/strong><br \/>\nEndere\u00e7o: Rua do Para\u00edso, 387 &#8211; Para\u00edso &#8211; S\u00e3o Paulo &#8211; SP &#8211; CEP 04103-000<br \/>\nTelefone: (11) 5187-0100<br \/>\nE-mail: svma@prefeitura.sp.gov.br<\/p>\n<p><strong>Secretaria Municipal de Seguran\u00e7a Urbana &#8211; SMSU<\/strong><br \/>\nEndere\u00e7o: Rua Augusta, 435 &#8211; Consola\u00e7\u00e3o &#8211; S\u00e3o Paulo &#8211; SP<br \/>\nTelefone: (11) 3124-5100<\/p>\n<p><strong>Secretaria Municipal de Inova\u00e7\u00e3o e Tecnologia &#8211; SMIT<\/strong><br \/>\nEndere\u00e7o: Rua L\u00edbero Badar\u00f3, 425 &#8211; 27\u00ba e 34\u00ba andares &#8211; Centro &#8211; S\u00e3o Paulo &#8211; SP<br \/>\nTelefone: (11) 2075-7240<br \/>\nE-mail: sesgabinete@prefeitura.sp.gov.br<\/p>\n<p><strong>Secretaria Municipal de Desestatiza\u00e7\u00e3o e Parcerias &#8211; SMDP<\/strong><br \/>\nEndere\u00e7o: Viaduto do Ch\u00e1, 15 &#8211; 10\u00ba andar &#8211; Edif\u00edcio Matarazzo &#8211; Centro &#8211; S\u00e3o Paulo &#8211; SP<br \/>\nTelefone: (11) 3113-8000<\/p>\n<p><strong>Secretaria Municipal de Desestatiza\u00e7\u00e3o e Parcerias &#8211; SMDP<\/strong><br \/>\nEndere\u00e7o: Rua General Jardim, 36 &#8211; Vila Buarque &#8211; S\u00e3o Paulo &#8211; SP<br \/>\nTelefone: (11) 3397-2000<br \/>\nE-mail: sms@prefeitura.sp.gov.br<\/p>\n<p>&nbsp;<\/p>\n","protected":false},"excerpt":{"rendered":"<p>Hor\u00e1rios\u00a0de\u00a0atendimento\u00a0das\u00a0secretarias da Prefeitura de S\u00e3o Paulo Ao todo somam-se 22 secretarias da Prefeitura Municipal\u00a0de S\u00e3o Paulo. Confira o endere\u00e7o e telefone de cada uma delas. Secretaria do Governo Municipal Endere\u00e7o: Viaduto do Ch\u00e1, 15 &#8211; 5\u00ba andar &#8211; Edif\u00edcio Matarazzo &#8211; Centro &#8211; S\u00e3o Paulo &#8211; SP Telefone: (11) 3113-8000 Secretaria Municipal da Fazenda Endere\u00e7o: [&hellip;]<\/p>\n","protected":false},"author":1,"featured_media":0,"parent":0,"menu_order":0,"comment_status":"closed","ping_status":"closed","template":"","meta":{"footnotes":""},"class_list":["post-51","page","type-page","status-publish","hentry"],"yoast_head":"<!-- This site is optimized with the Yoast SEO plugin v26.0 - https:\/\/yoast.com\/wordpress\/plugins\/seo\/ -->\n<title>Secretarias Telefones e Endere\u00e7os - Prefeitura de S\u00e3o Paulo<\/title>\n<meta name=\"description\" content=\"Confira o endere\u00e7o e telefone das 22 secretarias que a prefeitura de S\u00e3o Paulo estabeleceu para resolver os principais assuntos da cidade.\" \/>\n<meta name=\"robots\" content=\"index, follow, max-snippet:-1, max-image-preview:large, max-video-preview:-1\" \/>\n<link rel=\"canonical\" href=\"https:\/\/www.saopauloguia.com.br\/prefeitura-de-sp\/secretarias-prefeitura-de-sao-paulo\/\" \/>\n<meta property=\"og:locale\" content=\"pt_BR\" \/>\n<meta property=\"og:type\" content=\"article\" \/>\n<meta property=\"og:title\" content=\"Secretarias Telefones e Endere\u00e7os - Prefeitura de S\u00e3o Paulo\" \/>\n<meta property=\"og:description\" content=\"Confira o endere\u00e7o e telefone das 22 secretarias que a prefeitura de S\u00e3o Paulo estabeleceu para resolver os principais assuntos da cidade.\" \/>\n<meta property=\"og:url\" content=\"https:\/\/www.saopauloguia.com.br\/prefeitura-de-sp\/secretarias-prefeitura-de-sao-paulo\/\" \/>\n<meta property=\"og:site_name\" content=\"Prefeitura de S\u00e3o Paulo\" \/>\n<meta property=\"article:modified_time\" content=\"2017-09-25T18:10:56+00:00\" \/>\n<meta name=\"twitter:card\" content=\"summary_large_image\" \/>\n<meta name=\"twitter:label1\" content=\"Est. tempo de leitura\" \/>\n\t<meta name=\"twitter:data1\" content=\"3 minutos\" \/>\n<script type=\"application\/ld+json\" class=\"yoast-schema-graph\">{\"@context\":\"https:\/\/schema.org\",\"@graph\":[{\"@type\":\"WebPage\",\"@id\":\"https:\/\/www.saopauloguia.com.br\/prefeitura-de-sp\/secretarias-prefeitura-de-sao-paulo\/\",\"url\":\"https:\/\/www.saopauloguia.com.br\/prefeitura-de-sp\/secretarias-prefeitura-de-sao-paulo\/\",\"name\":\"Secretarias Telefones e Endere\u00e7os - Prefeitura de S\u00e3o Paulo\",\"isPartOf\":{\"@id\":\"https:\/\/www.saopauloguia.com.br\/prefeitura-de-sp\/#website\"},\"datePublished\":\"2017-01-02T11:47:42+00:00\",\"dateModified\":\"2017-09-25T18:10:56+00:00\",\"description\":\"Confira o endere\u00e7o e telefone das 22 secretarias que a prefeitura de S\u00e3o Paulo estabeleceu para resolver os principais assuntos da cidade.\",\"breadcrumb\":{\"@id\":\"https:\/\/www.saopauloguia.com.br\/prefeitura-de-sp\/secretarias-prefeitura-de-sao-paulo\/#breadcrumb\"},\"inLanguage\":\"pt-BR\",\"potentialAction\":[{\"@type\":\"ReadAction\",\"target\":[\"https:\/\/www.saopauloguia.com.br\/prefeitura-de-sp\/secretarias-prefeitura-de-sao-paulo\/\"]}]},{\"@type\":\"BreadcrumbList\",\"@id\":\"https:\/\/www.saopauloguia.com.br\/prefeitura-de-sp\/secretarias-prefeitura-de-sao-paulo\/#breadcrumb\",\"itemListElement\":[{\"@type\":\"ListItem\",\"position\":1,\"name\":\"In\u00edcio\",\"item\":\"https:\/\/www.saopauloguia.com.br\/prefeitura-de-sp\/\"},{\"@type\":\"ListItem\",\"position\":2,\"name\":\"Secretarias Prefeitura de S\u00e3o Paulo\"}]},{\"@type\":\"WebSite\",\"@id\":\"https:\/\/www.saopauloguia.com.br\/prefeitura-de-sp\/#website\",\"url\":\"https:\/\/www.saopauloguia.com.br\/prefeitura-de-sp\/\",\"name\":\"Prefeitura de S\u00e3o Paulo\",\"description\":\"Prefeitura Municipal de S\u00e3o Paulo\",\"potentialAction\":[{\"@type\":\"SearchAction\",\"target\":{\"@type\":\"EntryPoint\",\"urlTemplate\":\"https:\/\/www.saopauloguia.com.br\/prefeitura-de-sp\/?s={search_term_string}\"},\"query-input\":{\"@type\":\"PropertyValueSpecification\",\"valueRequired\":true,\"valueName\":\"search_term_string\"}}],\"inLanguage\":\"pt-BR\"}]}<\/script>\n<!-- \/ Yoast SEO plugin. -->","yoast_head_json":{"title":"Secretarias Telefones e Endere\u00e7os - Prefeitura de S\u00e3o Paulo","description":"Confira o endere\u00e7o e telefone das 22 secretarias que a prefeitura de S\u00e3o Paulo estabeleceu para resolver os principais assuntos da cidade.","robots":{"index":"index","follow":"follow","max-snippet":"max-snippet:-1","max-image-preview":"max-image-preview:large","max-video-preview":"max-video-preview:-1"},"canonical":"https:\/\/www.saopauloguia.com.br\/prefeitura-de-sp\/secretarias-prefeitura-de-sao-paulo\/","og_locale":"pt_BR","og_type":"article","og_title":"Secretarias Telefones e Endere\u00e7os - Prefeitura de S\u00e3o Paulo","og_description":"Confira o endere\u00e7o e telefone das 22 secretarias que a prefeitura de S\u00e3o Paulo estabeleceu para resolver os principais assuntos da cidade.","og_url":"https:\/\/www.saopauloguia.com.br\/prefeitura-de-sp\/secretarias-prefeitura-de-sao-paulo\/","og_site_name":"Prefeitura de S\u00e3o Paulo","article_modified_time":"2017-09-25T18:10:56+00:00","twitter_card":"summary_large_image","twitter_misc":{"Est. tempo de leitura":"3 minutos"},"schema":{"@context":"https:\/\/schema.org","@graph":[{"@type":"WebPage","@id":"https:\/\/www.saopauloguia.com.br\/prefeitura-de-sp\/secretarias-prefeitura-de-sao-paulo\/","url":"https:\/\/www.saopauloguia.com.br\/prefeitura-de-sp\/secretarias-prefeitura-de-sao-paulo\/","name":"Secretarias Telefones e Endere\u00e7os - Prefeitura de S\u00e3o Paulo","isPartOf":{"@id":"https:\/\/www.saopauloguia.com.br\/prefeitura-de-sp\/#website"},"datePublished":"2017-01-02T11:47:42+00:00","dateModified":"2017-09-25T18:10:56+00:00","description":"Confira o endere\u00e7o e telefone das 22 secretarias que a prefeitura de S\u00e3o Paulo estabeleceu para resolver os principais assuntos da cidade.","breadcrumb":{"@id":"https:\/\/www.saopauloguia.com.br\/prefeitura-de-sp\/secretarias-prefeitura-de-sao-paulo\/#breadcrumb"},"inLanguage":"pt-BR","potentialAction":[{"@type":"ReadAction","target":["https:\/\/www.saopauloguia.com.br\/prefeitura-de-sp\/secretarias-prefeitura-de-sao-paulo\/"]}]},{"@type":"BreadcrumbList","@id":"https:\/\/www.saopauloguia.com.br\/prefeitura-de-sp\/secretarias-prefeitura-de-sao-paulo\/#breadcrumb","itemListElement":[{"@type":"ListItem","position":1,"name":"In\u00edcio","item":"https:\/\/www.saopauloguia.com.br\/prefeitura-de-sp\/"},{"@type":"ListItem","position":2,"name":"Secretarias Prefeitura de S\u00e3o Paulo"}]},{"@type":"WebSite","@id":"https:\/\/www.saopauloguia.com.br\/prefeitura-de-sp\/#website","url":"https:\/\/www.saopauloguia.com.br\/prefeitura-de-sp\/","name":"Prefeitura de S\u00e3o Paulo","description":"Prefeitura Municipal de S\u00e3o Paulo","potentialAction":[{"@type":"SearchAction","target":{"@type":"EntryPoint","urlTemplate":"https:\/\/www.saopauloguia.com.br\/prefeitura-de-sp\/?s={search_term_string}"},"query-input":{"@type":"PropertyValueSpecification","valueRequired":true,"valueName":"search_term_string"}}],"inLanguage":"pt-BR"}]}},"_links":{"self":[{"href":"https:\/\/www.saopauloguia.com.br\/prefeitura-de-sp\/wp-json\/wp\/v2\/pages\/51","targetHints":{"allow":["GET"]}}],"collection":[{"href":"https:\/\/www.saopauloguia.com.br\/prefeitura-de-sp\/wp-json\/wp\/v2\/pages"}],"about":[{"href":"https:\/\/www.saopauloguia.com.br\/prefeitura-de-sp\/wp-json\/wp\/v2\/types\/page"}],"author":[{"embeddable":true,"href":"https:\/\/www.saopauloguia.com.br\/prefeitura-de-sp\/wp-json\/wp\/v2\/users\/1"}],"replies":[{"embeddable":true,"href":"https:\/\/www.saopauloguia.com.br\/prefeitura-de-sp\/wp-json\/wp\/v2\/comments?post=51"}],"version-history":[{"count":0,"href":"https:\/\/www.saopauloguia.com.br\/prefeitura-de-sp\/wp-json\/wp\/v2\/pages\/51\/revisions"}],"wp:attachment":[{"href":"https:\/\/www.saopauloguia.com.br\/prefeitura-de-sp\/wp-json\/wp\/v2\/media?parent=51"}],"curies":[{"name":"wp","href":"https:\/\/api.w.org\/{rel}","templated":true}]}}