{"id":535,"date":"2017-02-02T09:02:20","date_gmt":"2017-02-02T11:02:20","guid":{"rendered":"https:\/\/www.saopauloguia.com.br\/prefeitura-de-sp\/?page_id=535"},"modified":"2017-07-10T16:39:38","modified_gmt":"2017-07-10T19:39:38","slug":"holerite-prefeitura-de-sao-paulo","status":"publish","type":"page","link":"https:\/\/www.saopauloguia.com.br\/prefeitura-de-sp\/holerite-prefeitura-de-sao-paulo\/","title":{"rendered":"Holerite Prefeitura de S\u00e3o Paulo"},"content":{"rendered":"<h2 class=\"entry-title\"><img loading=\"lazy\" decoding=\"async\" class=\"alignleft size-full wp-image-576\" src=\"https:\/\/www.saopauloguia.com.br\/prefeitura-de-sp\/wp-content\/uploads\/2017\/02\/holerite-online.jpg\" alt=\"\" width=\"299\" height=\"131\" \/>Holerite Prefeitura de S\u00e3o Paulo<\/h2>\n<p class=\"entry-title\">Se voc\u00ea \u00e9 um\u00a0Servidor Municipal (ativo, inativo, aposentado ou pensionista) tem direito a consultar o <a href=\"https:\/\/www.saopauloguia.com.br\/prefeitura-de-sp\/holerite-prefeitura-de-sao-paulo\/\">Holerite da Prefeitura de S\u00e3o Paulo &#8211; SP<\/a> sempre que achar necess\u00e1rio. Para realizar o acesso voc\u00ea deve ter em m\u00e3os ou o n\u00famero da sua matr\u00edcula ou o n\u00famero do seu CPF.<\/p>\n<p>Ao acessar o <strong>Holerite da Prefeitura Municipal de S\u00e3o Paulo<\/strong> voc\u00ea ter\u00e1 acesso\u00a0online \u00e0s informa\u00e7\u00f5es funcionais, como:<\/p>\n<ul>\n<li>Comprovante de rendimentos pagos;<\/li>\n<li>Holerites;<\/li>\n<li>Comprovante de imposto sobre renda retido na fonte.<\/li>\n<\/ul>\n<p>Para emiss\u00e3o do Holerite da Prefeitura de S\u00e3o Paulo, utilize o link: <a href=\"http:\/\/prodata.palmas.to.gov.br\/servicosonline\/?tela=11\" target=\"_blank\" rel=\"noopener noreferrer\">http:\/\/prodata.palmas.to.gov.br\/servicosonline\/?tela=11<\/a><\/p>\n<p>*Este site n\u00e3o coleta dados, voc\u00ea ser\u00e1 redirecionado ao sistema oficial da Prefeitura de S\u00e3o Paulo.<\/p>\n","protected":false},"excerpt":{"rendered":"<p>Holerite Prefeitura de S\u00e3o Paulo Se voc\u00ea \u00e9 um\u00a0Servidor Municipal (ativo, inativo, aposentado ou pensionista) tem direito a consultar o Holerite da Prefeitura de S\u00e3o Paulo &#8211; SP sempre que achar necess\u00e1rio. Para realizar o acesso voc\u00ea deve ter em m\u00e3os ou o n\u00famero da sua matr\u00edcula ou o n\u00famero do seu CPF. Ao acessar [&hellip;]<\/p>\n","protected":false},"author":1,"featured_media":0,"parent":0,"menu_order":0,"comment_status":"closed","ping_status":"closed","template":"","meta":{"footnotes":""},"class_list":["post-535","page","type-page","status-publish","hentry"],"yoast_head":"<!-- This site is optimized with the Yoast SEO plugin v26.0 - https:\/\/yoast.com\/wordpress\/plugins\/seo\/ -->\n<title>Holerite da Prefeitura Municipal de S\u00e3o Paulo - SP<\/title>\n<meta name=\"description\" content=\"Veja informa\u00e7\u00f5es sobre Holerite dos Servidores da Prefeitura Municipal de S\u00e3o Paulo\" \/>\n<meta name=\"robots\" content=\"index, follow, max-snippet:-1, max-image-preview:large, max-video-preview:-1\" \/>\n<link rel=\"canonical\" href=\"https:\/\/www.saopauloguia.com.br\/prefeitura-de-sp\/holerite-prefeitura-de-sao-paulo\/\" \/>\n<meta property=\"og:locale\" content=\"pt_BR\" \/>\n<meta property=\"og:type\" content=\"article\" \/>\n<meta property=\"og:title\" content=\"Holerite da Prefeitura Municipal de S\u00e3o Paulo - SP\" \/>\n<meta property=\"og:description\" content=\"Veja informa\u00e7\u00f5es sobre Holerite dos Servidores da Prefeitura Municipal de S\u00e3o Paulo\" \/>\n<meta property=\"og:url\" content=\"https:\/\/www.saopauloguia.com.br\/prefeitura-de-sp\/holerite-prefeitura-de-sao-paulo\/\" \/>\n<meta property=\"og:site_name\" content=\"Prefeitura de S\u00e3o Paulo\" \/>\n<meta property=\"article:modified_time\" content=\"2017-07-10T19:39:38+00:00\" \/>\n<meta property=\"og:image\" content=\"https:\/\/www.saopauloguia.com.br\/prefeitura-de-sp\/wp-content\/uploads\/2017\/02\/holerite-online.jpg\" \/>\n<meta name=\"twitter:card\" content=\"summary_large_image\" \/>\n<meta name=\"twitter:label1\" content=\"Est. tempo de leitura\" \/>\n\t<meta name=\"twitter:data1\" content=\"1 minuto\" \/>\n<script type=\"application\/ld+json\" class=\"yoast-schema-graph\">{\"@context\":\"https:\/\/schema.org\",\"@graph\":[{\"@type\":\"WebPage\",\"@id\":\"https:\/\/www.saopauloguia.com.br\/prefeitura-de-sp\/holerite-prefeitura-de-sao-paulo\/\",\"url\":\"https:\/\/www.saopauloguia.com.br\/prefeitura-de-sp\/holerite-prefeitura-de-sao-paulo\/\",\"name\":\"Holerite da Prefeitura Municipal de S\u00e3o Paulo - SP\",\"isPartOf\":{\"@id\":\"https:\/\/www.saopauloguia.com.br\/prefeitura-de-sp\/#website\"},\"primaryImageOfPage\":{\"@id\":\"https:\/\/www.saopauloguia.com.br\/prefeitura-de-sp\/holerite-prefeitura-de-sao-paulo\/#primaryimage\"},\"image\":{\"@id\":\"https:\/\/www.saopauloguia.com.br\/prefeitura-de-sp\/holerite-prefeitura-de-sao-paulo\/#primaryimage\"},\"thumbnailUrl\":\"https:\/\/www.saopauloguia.com.br\/prefeitura-de-sp\/wp-content\/uploads\/2017\/02\/holerite-online.jpg\",\"datePublished\":\"2017-02-02T11:02:20+00:00\",\"dateModified\":\"2017-07-10T19:39:38+00:00\",\"description\":\"Veja informa\u00e7\u00f5es sobre Holerite dos Servidores da Prefeitura Municipal de S\u00e3o Paulo\",\"breadcrumb\":{\"@id\":\"https:\/\/www.saopauloguia.com.br\/prefeitura-de-sp\/holerite-prefeitura-de-sao-paulo\/#breadcrumb\"},\"inLanguage\":\"pt-BR\",\"potentialAction\":[{\"@type\":\"ReadAction\",\"target\":[\"https:\/\/www.saopauloguia.com.br\/prefeitura-de-sp\/holerite-prefeitura-de-sao-paulo\/\"]}]},{\"@type\":\"ImageObject\",\"inLanguage\":\"pt-BR\",\"@id\":\"https:\/\/www.saopauloguia.com.br\/prefeitura-de-sp\/holerite-prefeitura-de-sao-paulo\/#primaryimage\",\"url\":\"https:\/\/www.saopauloguia.com.br\/prefeitura-de-sp\/content-wp\/uploads\/2017\/02\/holerite-online.jpg\",\"contentUrl\":\"https:\/\/www.saopauloguia.com.br\/prefeitura-de-sp\/content-wp\/uploads\/2017\/02\/holerite-online.jpg\",\"width\":299,\"height\":131},{\"@type\":\"BreadcrumbList\",\"@id\":\"https:\/\/www.saopauloguia.com.br\/prefeitura-de-sp\/holerite-prefeitura-de-sao-paulo\/#breadcrumb\",\"itemListElement\":[{\"@type\":\"ListItem\",\"position\":1,\"name\":\"In\u00edcio\",\"item\":\"https:\/\/www.saopauloguia.com.br\/prefeitura-de-sp\/\"},{\"@type\":\"ListItem\",\"position\":2,\"name\":\"Holerite Prefeitura de S\u00e3o Paulo\"}]},{\"@type\":\"WebSite\",\"@id\":\"https:\/\/www.saopauloguia.com.br\/prefeitura-de-sp\/#website\",\"url\":\"https:\/\/www.saopauloguia.com.br\/prefeitura-de-sp\/\",\"name\":\"Prefeitura de S\u00e3o Paulo\",\"description\":\"Prefeitura Municipal de S\u00e3o Paulo\",\"potentialAction\":[{\"@type\":\"SearchAction\",\"target\":{\"@type\":\"EntryPoint\",\"urlTemplate\":\"https:\/\/www.saopauloguia.com.br\/prefeitura-de-sp\/?s={search_term_string}\"},\"query-input\":{\"@type\":\"PropertyValueSpecification\",\"valueRequired\":true,\"valueName\":\"search_term_string\"}}],\"inLanguage\":\"pt-BR\"}]}<\/script>\n<!-- \/ Yoast SEO plugin. -->","yoast_head_json":{"title":"Holerite da Prefeitura Municipal de S\u00e3o Paulo - SP","description":"Veja informa\u00e7\u00f5es sobre Holerite dos Servidores da Prefeitura Municipal de S\u00e3o Paulo","robots":{"index":"index","follow":"follow","max-snippet":"max-snippet:-1","max-image-preview":"max-image-preview:large","max-video-preview":"max-video-preview:-1"},"canonical":"https:\/\/www.saopauloguia.com.br\/prefeitura-de-sp\/holerite-prefeitura-de-sao-paulo\/","og_locale":"pt_BR","og_type":"article","og_title":"Holerite da Prefeitura Municipal de S\u00e3o Paulo - SP","og_description":"Veja informa\u00e7\u00f5es sobre Holerite dos Servidores da Prefeitura Municipal de S\u00e3o Paulo","og_url":"https:\/\/www.saopauloguia.com.br\/prefeitura-de-sp\/holerite-prefeitura-de-sao-paulo\/","og_site_name":"Prefeitura de S\u00e3o Paulo","article_modified_time":"2017-07-10T19:39:38+00:00","og_image":[{"url":"https:\/\/www.saopauloguia.com.br\/prefeitura-de-sp\/wp-content\/uploads\/2017\/02\/holerite-online.jpg","type":"","width":"","height":""}],"twitter_card":"summary_large_image","twitter_misc":{"Est. tempo de leitura":"1 minuto"},"schema":{"@context":"https:\/\/schema.org","@graph":[{"@type":"WebPage","@id":"https:\/\/www.saopauloguia.com.br\/prefeitura-de-sp\/holerite-prefeitura-de-sao-paulo\/","url":"https:\/\/www.saopauloguia.com.br\/prefeitura-de-sp\/holerite-prefeitura-de-sao-paulo\/","name":"Holerite da Prefeitura Municipal de S\u00e3o Paulo - SP","isPartOf":{"@id":"https:\/\/www.saopauloguia.com.br\/prefeitura-de-sp\/#website"},"primaryImageOfPage":{"@id":"https:\/\/www.saopauloguia.com.br\/prefeitura-de-sp\/holerite-prefeitura-de-sao-paulo\/#primaryimage"},"image":{"@id":"https:\/\/www.saopauloguia.com.br\/prefeitura-de-sp\/holerite-prefeitura-de-sao-paulo\/#primaryimage"},"thumbnailUrl":"https:\/\/www.saopauloguia.com.br\/prefeitura-de-sp\/wp-content\/uploads\/2017\/02\/holerite-online.jpg","datePublished":"2017-02-02T11:02:20+00:00","dateModified":"2017-07-10T19:39:38+00:00","description":"Veja informa\u00e7\u00f5es sobre Holerite dos Servidores da Prefeitura Municipal de S\u00e3o Paulo","breadcrumb":{"@id":"https:\/\/www.saopauloguia.com.br\/prefeitura-de-sp\/holerite-prefeitura-de-sao-paulo\/#breadcrumb"},"inLanguage":"pt-BR","potentialAction":[{"@type":"ReadAction","target":["https:\/\/www.saopauloguia.com.br\/prefeitura-de-sp\/holerite-prefeitura-de-sao-paulo\/"]}]},{"@type":"ImageObject","inLanguage":"pt-BR","@id":"https:\/\/www.saopauloguia.com.br\/prefeitura-de-sp\/holerite-prefeitura-de-sao-paulo\/#primaryimage","url":"https:\/\/www.saopauloguia.com.br\/prefeitura-de-sp\/content-wp\/uploads\/2017\/02\/holerite-online.jpg","contentUrl":"https:\/\/www.saopauloguia.com.br\/prefeitura-de-sp\/content-wp\/uploads\/2017\/02\/holerite-online.jpg","width":299,"height":131},{"@type":"BreadcrumbList","@id":"https:\/\/www.saopauloguia.com.br\/prefeitura-de-sp\/holerite-prefeitura-de-sao-paulo\/#breadcrumb","itemListElement":[{"@type":"ListItem","position":1,"name":"In\u00edcio","item":"https:\/\/www.saopauloguia.com.br\/prefeitura-de-sp\/"},{"@type":"ListItem","position":2,"name":"Holerite Prefeitura de S\u00e3o Paulo"}]},{"@type":"WebSite","@id":"https:\/\/www.saopauloguia.com.br\/prefeitura-de-sp\/#website","url":"https:\/\/www.saopauloguia.com.br\/prefeitura-de-sp\/","name":"Prefeitura de S\u00e3o Paulo","description":"Prefeitura Municipal de S\u00e3o Paulo","potentialAction":[{"@type":"SearchAction","target":{"@type":"EntryPoint","urlTemplate":"https:\/\/www.saopauloguia.com.br\/prefeitura-de-sp\/?s={search_term_string}"},"query-input":{"@type":"PropertyValueSpecification","valueRequired":true,"valueName":"search_term_string"}}],"inLanguage":"pt-BR"}]}},"_links":{"self":[{"href":"https:\/\/www.saopauloguia.com.br\/prefeitura-de-sp\/wp-json\/wp\/v2\/pages\/535","targetHints":{"allow":["GET"]}}],"collection":[{"href":"https:\/\/www.saopauloguia.com.br\/prefeitura-de-sp\/wp-json\/wp\/v2\/pages"}],"about":[{"href":"https:\/\/www.saopauloguia.com.br\/prefeitura-de-sp\/wp-json\/wp\/v2\/types\/page"}],"author":[{"embeddable":true,"href":"https:\/\/www.saopauloguia.com.br\/prefeitura-de-sp\/wp-json\/wp\/v2\/users\/1"}],"replies":[{"embeddable":true,"href":"https:\/\/www.saopauloguia.com.br\/prefeitura-de-sp\/wp-json\/wp\/v2\/comments?post=535"}],"version-history":[{"count":0,"href":"https:\/\/www.saopauloguia.com.br\/prefeitura-de-sp\/wp-json\/wp\/v2\/pages\/535\/revisions"}],"wp:attachment":[{"href":"https:\/\/www.saopauloguia.com.br\/prefeitura-de-sp\/wp-json\/wp\/v2\/media?parent=535"}],"curies":[{"name":"wp","href":"https:\/\/api.w.org\/{rel}","templated":true}]}}