{"id":540,"date":"2017-02-02T10:38:27","date_gmt":"2017-02-02T12:38:27","guid":{"rendered":"https:\/\/www.saopauloguia.com.br\/prefeitura-de-sp\/?page_id=540"},"modified":"2017-05-25T11:33:39","modified_gmt":"2017-05-25T14:33:39","slug":"cnd-prefeitura-de-sao-paulo","status":"publish","type":"page","link":"https:\/\/www.saopauloguia.com.br\/prefeitura-de-sp\/cnd-prefeitura-de-sao-paulo\/","title":{"rendered":"CND Prefeitura de S\u00e3o Paulo"},"content":{"rendered":"<h2><strong>O que \u00e9 CND Prefeitura de S\u00e3o Paulo?<\/strong><\/h2>\n<p>CND\u00a0\u00e9 a\u00a0<em>Certid\u00e3o Negativa de D\u00e9bitos<\/em>.<\/p>\n<h3><strong>Como fa\u00e7o para emitir a CND da\u00a0Prefeitura Municipal de S\u00e3o Paulo?<\/strong><\/h3>\n<p>\u00c9 poss\u00edvel emitir uma <em>CND no portal da Prefeitura de S\u00e3o Paulo &#8211; SP<\/em>.\u00a0A Prefeitura disponibiliza aos seus mun\u00edcipes um portal especifico para Emiss\u00e3o de Certid\u00f5es.<\/p>\n<p><img loading=\"lazy\" decoding=\"async\" class=\"alignleft wp-image-604\" src=\"http:\/\/www.prefeituradepalmas.com.br\/wp-content\/uploads\/2017\/01\/cnd-1.jpg\" sizes=\"auto, (max-width: 270px) 100vw, 270px\" srcset=\"http:\/\/www.prefeituradepalmas.com.br\/wp-content\/uploads\/2017\/01\/cnd-1.jpg 650w, http:\/\/www.prefeituradepalmas.com.br\/wp-content\/uploads\/2017\/01\/cnd-1-300x97.jpg 300w\" width=\"270\" height=\"87\" \/>O portal permite que o contribuinte emita e confirme a autenticidade de <a href=\"https:\/\/www.saopauloguia.com.br\/prefeitura-de-sp\/cnd-prefeitura-de-sao-paulo\/\">certid\u00f5es negativas da Prefeitura de S\u00e3o Paulo<\/a> e da certid\u00e3o de dados cadastrais do im\u00f3vel. \u00c9 poss\u00edvel emitir tamb\u00e9m a certid\u00e3o de recolhimento da Taxa do Lixo e obter informa\u00e7\u00f5es sobre outras certid\u00f5es.<\/p>\n<p><strong>Confira abaixo a lista dos servi\u00e7os dispon\u00edveis:<\/strong><\/p>\n<ul>\n<li>Certid\u00e3o de Informa\u00e7\u00f5es de Tributos Imobili\u00e1rios<\/li>\n<li>Certid\u00e3o de D\u00e9bitos de Tributos Mobili\u00e1rios por CPF\/CNPJ Raiz<\/li>\n<li>Certid\u00e3o de Dados Cadastrais do Im\u00f3vel (Valor Venal)<\/li>\n<li>Certid\u00e3o de Rol Nominal<\/li>\n<li>Certid\u00e3o de D\u00e9bitos Tribut\u00e1rios Imobili\u00e1rios<\/li>\n<li>Certid\u00e3o de Recolhimento da Taxa do Lixo<\/li>\n<li>Autenticidade do Certificado de Quita\u00e7\u00e3o do ISS<\/li>\n<li>Certid\u00e3o de Inexist\u00eancia de Lan\u00e7amento<\/li>\n<li>Certid\u00e3o de Valores Pagos (IPTU)<\/li>\n<li>Certid\u00e3o de Recolhimento de ITBI<\/li>\n<\/ul>\n","protected":false},"excerpt":{"rendered":"<p>O que \u00e9 CND Prefeitura de S\u00e3o Paulo? CND\u00a0\u00e9 a\u00a0Certid\u00e3o Negativa de D\u00e9bitos. Como fa\u00e7o para emitir a CND da\u00a0Prefeitura Municipal de S\u00e3o Paulo? \u00c9 poss\u00edvel emitir uma CND no portal da Prefeitura de S\u00e3o Paulo &#8211; SP.\u00a0A Prefeitura disponibiliza aos seus mun\u00edcipes um portal especifico para Emiss\u00e3o de Certid\u00f5es. O portal permite que o [&hellip;]<\/p>\n","protected":false},"author":1,"featured_media":0,"parent":0,"menu_order":0,"comment_status":"closed","ping_status":"closed","template":"","meta":{"footnotes":""},"class_list":["post-540","page","type-page","status-publish","hentry"],"yoast_head":"<!-- This site is optimized with the Yoast SEO plugin v26.0 - https:\/\/yoast.com\/wordpress\/plugins\/seo\/ -->\n<title>CND (Certid\u00e3o Negativa de D\u00e9bitos) - Prefeitura Municipal de S\u00e3o Paulo<\/title>\n<meta name=\"description\" content=\"Confira informa\u00e7\u00f5es sobre o Certid\u00e3o Negativa de D\u00e9bitos (CND) - pessoa jur\u00eddica, pessoa f\u00edsica e etc - na Prefeitura Municipal de S\u00e3o Paulo - SP\" \/>\n<meta name=\"robots\" content=\"index, follow, max-snippet:-1, max-image-preview:large, max-video-preview:-1\" \/>\n<link rel=\"canonical\" href=\"https:\/\/www.saopauloguia.com.br\/prefeitura-de-sp\/cnd-prefeitura-de-sao-paulo\/\" \/>\n<meta property=\"og:locale\" content=\"pt_BR\" \/>\n<meta property=\"og:type\" content=\"article\" \/>\n<meta property=\"og:title\" content=\"CND (Certid\u00e3o Negativa de D\u00e9bitos) - Prefeitura Municipal de S\u00e3o Paulo\" \/>\n<meta property=\"og:description\" content=\"Confira informa\u00e7\u00f5es sobre o Certid\u00e3o Negativa de D\u00e9bitos (CND) - pessoa jur\u00eddica, pessoa f\u00edsica e etc - na Prefeitura Municipal de S\u00e3o Paulo - SP\" \/>\n<meta property=\"og:url\" content=\"https:\/\/www.saopauloguia.com.br\/prefeitura-de-sp\/cnd-prefeitura-de-sao-paulo\/\" \/>\n<meta property=\"og:site_name\" content=\"Prefeitura de S\u00e3o Paulo\" \/>\n<meta property=\"article:modified_time\" content=\"2017-05-25T14:33:39+00:00\" \/>\n<meta property=\"og:image\" content=\"http:\/\/www.prefeituradepalmas.com.br\/wp-content\/uploads\/2017\/01\/cnd-1.jpg\" \/>\n<meta name=\"twitter:card\" content=\"summary_large_image\" \/>\n<meta name=\"twitter:label1\" content=\"Est. tempo de leitura\" \/>\n\t<meta name=\"twitter:data1\" content=\"1 minuto\" \/>\n<script type=\"application\/ld+json\" class=\"yoast-schema-graph\">{\"@context\":\"https:\/\/schema.org\",\"@graph\":[{\"@type\":\"WebPage\",\"@id\":\"https:\/\/www.saopauloguia.com.br\/prefeitura-de-sp\/cnd-prefeitura-de-sao-paulo\/\",\"url\":\"https:\/\/www.saopauloguia.com.br\/prefeitura-de-sp\/cnd-prefeitura-de-sao-paulo\/\",\"name\":\"CND (Certid\u00e3o Negativa de D\u00e9bitos) - Prefeitura Municipal de S\u00e3o Paulo\",\"isPartOf\":{\"@id\":\"https:\/\/www.saopauloguia.com.br\/prefeitura-de-sp\/#website\"},\"primaryImageOfPage\":{\"@id\":\"https:\/\/www.saopauloguia.com.br\/prefeitura-de-sp\/cnd-prefeitura-de-sao-paulo\/#primaryimage\"},\"image\":{\"@id\":\"https:\/\/www.saopauloguia.com.br\/prefeitura-de-sp\/cnd-prefeitura-de-sao-paulo\/#primaryimage\"},\"thumbnailUrl\":\"http:\/\/www.prefeituradepalmas.com.br\/wp-content\/uploads\/2017\/01\/cnd-1.jpg\",\"datePublished\":\"2017-02-02T12:38:27+00:00\",\"dateModified\":\"2017-05-25T14:33:39+00:00\",\"description\":\"Confira informa\u00e7\u00f5es sobre o Certid\u00e3o Negativa de D\u00e9bitos (CND) - pessoa jur\u00eddica, pessoa f\u00edsica e etc - na Prefeitura Municipal de S\u00e3o Paulo - SP\",\"breadcrumb\":{\"@id\":\"https:\/\/www.saopauloguia.com.br\/prefeitura-de-sp\/cnd-prefeitura-de-sao-paulo\/#breadcrumb\"},\"inLanguage\":\"pt-BR\",\"potentialAction\":[{\"@type\":\"ReadAction\",\"target\":[\"https:\/\/www.saopauloguia.com.br\/prefeitura-de-sp\/cnd-prefeitura-de-sao-paulo\/\"]}]},{\"@type\":\"ImageObject\",\"inLanguage\":\"pt-BR\",\"@id\":\"https:\/\/www.saopauloguia.com.br\/prefeitura-de-sp\/cnd-prefeitura-de-sao-paulo\/#primaryimage\",\"url\":\"http:\/\/www.prefeituradepalmas.com.br\/wp-content\/uploads\/2017\/01\/cnd-1.jpg\",\"contentUrl\":\"http:\/\/www.prefeituradepalmas.com.br\/wp-content\/uploads\/2017\/01\/cnd-1.jpg\"},{\"@type\":\"BreadcrumbList\",\"@id\":\"https:\/\/www.saopauloguia.com.br\/prefeitura-de-sp\/cnd-prefeitura-de-sao-paulo\/#breadcrumb\",\"itemListElement\":[{\"@type\":\"ListItem\",\"position\":1,\"name\":\"In\u00edcio\",\"item\":\"https:\/\/www.saopauloguia.com.br\/prefeitura-de-sp\/\"},{\"@type\":\"ListItem\",\"position\":2,\"name\":\"CND Prefeitura de S\u00e3o Paulo\"}]},{\"@type\":\"WebSite\",\"@id\":\"https:\/\/www.saopauloguia.com.br\/prefeitura-de-sp\/#website\",\"url\":\"https:\/\/www.saopauloguia.com.br\/prefeitura-de-sp\/\",\"name\":\"Prefeitura de S\u00e3o Paulo\",\"description\":\"Prefeitura Municipal de S\u00e3o Paulo\",\"potentialAction\":[{\"@type\":\"SearchAction\",\"target\":{\"@type\":\"EntryPoint\",\"urlTemplate\":\"https:\/\/www.saopauloguia.com.br\/prefeitura-de-sp\/?s={search_term_string}\"},\"query-input\":{\"@type\":\"PropertyValueSpecification\",\"valueRequired\":true,\"valueName\":\"search_term_string\"}}],\"inLanguage\":\"pt-BR\"}]}<\/script>\n<!-- \/ Yoast SEO plugin. -->","yoast_head_json":{"title":"CND (Certid\u00e3o Negativa de D\u00e9bitos) - Prefeitura Municipal de S\u00e3o Paulo","description":"Confira informa\u00e7\u00f5es sobre o Certid\u00e3o Negativa de D\u00e9bitos (CND) - pessoa jur\u00eddica, pessoa f\u00edsica e etc - na Prefeitura Municipal de S\u00e3o Paulo - SP","robots":{"index":"index","follow":"follow","max-snippet":"max-snippet:-1","max-image-preview":"max-image-preview:large","max-video-preview":"max-video-preview:-1"},"canonical":"https:\/\/www.saopauloguia.com.br\/prefeitura-de-sp\/cnd-prefeitura-de-sao-paulo\/","og_locale":"pt_BR","og_type":"article","og_title":"CND (Certid\u00e3o Negativa de D\u00e9bitos) - Prefeitura Municipal de S\u00e3o Paulo","og_description":"Confira informa\u00e7\u00f5es sobre o Certid\u00e3o Negativa de D\u00e9bitos (CND) - pessoa jur\u00eddica, pessoa f\u00edsica e etc - na Prefeitura Municipal de S\u00e3o Paulo - SP","og_url":"https:\/\/www.saopauloguia.com.br\/prefeitura-de-sp\/cnd-prefeitura-de-sao-paulo\/","og_site_name":"Prefeitura de S\u00e3o Paulo","article_modified_time":"2017-05-25T14:33:39+00:00","og_image":[{"url":"http:\/\/www.prefeituradepalmas.com.br\/wp-content\/uploads\/2017\/01\/cnd-1.jpg","type":"","width":"","height":""}],"twitter_card":"summary_large_image","twitter_misc":{"Est. tempo de leitura":"1 minuto"},"schema":{"@context":"https:\/\/schema.org","@graph":[{"@type":"WebPage","@id":"https:\/\/www.saopauloguia.com.br\/prefeitura-de-sp\/cnd-prefeitura-de-sao-paulo\/","url":"https:\/\/www.saopauloguia.com.br\/prefeitura-de-sp\/cnd-prefeitura-de-sao-paulo\/","name":"CND (Certid\u00e3o Negativa de D\u00e9bitos) - Prefeitura Municipal de S\u00e3o Paulo","isPartOf":{"@id":"https:\/\/www.saopauloguia.com.br\/prefeitura-de-sp\/#website"},"primaryImageOfPage":{"@id":"https:\/\/www.saopauloguia.com.br\/prefeitura-de-sp\/cnd-prefeitura-de-sao-paulo\/#primaryimage"},"image":{"@id":"https:\/\/www.saopauloguia.com.br\/prefeitura-de-sp\/cnd-prefeitura-de-sao-paulo\/#primaryimage"},"thumbnailUrl":"http:\/\/www.prefeituradepalmas.com.br\/wp-content\/uploads\/2017\/01\/cnd-1.jpg","datePublished":"2017-02-02T12:38:27+00:00","dateModified":"2017-05-25T14:33:39+00:00","description":"Confira informa\u00e7\u00f5es sobre o Certid\u00e3o Negativa de D\u00e9bitos (CND) - pessoa jur\u00eddica, pessoa f\u00edsica e etc - na Prefeitura Municipal de S\u00e3o Paulo - SP","breadcrumb":{"@id":"https:\/\/www.saopauloguia.com.br\/prefeitura-de-sp\/cnd-prefeitura-de-sao-paulo\/#breadcrumb"},"inLanguage":"pt-BR","potentialAction":[{"@type":"ReadAction","target":["https:\/\/www.saopauloguia.com.br\/prefeitura-de-sp\/cnd-prefeitura-de-sao-paulo\/"]}]},{"@type":"ImageObject","inLanguage":"pt-BR","@id":"https:\/\/www.saopauloguia.com.br\/prefeitura-de-sp\/cnd-prefeitura-de-sao-paulo\/#primaryimage","url":"http:\/\/www.prefeituradepalmas.com.br\/wp-content\/uploads\/2017\/01\/cnd-1.jpg","contentUrl":"http:\/\/www.prefeituradepalmas.com.br\/wp-content\/uploads\/2017\/01\/cnd-1.jpg"},{"@type":"BreadcrumbList","@id":"https:\/\/www.saopauloguia.com.br\/prefeitura-de-sp\/cnd-prefeitura-de-sao-paulo\/#breadcrumb","itemListElement":[{"@type":"ListItem","position":1,"name":"In\u00edcio","item":"https:\/\/www.saopauloguia.com.br\/prefeitura-de-sp\/"},{"@type":"ListItem","position":2,"name":"CND Prefeitura de S\u00e3o Paulo"}]},{"@type":"WebSite","@id":"https:\/\/www.saopauloguia.com.br\/prefeitura-de-sp\/#website","url":"https:\/\/www.saopauloguia.com.br\/prefeitura-de-sp\/","name":"Prefeitura de S\u00e3o Paulo","description":"Prefeitura Municipal de S\u00e3o Paulo","potentialAction":[{"@type":"SearchAction","target":{"@type":"EntryPoint","urlTemplate":"https:\/\/www.saopauloguia.com.br\/prefeitura-de-sp\/?s={search_term_string}"},"query-input":{"@type":"PropertyValueSpecification","valueRequired":true,"valueName":"search_term_string"}}],"inLanguage":"pt-BR"}]}},"_links":{"self":[{"href":"https:\/\/www.saopauloguia.com.br\/prefeitura-de-sp\/wp-json\/wp\/v2\/pages\/540","targetHints":{"allow":["GET"]}}],"collection":[{"href":"https:\/\/www.saopauloguia.com.br\/prefeitura-de-sp\/wp-json\/wp\/v2\/pages"}],"about":[{"href":"https:\/\/www.saopauloguia.com.br\/prefeitura-de-sp\/wp-json\/wp\/v2\/types\/page"}],"author":[{"embeddable":true,"href":"https:\/\/www.saopauloguia.com.br\/prefeitura-de-sp\/wp-json\/wp\/v2\/users\/1"}],"replies":[{"embeddable":true,"href":"https:\/\/www.saopauloguia.com.br\/prefeitura-de-sp\/wp-json\/wp\/v2\/comments?post=540"}],"version-history":[{"count":0,"href":"https:\/\/www.saopauloguia.com.br\/prefeitura-de-sp\/wp-json\/wp\/v2\/pages\/540\/revisions"}],"wp:attachment":[{"href":"https:\/\/www.saopauloguia.com.br\/prefeitura-de-sp\/wp-json\/wp\/v2\/media?parent=540"}],"curies":[{"name":"wp","href":"https:\/\/api.w.org\/{rel}","templated":true}]}}