{"id":58,"date":"2017-01-02T10:08:02","date_gmt":"2017-01-02T12:08:02","guid":{"rendered":"https:\/\/www.saopauloguia.com.br\/prefeitura-de-sp\/?page_id=58"},"modified":"2017-09-25T15:11:25","modified_gmt":"2017-09-25T18:11:25","slug":"orgaos-da-prefeitura-de-sao-paulo","status":"publish","type":"page","link":"https:\/\/www.saopauloguia.com.br\/prefeitura-de-sp\/orgaos-da-prefeitura-de-sao-paulo\/","title":{"rendered":"\u00d3rg\u00e3os da Prefeitura de S\u00e3o Paulo"},"content":{"rendered":"<h1>Hor\u00e1rios\u00a0de Atendimento\u00a0dos \u00f3rg\u00e3os da Prefeitura de S\u00e3o Paulo<\/h1>\n<p><strong>Guarda Civil Metropolitana<\/strong><br \/>\nEndere\u00e7o: R. Gen. Couto de Magalh\u00e3es, 444 &#8211; Santa Ifig\u00eania, S\u00e3o Paulo &#8211; SP, 01212-030<br \/>\nTelefone: (11) 3396-5830<\/p>\n<p><strong>Centro de Forma\u00e7\u00e3o em Seguran\u00e7a Urbana (CFSU)<\/strong><br \/>\nEndere\u00e7o: Av. Ariston Azevedo, 64 &#8211; Belenzinho, S\u00e3o Paulo &#8211; SP, 03021-020<br \/>\nTelefone: (11) 2291-1295<\/p>\n<p><strong>Corregedoria Geral da GCM (CGGCM)<\/strong><br \/>\nEndere\u00e7o: R. Conselheiro Carr\u00e3o, 192 &#8211; Bela Vista, S\u00e3o Paulo &#8211; SP, 01322-010<br \/>\nTelefone: (11) 3149-3819<\/p>\n<p><strong>Supervis\u00e3o da Juntas do Servi\u00e7o Militar<\/strong><br \/>\nEndere\u00e7o: Avenida Brigadeiro Luis Antonio, 483 &#8211; Fones: 3241.3875<br \/>\nTelefone: (11) 3241-3421 \/ 5136 \/ 1466\/ 5041\/<\/p>\n<p><strong>Coordenadoria de Administra\u00e7\u00e3o e Finan\u00e7as (CAF)<\/strong><br \/>\nEndere\u00e7o: R. Augusta, 435 &#8211; Consola\u00e7\u00e3o &#8211; CEP: 01305-000<br \/>\nTelefone: (11) 3124-5100<\/p>\n<p><strong>Gabinete de Gest\u00e3o Integrada Municipal (GGI-M)<\/strong><br \/>\nEndere\u00e7o: Rua Augusta, 435, 5\u00ba andar \u2013 Consola\u00e7\u00e3o<br \/>\nTelefone: (11) 3124-9313<\/p>\n<p><strong>CET<\/strong><br \/>\nEndere\u00e7o: Rua Bar\u00e3o de Itapetininga, 18 &#8211; Centro &#8211; S\u00e3o Paulo, SP &#8211; CEP 01042-000<br \/>\nTelefone: 156<\/p>\n<p><strong>Defesa Civil do Munic\u00edpio de S\u00e3o Paulo<\/strong><br \/>\nTelefone Emerg\u00eancia: 199<br \/>\nEndere\u00e7o: Rua L\u00edbero Badar\u00f3, 425<br \/>\nTelefone: 3101-5050<\/p>\n<p>&nbsp;<\/p>\n","protected":false},"excerpt":{"rendered":"<p>Hor\u00e1rios\u00a0de Atendimento\u00a0dos \u00f3rg\u00e3os da Prefeitura de S\u00e3o Paulo Guarda Civil Metropolitana Endere\u00e7o: R. Gen. Couto de Magalh\u00e3es, 444 &#8211; Santa Ifig\u00eania, S\u00e3o Paulo &#8211; SP, 01212-030 Telefone: (11) 3396-5830 Centro de Forma\u00e7\u00e3o em Seguran\u00e7a Urbana (CFSU) Endere\u00e7o: Av. Ariston Azevedo, 64 &#8211; Belenzinho, S\u00e3o Paulo &#8211; SP, 03021-020 Telefone: (11) 2291-1295 Corregedoria Geral da GCM [&hellip;]<\/p>\n","protected":false},"author":1,"featured_media":0,"parent":0,"menu_order":0,"comment_status":"closed","ping_status":"closed","template":"","meta":{"footnotes":""},"class_list":["post-58","page","type-page","status-publish","hentry"],"yoast_head":"<!-- This site is optimized with the Yoast SEO plugin v26.0 - https:\/\/yoast.com\/wordpress\/plugins\/seo\/ -->\n<title>\u00d3rg\u00e3os Telefones e Endere\u00e7os - Prefeitura Municipal de S\u00e3o Paulo<\/title>\n<meta name=\"description\" content=\"Confira o endere\u00e7o, hor\u00e1rio de atendimento e telefone dos \u00f3rg\u00e3os que fazem parte da Prefeitura Municipal da Cidade de S\u00e3o Paulo.\" \/>\n<meta name=\"robots\" content=\"index, follow, max-snippet:-1, max-image-preview:large, max-video-preview:-1\" \/>\n<link rel=\"canonical\" href=\"https:\/\/www.saopauloguia.com.br\/prefeitura-de-sp\/orgaos-da-prefeitura-de-sao-paulo\/\" \/>\n<meta property=\"og:locale\" content=\"pt_BR\" \/>\n<meta property=\"og:type\" content=\"article\" \/>\n<meta property=\"og:title\" content=\"\u00d3rg\u00e3os Telefones e Endere\u00e7os - Prefeitura Municipal de S\u00e3o Paulo\" \/>\n<meta property=\"og:description\" content=\"Confira o endere\u00e7o, hor\u00e1rio de atendimento e telefone dos \u00f3rg\u00e3os que fazem parte da Prefeitura Municipal da Cidade de S\u00e3o Paulo.\" \/>\n<meta property=\"og:url\" content=\"https:\/\/www.saopauloguia.com.br\/prefeitura-de-sp\/orgaos-da-prefeitura-de-sao-paulo\/\" \/>\n<meta property=\"og:site_name\" content=\"Prefeitura de S\u00e3o Paulo\" \/>\n<meta property=\"article:modified_time\" content=\"2017-09-25T18:11:25+00:00\" \/>\n<meta name=\"twitter:card\" content=\"summary_large_image\" \/>\n<meta name=\"twitter:label1\" content=\"Est. tempo de leitura\" \/>\n\t<meta name=\"twitter:data1\" content=\"1 minuto\" \/>\n<script type=\"application\/ld+json\" class=\"yoast-schema-graph\">{\"@context\":\"https:\/\/schema.org\",\"@graph\":[{\"@type\":\"WebPage\",\"@id\":\"https:\/\/www.saopauloguia.com.br\/prefeitura-de-sp\/orgaos-da-prefeitura-de-sao-paulo\/\",\"url\":\"https:\/\/www.saopauloguia.com.br\/prefeitura-de-sp\/orgaos-da-prefeitura-de-sao-paulo\/\",\"name\":\"\u00d3rg\u00e3os Telefones e Endere\u00e7os - Prefeitura Municipal de S\u00e3o Paulo\",\"isPartOf\":{\"@id\":\"https:\/\/www.saopauloguia.com.br\/prefeitura-de-sp\/#website\"},\"datePublished\":\"2017-01-02T12:08:02+00:00\",\"dateModified\":\"2017-09-25T18:11:25+00:00\",\"description\":\"Confira o endere\u00e7o, hor\u00e1rio de atendimento e telefone dos \u00f3rg\u00e3os que fazem parte da Prefeitura Municipal da Cidade de S\u00e3o Paulo.\",\"breadcrumb\":{\"@id\":\"https:\/\/www.saopauloguia.com.br\/prefeitura-de-sp\/orgaos-da-prefeitura-de-sao-paulo\/#breadcrumb\"},\"inLanguage\":\"pt-BR\",\"potentialAction\":[{\"@type\":\"ReadAction\",\"target\":[\"https:\/\/www.saopauloguia.com.br\/prefeitura-de-sp\/orgaos-da-prefeitura-de-sao-paulo\/\"]}]},{\"@type\":\"BreadcrumbList\",\"@id\":\"https:\/\/www.saopauloguia.com.br\/prefeitura-de-sp\/orgaos-da-prefeitura-de-sao-paulo\/#breadcrumb\",\"itemListElement\":[{\"@type\":\"ListItem\",\"position\":1,\"name\":\"In\u00edcio\",\"item\":\"https:\/\/www.saopauloguia.com.br\/prefeitura-de-sp\/\"},{\"@type\":\"ListItem\",\"position\":2,\"name\":\"\u00d3rg\u00e3os da Prefeitura de S\u00e3o Paulo\"}]},{\"@type\":\"WebSite\",\"@id\":\"https:\/\/www.saopauloguia.com.br\/prefeitura-de-sp\/#website\",\"url\":\"https:\/\/www.saopauloguia.com.br\/prefeitura-de-sp\/\",\"name\":\"Prefeitura de S\u00e3o Paulo\",\"description\":\"Prefeitura Municipal de S\u00e3o Paulo\",\"potentialAction\":[{\"@type\":\"SearchAction\",\"target\":{\"@type\":\"EntryPoint\",\"urlTemplate\":\"https:\/\/www.saopauloguia.com.br\/prefeitura-de-sp\/?s={search_term_string}\"},\"query-input\":{\"@type\":\"PropertyValueSpecification\",\"valueRequired\":true,\"valueName\":\"search_term_string\"}}],\"inLanguage\":\"pt-BR\"}]}<\/script>\n<!-- \/ Yoast SEO plugin. -->","yoast_head_json":{"title":"\u00d3rg\u00e3os Telefones e Endere\u00e7os - Prefeitura Municipal de S\u00e3o Paulo","description":"Confira o endere\u00e7o, hor\u00e1rio de atendimento e telefone dos \u00f3rg\u00e3os que fazem parte da Prefeitura Municipal da Cidade de S\u00e3o Paulo.","robots":{"index":"index","follow":"follow","max-snippet":"max-snippet:-1","max-image-preview":"max-image-preview:large","max-video-preview":"max-video-preview:-1"},"canonical":"https:\/\/www.saopauloguia.com.br\/prefeitura-de-sp\/orgaos-da-prefeitura-de-sao-paulo\/","og_locale":"pt_BR","og_type":"article","og_title":"\u00d3rg\u00e3os Telefones e Endere\u00e7os - Prefeitura Municipal de S\u00e3o Paulo","og_description":"Confira o endere\u00e7o, hor\u00e1rio de atendimento e telefone dos \u00f3rg\u00e3os que fazem parte da Prefeitura Municipal da Cidade de S\u00e3o Paulo.","og_url":"https:\/\/www.saopauloguia.com.br\/prefeitura-de-sp\/orgaos-da-prefeitura-de-sao-paulo\/","og_site_name":"Prefeitura de S\u00e3o Paulo","article_modified_time":"2017-09-25T18:11:25+00:00","twitter_card":"summary_large_image","twitter_misc":{"Est. tempo de leitura":"1 minuto"},"schema":{"@context":"https:\/\/schema.org","@graph":[{"@type":"WebPage","@id":"https:\/\/www.saopauloguia.com.br\/prefeitura-de-sp\/orgaos-da-prefeitura-de-sao-paulo\/","url":"https:\/\/www.saopauloguia.com.br\/prefeitura-de-sp\/orgaos-da-prefeitura-de-sao-paulo\/","name":"\u00d3rg\u00e3os Telefones e Endere\u00e7os - Prefeitura Municipal de S\u00e3o Paulo","isPartOf":{"@id":"https:\/\/www.saopauloguia.com.br\/prefeitura-de-sp\/#website"},"datePublished":"2017-01-02T12:08:02+00:00","dateModified":"2017-09-25T18:11:25+00:00","description":"Confira o endere\u00e7o, hor\u00e1rio de atendimento e telefone dos \u00f3rg\u00e3os que fazem parte da Prefeitura Municipal da Cidade de S\u00e3o Paulo.","breadcrumb":{"@id":"https:\/\/www.saopauloguia.com.br\/prefeitura-de-sp\/orgaos-da-prefeitura-de-sao-paulo\/#breadcrumb"},"inLanguage":"pt-BR","potentialAction":[{"@type":"ReadAction","target":["https:\/\/www.saopauloguia.com.br\/prefeitura-de-sp\/orgaos-da-prefeitura-de-sao-paulo\/"]}]},{"@type":"BreadcrumbList","@id":"https:\/\/www.saopauloguia.com.br\/prefeitura-de-sp\/orgaos-da-prefeitura-de-sao-paulo\/#breadcrumb","itemListElement":[{"@type":"ListItem","position":1,"name":"In\u00edcio","item":"https:\/\/www.saopauloguia.com.br\/prefeitura-de-sp\/"},{"@type":"ListItem","position":2,"name":"\u00d3rg\u00e3os da Prefeitura de S\u00e3o Paulo"}]},{"@type":"WebSite","@id":"https:\/\/www.saopauloguia.com.br\/prefeitura-de-sp\/#website","url":"https:\/\/www.saopauloguia.com.br\/prefeitura-de-sp\/","name":"Prefeitura de S\u00e3o Paulo","description":"Prefeitura Municipal de S\u00e3o Paulo","potentialAction":[{"@type":"SearchAction","target":{"@type":"EntryPoint","urlTemplate":"https:\/\/www.saopauloguia.com.br\/prefeitura-de-sp\/?s={search_term_string}"},"query-input":{"@type":"PropertyValueSpecification","valueRequired":true,"valueName":"search_term_string"}}],"inLanguage":"pt-BR"}]}},"_links":{"self":[{"href":"https:\/\/www.saopauloguia.com.br\/prefeitura-de-sp\/wp-json\/wp\/v2\/pages\/58","targetHints":{"allow":["GET"]}}],"collection":[{"href":"https:\/\/www.saopauloguia.com.br\/prefeitura-de-sp\/wp-json\/wp\/v2\/pages"}],"about":[{"href":"https:\/\/www.saopauloguia.com.br\/prefeitura-de-sp\/wp-json\/wp\/v2\/types\/page"}],"author":[{"embeddable":true,"href":"https:\/\/www.saopauloguia.com.br\/prefeitura-de-sp\/wp-json\/wp\/v2\/users\/1"}],"replies":[{"embeddable":true,"href":"https:\/\/www.saopauloguia.com.br\/prefeitura-de-sp\/wp-json\/wp\/v2\/comments?post=58"}],"version-history":[{"count":0,"href":"https:\/\/www.saopauloguia.com.br\/prefeitura-de-sp\/wp-json\/wp\/v2\/pages\/58\/revisions"}],"wp:attachment":[{"href":"https:\/\/www.saopauloguia.com.br\/prefeitura-de-sp\/wp-json\/wp\/v2\/media?parent=58"}],"curies":[{"name":"wp","href":"https:\/\/api.w.org\/{rel}","templated":true}]}}