{"id":580,"date":"2017-05-16T10:12:55","date_gmt":"2017-05-16T13:12:55","guid":{"rendered":"https:\/\/www.saopauloguia.com.br\/prefeitura-de-sp\/?page_id=580"},"modified":"2017-05-17T11:28:36","modified_gmt":"2017-05-17T14:28:36","slug":"poupatempo-em-sao-paulo-sp","status":"publish","type":"page","link":"https:\/\/www.saopauloguia.com.br\/prefeitura-de-sp\/poupatempo-em-sao-paulo-sp\/","title":{"rendered":"Poupatempo em S\u00e3o Paulo &#8211; SP"},"content":{"rendered":"<p>O Governo do Estado de S\u00e3o Paulo, para facilitar o acesso do cidad\u00e3o \u00e0s informa\u00e7\u00f5es e servi\u00e7os p\u00fablicos, implantou em 1997 o Programa Poupatempo, que re\u00fane, em um \u00fanico local um amplo leque de \u00f3rg\u00e3os e empresas prestadoras de servi\u00e7os de natureza p\u00fablica, realizando atendimento sem discrimina\u00e7\u00e3o ou privil\u00e9gios.<\/p>\n<p>O Poupatempo S\u00e9, primeira unidade do programa, foi inaugurada em 20 de outubro de 1997, na Pra\u00e7a do Carmo, pr\u00f3ximo \u00e0 Pra\u00e7a da S\u00e9, marco zero da cidade de S\u00e3o Paulo. Com a aprova\u00e7\u00e3o da sociedade ao padr\u00e3o de atendimento do Poupatempo, o programa se expandiu. Hoje, s\u00e3o 70 postos fixos de atendimento e at\u00e9 o final de 2016 ser\u00e3o 72 unidades implantadas no Estado.<\/p>\n<p>O Programa Poupatempo disponibiliza diversos servi\u00e7os \u00e0 popula\u00e7\u00e3o, entre os mais solicitados est\u00e3o emiss\u00e3o de Carteira de Identidade, Carteira Nacional de Habilita\u00e7\u00e3o, Licenciamento de Ve\u00edculos, Atestado de Antecedentes Criminais e Carteira de Trabalho.<\/p>\n<p>Selecionamos informa\u00e7\u00f5es como: mapa, endere\u00e7os e hor\u00e1rio de funcionamento de todas as unidades do Poupatempo S\u00e3o Paulo:<\/p>\n<p>Disponibilizamos para voc\u00ea todos os endere\u00e7os das <a href=\"https:\/\/www.encontrasaopaulo.com.br\/poupatempo-sp\/\" target=\"_blank\" rel=\"noopener noreferrer\">unidades do Poupatempo existentes em S\u00e3o Paulo<\/a>: <a href=\"https:\/\/www.encontrasaopaulo.com.br\/poupatempo-sp\/\" target=\"_blank\" rel=\"noopener noreferrer\">Clique Aqui<\/a><\/p>\n","protected":false},"excerpt":{"rendered":"<p>O Governo do Estado de S\u00e3o Paulo, para facilitar o acesso do cidad\u00e3o \u00e0s informa\u00e7\u00f5es e servi\u00e7os p\u00fablicos, implantou em 1997 o Programa Poupatempo, que re\u00fane, em um \u00fanico local um amplo leque de \u00f3rg\u00e3os e empresas prestadoras de servi\u00e7os de natureza p\u00fablica, realizando atendimento sem discrimina\u00e7\u00e3o ou privil\u00e9gios. O Poupatempo S\u00e9, primeira unidade do [&hellip;]<\/p>\n","protected":false},"author":1,"featured_media":0,"parent":0,"menu_order":0,"comment_status":"closed","ping_status":"closed","template":"","meta":{"footnotes":""},"class_list":["post-580","page","type-page","status-publish","hentry"],"yoast_head":"<!-- This site is optimized with the Yoast SEO plugin v26.0 - https:\/\/yoast.com\/wordpress\/plugins\/seo\/ -->\n<title>Poupatempo Telefones e Endere\u00e7os em S\u00e3o Paulo - SP<\/title>\n<meta name=\"description\" content=\"Confira todas as informa\u00e7\u00f5es sobre as unidades do Poupatempo em toda cidade de S\u00e3o Paulo. Emiss\u00e3o de RG, Antecedentes, CPF, Detran SP.\" \/>\n<meta name=\"robots\" content=\"index, follow, max-snippet:-1, max-image-preview:large, max-video-preview:-1\" \/>\n<link rel=\"canonical\" href=\"https:\/\/www.saopauloguia.com.br\/prefeitura-de-sp\/poupatempo-em-sao-paulo-sp\/\" \/>\n<meta property=\"og:locale\" content=\"pt_BR\" \/>\n<meta property=\"og:type\" content=\"article\" \/>\n<meta property=\"og:title\" content=\"Poupatempo Telefones e Endere\u00e7os em S\u00e3o Paulo - SP\" \/>\n<meta property=\"og:description\" content=\"Confira todas as informa\u00e7\u00f5es sobre as unidades do Poupatempo em toda cidade de S\u00e3o Paulo. Emiss\u00e3o de RG, Antecedentes, CPF, Detran SP.\" \/>\n<meta property=\"og:url\" content=\"https:\/\/www.saopauloguia.com.br\/prefeitura-de-sp\/poupatempo-em-sao-paulo-sp\/\" \/>\n<meta property=\"og:site_name\" content=\"Prefeitura de S\u00e3o Paulo\" \/>\n<meta property=\"article:modified_time\" content=\"2017-05-17T14:28:36+00:00\" \/>\n<meta name=\"twitter:card\" content=\"summary_large_image\" \/>\n<meta name=\"twitter:label1\" content=\"Est. tempo de leitura\" \/>\n\t<meta name=\"twitter:data1\" content=\"1 minuto\" \/>\n<script type=\"application\/ld+json\" class=\"yoast-schema-graph\">{\"@context\":\"https:\/\/schema.org\",\"@graph\":[{\"@type\":\"WebPage\",\"@id\":\"https:\/\/www.saopauloguia.com.br\/prefeitura-de-sp\/poupatempo-em-sao-paulo-sp\/\",\"url\":\"https:\/\/www.saopauloguia.com.br\/prefeitura-de-sp\/poupatempo-em-sao-paulo-sp\/\",\"name\":\"Poupatempo Telefones e Endere\u00e7os em S\u00e3o Paulo - SP\",\"isPartOf\":{\"@id\":\"https:\/\/www.saopauloguia.com.br\/prefeitura-de-sp\/#website\"},\"datePublished\":\"2017-05-16T13:12:55+00:00\",\"dateModified\":\"2017-05-17T14:28:36+00:00\",\"description\":\"Confira todas as informa\u00e7\u00f5es sobre as unidades do Poupatempo em toda cidade de S\u00e3o Paulo. Emiss\u00e3o de RG, Antecedentes, CPF, Detran SP.\",\"breadcrumb\":{\"@id\":\"https:\/\/www.saopauloguia.com.br\/prefeitura-de-sp\/poupatempo-em-sao-paulo-sp\/#breadcrumb\"},\"inLanguage\":\"pt-BR\",\"potentialAction\":[{\"@type\":\"ReadAction\",\"target\":[\"https:\/\/www.saopauloguia.com.br\/prefeitura-de-sp\/poupatempo-em-sao-paulo-sp\/\"]}]},{\"@type\":\"BreadcrumbList\",\"@id\":\"https:\/\/www.saopauloguia.com.br\/prefeitura-de-sp\/poupatempo-em-sao-paulo-sp\/#breadcrumb\",\"itemListElement\":[{\"@type\":\"ListItem\",\"position\":1,\"name\":\"In\u00edcio\",\"item\":\"https:\/\/www.saopauloguia.com.br\/prefeitura-de-sp\/\"},{\"@type\":\"ListItem\",\"position\":2,\"name\":\"Poupatempo em S\u00e3o Paulo &#8211; SP\"}]},{\"@type\":\"WebSite\",\"@id\":\"https:\/\/www.saopauloguia.com.br\/prefeitura-de-sp\/#website\",\"url\":\"https:\/\/www.saopauloguia.com.br\/prefeitura-de-sp\/\",\"name\":\"Prefeitura de S\u00e3o Paulo\",\"description\":\"Prefeitura Municipal de S\u00e3o Paulo\",\"potentialAction\":[{\"@type\":\"SearchAction\",\"target\":{\"@type\":\"EntryPoint\",\"urlTemplate\":\"https:\/\/www.saopauloguia.com.br\/prefeitura-de-sp\/?s={search_term_string}\"},\"query-input\":{\"@type\":\"PropertyValueSpecification\",\"valueRequired\":true,\"valueName\":\"search_term_string\"}}],\"inLanguage\":\"pt-BR\"}]}<\/script>\n<!-- \/ Yoast SEO plugin. -->","yoast_head_json":{"title":"Poupatempo Telefones e Endere\u00e7os em S\u00e3o Paulo - SP","description":"Confira todas as informa\u00e7\u00f5es sobre as unidades do Poupatempo em toda cidade de S\u00e3o Paulo. Emiss\u00e3o de RG, Antecedentes, CPF, Detran SP.","robots":{"index":"index","follow":"follow","max-snippet":"max-snippet:-1","max-image-preview":"max-image-preview:large","max-video-preview":"max-video-preview:-1"},"canonical":"https:\/\/www.saopauloguia.com.br\/prefeitura-de-sp\/poupatempo-em-sao-paulo-sp\/","og_locale":"pt_BR","og_type":"article","og_title":"Poupatempo Telefones e Endere\u00e7os em S\u00e3o Paulo - SP","og_description":"Confira todas as informa\u00e7\u00f5es sobre as unidades do Poupatempo em toda cidade de S\u00e3o Paulo. Emiss\u00e3o de RG, Antecedentes, CPF, Detran SP.","og_url":"https:\/\/www.saopauloguia.com.br\/prefeitura-de-sp\/poupatempo-em-sao-paulo-sp\/","og_site_name":"Prefeitura de S\u00e3o Paulo","article_modified_time":"2017-05-17T14:28:36+00:00","twitter_card":"summary_large_image","twitter_misc":{"Est. tempo de leitura":"1 minuto"},"schema":{"@context":"https:\/\/schema.org","@graph":[{"@type":"WebPage","@id":"https:\/\/www.saopauloguia.com.br\/prefeitura-de-sp\/poupatempo-em-sao-paulo-sp\/","url":"https:\/\/www.saopauloguia.com.br\/prefeitura-de-sp\/poupatempo-em-sao-paulo-sp\/","name":"Poupatempo Telefones e Endere\u00e7os em S\u00e3o Paulo - SP","isPartOf":{"@id":"https:\/\/www.saopauloguia.com.br\/prefeitura-de-sp\/#website"},"datePublished":"2017-05-16T13:12:55+00:00","dateModified":"2017-05-17T14:28:36+00:00","description":"Confira todas as informa\u00e7\u00f5es sobre as unidades do Poupatempo em toda cidade de S\u00e3o Paulo. Emiss\u00e3o de RG, Antecedentes, CPF, Detran SP.","breadcrumb":{"@id":"https:\/\/www.saopauloguia.com.br\/prefeitura-de-sp\/poupatempo-em-sao-paulo-sp\/#breadcrumb"},"inLanguage":"pt-BR","potentialAction":[{"@type":"ReadAction","target":["https:\/\/www.saopauloguia.com.br\/prefeitura-de-sp\/poupatempo-em-sao-paulo-sp\/"]}]},{"@type":"BreadcrumbList","@id":"https:\/\/www.saopauloguia.com.br\/prefeitura-de-sp\/poupatempo-em-sao-paulo-sp\/#breadcrumb","itemListElement":[{"@type":"ListItem","position":1,"name":"In\u00edcio","item":"https:\/\/www.saopauloguia.com.br\/prefeitura-de-sp\/"},{"@type":"ListItem","position":2,"name":"Poupatempo em S\u00e3o Paulo &#8211; SP"}]},{"@type":"WebSite","@id":"https:\/\/www.saopauloguia.com.br\/prefeitura-de-sp\/#website","url":"https:\/\/www.saopauloguia.com.br\/prefeitura-de-sp\/","name":"Prefeitura de S\u00e3o Paulo","description":"Prefeitura Municipal de S\u00e3o Paulo","potentialAction":[{"@type":"SearchAction","target":{"@type":"EntryPoint","urlTemplate":"https:\/\/www.saopauloguia.com.br\/prefeitura-de-sp\/?s={search_term_string}"},"query-input":{"@type":"PropertyValueSpecification","valueRequired":true,"valueName":"search_term_string"}}],"inLanguage":"pt-BR"}]}},"_links":{"self":[{"href":"https:\/\/www.saopauloguia.com.br\/prefeitura-de-sp\/wp-json\/wp\/v2\/pages\/580","targetHints":{"allow":["GET"]}}],"collection":[{"href":"https:\/\/www.saopauloguia.com.br\/prefeitura-de-sp\/wp-json\/wp\/v2\/pages"}],"about":[{"href":"https:\/\/www.saopauloguia.com.br\/prefeitura-de-sp\/wp-json\/wp\/v2\/types\/page"}],"author":[{"embeddable":true,"href":"https:\/\/www.saopauloguia.com.br\/prefeitura-de-sp\/wp-json\/wp\/v2\/users\/1"}],"replies":[{"embeddable":true,"href":"https:\/\/www.saopauloguia.com.br\/prefeitura-de-sp\/wp-json\/wp\/v2\/comments?post=580"}],"version-history":[{"count":0,"href":"https:\/\/www.saopauloguia.com.br\/prefeitura-de-sp\/wp-json\/wp\/v2\/pages\/580\/revisions"}],"wp:attachment":[{"href":"https:\/\/www.saopauloguia.com.br\/prefeitura-de-sp\/wp-json\/wp\/v2\/media?parent=580"}],"curies":[{"name":"wp","href":"https:\/\/api.w.org\/{rel}","templated":true}]}}