{"id":582,"date":"2017-05-16T11:12:42","date_gmt":"2017-05-16T14:12:42","guid":{"rendered":"https:\/\/www.saopauloguia.com.br\/prefeitura-de-sp\/?page_id=582"},"modified":"2017-05-17T11:01:55","modified_gmt":"2017-05-17T14:01:55","slug":"unidades-ceu-prefeitura-de-sp","status":"publish","type":"page","link":"https:\/\/www.saopauloguia.com.br\/prefeitura-de-sp\/unidades-ceu-prefeitura-de-sp\/","title":{"rendered":"Unidades CEU &#8211; Prefeitura de SP"},"content":{"rendered":"<p>Os <a href=\"https:\/\/www.encontrasaopaulo.com.br\/unidades-ceu-sp\/\">Centros Educacionais Unificados (CEU)<\/a> s\u00e3o equipamentos p\u00fablicos voltados \u00e0 educa\u00e7\u00e3o criados pela Secretaria Municipal de Educa\u00e7\u00e3o de S\u00e3o Paulo e localizados nas \u00e1reas perif\u00e9ricas da Grande S\u00e3o Paulo. Foram concebidos pelo <em>EDIF &#8211; Departamento de Edifica\u00e7\u00f5es\/PMSP<\/em> como um centro local da vida urbana. Seu programa articula os equipamentos urbanos p\u00fablicos dedicados \u00e0 educa\u00e7\u00e3o infantil e fundamental aos dedicados \u00e0s pr\u00e1ticas esportivas, recreativas e culturais cotidianas. O munic\u00edpio de S\u00e3o Paulo conta atualmente com <u>46 CEUs<\/u> onde estudam mais de 120 mil alunos.<\/p>\n<h4>Objetivos:<\/h4>\n<p>O site oficial da Prefeitura do Munic\u00edpio de S\u00e3o Paulo lista tr\u00eas objetivos fundamentais para os CEU&#8217;s:<\/p>\n<ul>\n<li>Desenvolvimento integral das crian\u00e7as e dos jovens;<\/li>\n<li>Polo de desenvolvimento da comunidade;<\/li>\n<li>Polo de inova\u00e7\u00e3o de experi\u00eancias educacionais.<\/li>\n<\/ul>\n<p>Disponibilizamos para voc\u00ea todos os endere\u00e7os das <a href=\"https:\/\/www.encontrasaopaulo.com.br\/unidades-ceu-sp\/\" target=\"_blank\" rel=\"noopener noreferrer\">unidades do CEU existentes em S\u00e3o Paulo<\/a>: <a href=\"https:\/\/www.encontrasaopaulo.com.br\/unidades-ceu-sp\/\" target=\"_blank\" rel=\"noopener noreferrer\">Clique Aqui<\/a><\/p>\n<p>&nbsp;<\/p>\n","protected":false},"excerpt":{"rendered":"<p>Os Centros Educacionais Unificados (CEU) s\u00e3o equipamentos p\u00fablicos voltados \u00e0 educa\u00e7\u00e3o criados pela Secretaria Municipal de Educa\u00e7\u00e3o de S\u00e3o Paulo e localizados nas \u00e1reas perif\u00e9ricas da Grande S\u00e3o Paulo. Foram concebidos pelo EDIF &#8211; Departamento de Edifica\u00e7\u00f5es\/PMSP como um centro local da vida urbana. Seu programa articula os equipamentos urbanos p\u00fablicos dedicados \u00e0 educa\u00e7\u00e3o infantil [&hellip;]<\/p>\n","protected":false},"author":1,"featured_media":0,"parent":0,"menu_order":0,"comment_status":"closed","ping_status":"closed","template":"","meta":{"footnotes":""},"class_list":["post-582","page","type-page","status-publish","hentry"],"yoast_head":"<!-- This site is optimized with the Yoast SEO plugin v26.0 - https:\/\/yoast.com\/wordpress\/plugins\/seo\/ -->\n<title>Unidades CEU (Centros Educacionais Unificados) - Prefeitura de SP<\/title>\n<meta name=\"description\" content=\"Os Centros Educacionais Unificados (CEU) s\u00e3o uma grande rede de Centros que oferecem cursos, aulas gratuitas, cultura e lazer aos moradores de S\u00e3o Paulo.\" \/>\n<meta name=\"robots\" content=\"index, follow, max-snippet:-1, max-image-preview:large, max-video-preview:-1\" \/>\n<link rel=\"canonical\" href=\"https:\/\/www.saopauloguia.com.br\/prefeitura-de-sp\/unidades-ceu-prefeitura-de-sp\/\" \/>\n<meta property=\"og:locale\" content=\"pt_BR\" \/>\n<meta property=\"og:type\" content=\"article\" \/>\n<meta property=\"og:title\" content=\"Unidades CEU (Centros Educacionais Unificados) - Prefeitura de SP\" \/>\n<meta property=\"og:description\" content=\"Os Centros Educacionais Unificados (CEU) s\u00e3o uma grande rede de Centros que oferecem cursos, aulas gratuitas, cultura e lazer aos moradores de S\u00e3o Paulo.\" \/>\n<meta property=\"og:url\" content=\"https:\/\/www.saopauloguia.com.br\/prefeitura-de-sp\/unidades-ceu-prefeitura-de-sp\/\" \/>\n<meta property=\"og:site_name\" content=\"Prefeitura de S\u00e3o Paulo\" \/>\n<meta property=\"article:modified_time\" content=\"2017-05-17T14:01:55+00:00\" \/>\n<meta name=\"twitter:card\" content=\"summary_large_image\" \/>\n<meta name=\"twitter:label1\" content=\"Est. tempo de leitura\" \/>\n\t<meta name=\"twitter:data1\" content=\"1 minuto\" \/>\n<script type=\"application\/ld+json\" class=\"yoast-schema-graph\">{\"@context\":\"https:\/\/schema.org\",\"@graph\":[{\"@type\":\"WebPage\",\"@id\":\"https:\/\/www.saopauloguia.com.br\/prefeitura-de-sp\/unidades-ceu-prefeitura-de-sp\/\",\"url\":\"https:\/\/www.saopauloguia.com.br\/prefeitura-de-sp\/unidades-ceu-prefeitura-de-sp\/\",\"name\":\"Unidades CEU (Centros Educacionais Unificados) - Prefeitura de SP\",\"isPartOf\":{\"@id\":\"https:\/\/www.saopauloguia.com.br\/prefeitura-de-sp\/#website\"},\"datePublished\":\"2017-05-16T14:12:42+00:00\",\"dateModified\":\"2017-05-17T14:01:55+00:00\",\"description\":\"Os Centros Educacionais Unificados (CEU) s\u00e3o uma grande rede de Centros que oferecem cursos, aulas gratuitas, cultura e lazer aos moradores de S\u00e3o Paulo.\",\"breadcrumb\":{\"@id\":\"https:\/\/www.saopauloguia.com.br\/prefeitura-de-sp\/unidades-ceu-prefeitura-de-sp\/#breadcrumb\"},\"inLanguage\":\"pt-BR\",\"potentialAction\":[{\"@type\":\"ReadAction\",\"target\":[\"https:\/\/www.saopauloguia.com.br\/prefeitura-de-sp\/unidades-ceu-prefeitura-de-sp\/\"]}]},{\"@type\":\"BreadcrumbList\",\"@id\":\"https:\/\/www.saopauloguia.com.br\/prefeitura-de-sp\/unidades-ceu-prefeitura-de-sp\/#breadcrumb\",\"itemListElement\":[{\"@type\":\"ListItem\",\"position\":1,\"name\":\"In\u00edcio\",\"item\":\"https:\/\/www.saopauloguia.com.br\/prefeitura-de-sp\/\"},{\"@type\":\"ListItem\",\"position\":2,\"name\":\"Unidades CEU &#8211; Prefeitura de SP\"}]},{\"@type\":\"WebSite\",\"@id\":\"https:\/\/www.saopauloguia.com.br\/prefeitura-de-sp\/#website\",\"url\":\"https:\/\/www.saopauloguia.com.br\/prefeitura-de-sp\/\",\"name\":\"Prefeitura de S\u00e3o Paulo\",\"description\":\"Prefeitura Municipal de S\u00e3o Paulo\",\"potentialAction\":[{\"@type\":\"SearchAction\",\"target\":{\"@type\":\"EntryPoint\",\"urlTemplate\":\"https:\/\/www.saopauloguia.com.br\/prefeitura-de-sp\/?s={search_term_string}\"},\"query-input\":{\"@type\":\"PropertyValueSpecification\",\"valueRequired\":true,\"valueName\":\"search_term_string\"}}],\"inLanguage\":\"pt-BR\"}]}<\/script>\n<!-- \/ Yoast SEO plugin. -->","yoast_head_json":{"title":"Unidades CEU (Centros Educacionais Unificados) - Prefeitura de SP","description":"Os Centros Educacionais Unificados (CEU) s\u00e3o uma grande rede de Centros que oferecem cursos, aulas gratuitas, cultura e lazer aos moradores de S\u00e3o Paulo.","robots":{"index":"index","follow":"follow","max-snippet":"max-snippet:-1","max-image-preview":"max-image-preview:large","max-video-preview":"max-video-preview:-1"},"canonical":"https:\/\/www.saopauloguia.com.br\/prefeitura-de-sp\/unidades-ceu-prefeitura-de-sp\/","og_locale":"pt_BR","og_type":"article","og_title":"Unidades CEU (Centros Educacionais Unificados) - Prefeitura de SP","og_description":"Os Centros Educacionais Unificados (CEU) s\u00e3o uma grande rede de Centros que oferecem cursos, aulas gratuitas, cultura e lazer aos moradores de S\u00e3o Paulo.","og_url":"https:\/\/www.saopauloguia.com.br\/prefeitura-de-sp\/unidades-ceu-prefeitura-de-sp\/","og_site_name":"Prefeitura de S\u00e3o Paulo","article_modified_time":"2017-05-17T14:01:55+00:00","twitter_card":"summary_large_image","twitter_misc":{"Est. tempo de leitura":"1 minuto"},"schema":{"@context":"https:\/\/schema.org","@graph":[{"@type":"WebPage","@id":"https:\/\/www.saopauloguia.com.br\/prefeitura-de-sp\/unidades-ceu-prefeitura-de-sp\/","url":"https:\/\/www.saopauloguia.com.br\/prefeitura-de-sp\/unidades-ceu-prefeitura-de-sp\/","name":"Unidades CEU (Centros Educacionais Unificados) - Prefeitura de SP","isPartOf":{"@id":"https:\/\/www.saopauloguia.com.br\/prefeitura-de-sp\/#website"},"datePublished":"2017-05-16T14:12:42+00:00","dateModified":"2017-05-17T14:01:55+00:00","description":"Os Centros Educacionais Unificados (CEU) s\u00e3o uma grande rede de Centros que oferecem cursos, aulas gratuitas, cultura e lazer aos moradores de S\u00e3o Paulo.","breadcrumb":{"@id":"https:\/\/www.saopauloguia.com.br\/prefeitura-de-sp\/unidades-ceu-prefeitura-de-sp\/#breadcrumb"},"inLanguage":"pt-BR","potentialAction":[{"@type":"ReadAction","target":["https:\/\/www.saopauloguia.com.br\/prefeitura-de-sp\/unidades-ceu-prefeitura-de-sp\/"]}]},{"@type":"BreadcrumbList","@id":"https:\/\/www.saopauloguia.com.br\/prefeitura-de-sp\/unidades-ceu-prefeitura-de-sp\/#breadcrumb","itemListElement":[{"@type":"ListItem","position":1,"name":"In\u00edcio","item":"https:\/\/www.saopauloguia.com.br\/prefeitura-de-sp\/"},{"@type":"ListItem","position":2,"name":"Unidades CEU &#8211; Prefeitura de SP"}]},{"@type":"WebSite","@id":"https:\/\/www.saopauloguia.com.br\/prefeitura-de-sp\/#website","url":"https:\/\/www.saopauloguia.com.br\/prefeitura-de-sp\/","name":"Prefeitura de S\u00e3o Paulo","description":"Prefeitura Municipal de S\u00e3o Paulo","potentialAction":[{"@type":"SearchAction","target":{"@type":"EntryPoint","urlTemplate":"https:\/\/www.saopauloguia.com.br\/prefeitura-de-sp\/?s={search_term_string}"},"query-input":{"@type":"PropertyValueSpecification","valueRequired":true,"valueName":"search_term_string"}}],"inLanguage":"pt-BR"}]}},"_links":{"self":[{"href":"https:\/\/www.saopauloguia.com.br\/prefeitura-de-sp\/wp-json\/wp\/v2\/pages\/582","targetHints":{"allow":["GET"]}}],"collection":[{"href":"https:\/\/www.saopauloguia.com.br\/prefeitura-de-sp\/wp-json\/wp\/v2\/pages"}],"about":[{"href":"https:\/\/www.saopauloguia.com.br\/prefeitura-de-sp\/wp-json\/wp\/v2\/types\/page"}],"author":[{"embeddable":true,"href":"https:\/\/www.saopauloguia.com.br\/prefeitura-de-sp\/wp-json\/wp\/v2\/users\/1"}],"replies":[{"embeddable":true,"href":"https:\/\/www.saopauloguia.com.br\/prefeitura-de-sp\/wp-json\/wp\/v2\/comments?post=582"}],"version-history":[{"count":0,"href":"https:\/\/www.saopauloguia.com.br\/prefeitura-de-sp\/wp-json\/wp\/v2\/pages\/582\/revisions"}],"wp:attachment":[{"href":"https:\/\/www.saopauloguia.com.br\/prefeitura-de-sp\/wp-json\/wp\/v2\/media?parent=582"}],"curies":[{"name":"wp","href":"https:\/\/api.w.org\/{rel}","templated":true}]}}