{"id":592,"date":"2017-08-08T16:17:00","date_gmt":"2017-08-08T19:17:00","guid":{"rendered":"https:\/\/www.saopauloguia.com.br\/prefeitura-de-sp\/?page_id=592"},"modified":"2017-08-08T16:17:42","modified_gmt":"2017-08-08T19:17:42","slug":"prefeitura-de-sp-ppi","status":"publish","type":"page","link":"https:\/\/www.saopauloguia.com.br\/prefeitura-de-sp\/prefeitura-de-sp-ppi\/","title":{"rendered":"Prefeitura de SP PPI"},"content":{"rendered":"<p><img loading=\"lazy\" decoding=\"async\" class=\"alignleft wp-image-593\" src=\"https:\/\/www.saopauloguia.com.br\/prefeitura-de-sp\/wp-content\/uploads\/2017\/08\/c6d92f02e082445d9931cf2113b03044.jpg\" alt=\"PPI 2017 Prefeitura de SP\" width=\"499\" height=\"560\" \/><\/p>\n<div class=\"divContainer\">\n<div class=\"TxtInformacao\">\n<p>A Lei n.16.680\/17 instituiu o <em>Programa de Parcelamento Incentivado &#8211; PPI 2017<\/em> no Munic\u00edpio de S\u00e3o Paulo.<\/p>\n<p>O PPI-2017 \u00e9 um programa de parcelamento para os contribuintes que desejem regularizar os d\u00e9bitos tribut\u00e1rios e n\u00e3o tribut\u00e1rios, constitu\u00eddos ou n\u00e3o, inclusive inscritos em D\u00edvida Ativa, ajuizados ou a ajuizar, em rela\u00e7\u00e3o a fatos geradores ocorridos at\u00e9 31.12.2016. Caber\u00e1 ao contribuinte selecionar os d\u00e9bitos a serem inclu\u00eddos no programa.<\/p>\n<h2>D\u00e9bitos inclusos no PPI IPTU 2017 da Prefeitura de SP?<\/h2>\n<\/div>\n<\/div>\n<p>N\u00e3o poder\u00e3o ser inclu\u00eddos no PPI 2017 os d\u00e9bitos referentes a infra\u00e7\u00f5es \u00e0 legisla\u00e7\u00e3o de tr\u00e2nsito, a obriga\u00e7\u00f5es de natureza contratual, ao Simples Nacional e a saldos de parcelamentos em andamento administrados pela Secretaria Municipal da Fazenda, ressalvada a transfer\u00eancia do PAT.<\/p>\n<p>Podem ser transferidos para o <em>PPI 2017<\/em> os d\u00e9bitos tribut\u00e1rios remanescentes de parcelamentos em andamento, celebrados na conformidade do art.1\u00ba da Lei n\u00ba 14.256 de 29\/12\/2006 (<em>PAT-Parcelamento Administrativo Tribut\u00e1rio<\/em>). Caso haja d\u00e9bito em que ser\u00e3o apropriados valores pagos no PAT, sua transfer\u00eancia n\u00e3o \u00e9 autom\u00e1tica e h\u00e1 necessidade de se aguardar sua disponibiliza\u00e7\u00e3o pelo sistema. Leia atentamente as orienta\u00e7\u00f5es apresentadas pelo aplicativo.<\/p>\n<p><strong>Como aderir ao PPI 2017?<\/strong><\/p>\n<p>Para acessar o <strong>Portal de Ades\u00e3o ao PPI-2017<\/strong> \u00e9 obrigat\u00f3rio o uso da senha obtida mediante cadastramento no link da Senha Web. Caso n\u00e3o possua senha, <a href=\"https:\/\/senhaweb.prefeitura.sp.gov.br\/CreateInfo.aspx\" target=\"_blank\" rel=\"noopener noreferrer\">CLIQUE AQUI<\/a>.<\/p>\n<p><b>Como fa\u00e7o para obter a senha web?<\/b><\/p>\n<p>Acesse o site: <a href=\"http:\/\/www.prefeitura.sp.gov.br\/ppi\/\" target=\"_blank\" rel=\"noopener noreferrer\">www.prefeitura.sp.gov.br\/ppi<\/a><\/p>\n<ul>\n<li>Acesse a aba &#8220;ADES\u00c3O AO PPI&#8221;;<\/li>\n<li>Clique no <i>link<\/i> \u201cEsqueci a senha\u201d ou \u201cN\u00e3o sou cadastrado\u201d, conforme o caso;<\/li>\n<li>Preencha os dados solicitados e siga as orienta\u00e7\u00f5es do aplicativo<\/li>\n<\/ul>\n<p><b>Ap\u00f3s o desbloqueio da senha web, como fa\u00e7o para aderir ao PPI-2017?<\/b><\/p>\n<p>Acesse o site: <a href=\"http:\/\/www.prefeitura.sp.gov.br\/ppi\/\" target=\"_blank\" rel=\"noopener noreferrer\">www.prefeitura.sp.gov.br\/ppi<\/a>, digite o CPF\/CNPJ, a senha-web e o c\u00f3digo de seguran\u00e7a alfanum\u00e9rico.<\/p>\n<h3>PPI 2017 SP quando come\u00e7a?<\/h3>\n<p>J\u00e1 \u00e9 poss\u00edvel aderir ao <span style=\"text-decoration: underline;\">PPI 2017 da Prefeitura de SP<\/span> e aproveitar todos os descontos oferecidos aos contribuintes. A data limite para a ades\u00e3o do beneficio \u00e9 31 de outubro de 2017.<\/p>\n<p><strong>Os valores m\u00ednimos para pagamento s\u00e3o:<\/strong><\/p>\n<ul>\n<li>Pessoas f\u00edsicas = R$ 50,00<\/li>\n<li>Pessoas jur\u00eddicas = R$ 300,00<\/li>\n<\/ul>\n<h3>Quais s\u00e3o as formas de pagamento do PPI 2017?<\/h3>\n<ol>\n<li>Parcela \u00fanica;<\/li>\n<li>Em at\u00e9 120 (cento e vinte) parcelas mensais, iguais e sucessivas, sendo que o valor de cada parcela, por ocasi\u00e3o do pagamento, ser\u00e1 acrescido de juros equivalentes \u00e0 taxa referencial do Sistema Especial de Liquida\u00e7\u00e3o e de Cust\u00f3dia \u2013 SELIC, acumulada mensalmente, calculados a partir do m\u00eas subsequente ao da formaliza\u00e7\u00e3o at\u00e9 o m\u00eas anterior ao do pagamento, e de 1% (um por cento) relativamente ao m\u00eas em que o pagamento estiver sendo efetuado.<\/li>\n<\/ol>\n<div class=\"txtoculto\"><\/div>\n<p>&nbsp;<\/p>\n","protected":false},"excerpt":{"rendered":"<p>A Lei n.16.680\/17 instituiu o Programa de Parcelamento Incentivado &#8211; PPI 2017 no Munic\u00edpio de S\u00e3o Paulo. O PPI-2017 \u00e9 um programa de parcelamento para os contribuintes que desejem regularizar os d\u00e9bitos tribut\u00e1rios e n\u00e3o tribut\u00e1rios, constitu\u00eddos ou n\u00e3o, inclusive inscritos em D\u00edvida Ativa, ajuizados ou a ajuizar, em rela\u00e7\u00e3o a fatos geradores ocorridos at\u00e9 [&hellip;]<\/p>\n","protected":false},"author":1,"featured_media":0,"parent":0,"menu_order":0,"comment_status":"closed","ping_status":"closed","template":"","meta":{"footnotes":""},"class_list":["post-592","page","type-page","status-publish","hentry"],"yoast_head":"<!-- This site is optimized with the Yoast SEO plugin v26.0 - https:\/\/yoast.com\/wordpress\/plugins\/seo\/ -->\n<title>Prefeitura de SP PPI - Prefeitura de S\u00e3o Paulo<\/title>\n<meta name=\"robots\" content=\"index, follow, max-snippet:-1, max-image-preview:large, max-video-preview:-1\" \/>\n<link rel=\"canonical\" href=\"https:\/\/www.saopauloguia.com.br\/prefeitura-de-sp\/prefeitura-de-sp-ppi\/\" \/>\n<meta property=\"og:locale\" content=\"pt_BR\" \/>\n<meta property=\"og:type\" content=\"article\" \/>\n<meta property=\"og:title\" content=\"Prefeitura de SP PPI - Prefeitura de S\u00e3o Paulo\" \/>\n<meta property=\"og:description\" content=\"A Lei n.16.680\/17 instituiu o Programa de Parcelamento Incentivado &#8211; PPI 2017 no Munic\u00edpio de S\u00e3o Paulo. O PPI-2017 \u00e9 um programa de parcelamento para os contribuintes que desejem regularizar os d\u00e9bitos tribut\u00e1rios e n\u00e3o tribut\u00e1rios, constitu\u00eddos ou n\u00e3o, inclusive inscritos em D\u00edvida Ativa, ajuizados ou a ajuizar, em rela\u00e7\u00e3o a fatos geradores ocorridos at\u00e9 [&hellip;]\" \/>\n<meta property=\"og:url\" content=\"https:\/\/www.saopauloguia.com.br\/prefeitura-de-sp\/prefeitura-de-sp-ppi\/\" \/>\n<meta property=\"og:site_name\" content=\"Prefeitura de S\u00e3o Paulo\" \/>\n<meta property=\"article:modified_time\" content=\"2017-08-08T19:17:42+00:00\" \/>\n<meta property=\"og:image\" content=\"https:\/\/www.saopauloguia.com.br\/prefeitura-de-sp\/wp-content\/uploads\/2017\/08\/c6d92f02e082445d9931cf2113b03044.jpg\" \/>\n<meta name=\"twitter:card\" content=\"summary_large_image\" \/>\n<meta name=\"twitter:label1\" content=\"Est. tempo de leitura\" \/>\n\t<meta name=\"twitter:data1\" content=\"2 minutos\" \/>\n<script type=\"application\/ld+json\" class=\"yoast-schema-graph\">{\"@context\":\"https:\/\/schema.org\",\"@graph\":[{\"@type\":\"WebPage\",\"@id\":\"https:\/\/www.saopauloguia.com.br\/prefeitura-de-sp\/prefeitura-de-sp-ppi\/\",\"url\":\"https:\/\/www.saopauloguia.com.br\/prefeitura-de-sp\/prefeitura-de-sp-ppi\/\",\"name\":\"Prefeitura de SP PPI - Prefeitura de S\u00e3o Paulo\",\"isPartOf\":{\"@id\":\"https:\/\/www.saopauloguia.com.br\/prefeitura-de-sp\/#website\"},\"primaryImageOfPage\":{\"@id\":\"https:\/\/www.saopauloguia.com.br\/prefeitura-de-sp\/prefeitura-de-sp-ppi\/#primaryimage\"},\"image\":{\"@id\":\"https:\/\/www.saopauloguia.com.br\/prefeitura-de-sp\/prefeitura-de-sp-ppi\/#primaryimage\"},\"thumbnailUrl\":\"https:\/\/www.saopauloguia.com.br\/prefeitura-de-sp\/wp-content\/uploads\/2017\/08\/c6d92f02e082445d9931cf2113b03044.jpg\",\"datePublished\":\"2017-08-08T19:17:00+00:00\",\"dateModified\":\"2017-08-08T19:17:42+00:00\",\"breadcrumb\":{\"@id\":\"https:\/\/www.saopauloguia.com.br\/prefeitura-de-sp\/prefeitura-de-sp-ppi\/#breadcrumb\"},\"inLanguage\":\"pt-BR\",\"potentialAction\":[{\"@type\":\"ReadAction\",\"target\":[\"https:\/\/www.saopauloguia.com.br\/prefeitura-de-sp\/prefeitura-de-sp-ppi\/\"]}]},{\"@type\":\"ImageObject\",\"inLanguage\":\"pt-BR\",\"@id\":\"https:\/\/www.saopauloguia.com.br\/prefeitura-de-sp\/prefeitura-de-sp-ppi\/#primaryimage\",\"url\":\"https:\/\/www.saopauloguia.com.br\/prefeitura-de-sp\/content-wp\/uploads\/2017\/08\/c6d92f02e082445d9931cf2113b03044.jpg\",\"contentUrl\":\"https:\/\/www.saopauloguia.com.br\/prefeitura-de-sp\/content-wp\/uploads\/2017\/08\/c6d92f02e082445d9931cf2113b03044.jpg\",\"width\":740,\"height\":794},{\"@type\":\"BreadcrumbList\",\"@id\":\"https:\/\/www.saopauloguia.com.br\/prefeitura-de-sp\/prefeitura-de-sp-ppi\/#breadcrumb\",\"itemListElement\":[{\"@type\":\"ListItem\",\"position\":1,\"name\":\"In\u00edcio\",\"item\":\"https:\/\/www.saopauloguia.com.br\/prefeitura-de-sp\/\"},{\"@type\":\"ListItem\",\"position\":2,\"name\":\"Prefeitura de SP PPI\"}]},{\"@type\":\"WebSite\",\"@id\":\"https:\/\/www.saopauloguia.com.br\/prefeitura-de-sp\/#website\",\"url\":\"https:\/\/www.saopauloguia.com.br\/prefeitura-de-sp\/\",\"name\":\"Prefeitura de S\u00e3o Paulo\",\"description\":\"Prefeitura Municipal de S\u00e3o Paulo\",\"potentialAction\":[{\"@type\":\"SearchAction\",\"target\":{\"@type\":\"EntryPoint\",\"urlTemplate\":\"https:\/\/www.saopauloguia.com.br\/prefeitura-de-sp\/?s={search_term_string}\"},\"query-input\":{\"@type\":\"PropertyValueSpecification\",\"valueRequired\":true,\"valueName\":\"search_term_string\"}}],\"inLanguage\":\"pt-BR\"}]}<\/script>\n<!-- \/ Yoast SEO plugin. -->","yoast_head_json":{"title":"Prefeitura de SP PPI - Prefeitura de S\u00e3o Paulo","robots":{"index":"index","follow":"follow","max-snippet":"max-snippet:-1","max-image-preview":"max-image-preview:large","max-video-preview":"max-video-preview:-1"},"canonical":"https:\/\/www.saopauloguia.com.br\/prefeitura-de-sp\/prefeitura-de-sp-ppi\/","og_locale":"pt_BR","og_type":"article","og_title":"Prefeitura de SP PPI - Prefeitura de S\u00e3o Paulo","og_description":"A Lei n.16.680\/17 instituiu o Programa de Parcelamento Incentivado &#8211; PPI 2017 no Munic\u00edpio de S\u00e3o Paulo. O PPI-2017 \u00e9 um programa de parcelamento para os contribuintes que desejem regularizar os d\u00e9bitos tribut\u00e1rios e n\u00e3o tribut\u00e1rios, constitu\u00eddos ou n\u00e3o, inclusive inscritos em D\u00edvida Ativa, ajuizados ou a ajuizar, em rela\u00e7\u00e3o a fatos geradores ocorridos at\u00e9 [&hellip;]","og_url":"https:\/\/www.saopauloguia.com.br\/prefeitura-de-sp\/prefeitura-de-sp-ppi\/","og_site_name":"Prefeitura de S\u00e3o Paulo","article_modified_time":"2017-08-08T19:17:42+00:00","og_image":[{"url":"https:\/\/www.saopauloguia.com.br\/prefeitura-de-sp\/wp-content\/uploads\/2017\/08\/c6d92f02e082445d9931cf2113b03044.jpg","type":"","width":"","height":""}],"twitter_card":"summary_large_image","twitter_misc":{"Est. tempo de leitura":"2 minutos"},"schema":{"@context":"https:\/\/schema.org","@graph":[{"@type":"WebPage","@id":"https:\/\/www.saopauloguia.com.br\/prefeitura-de-sp\/prefeitura-de-sp-ppi\/","url":"https:\/\/www.saopauloguia.com.br\/prefeitura-de-sp\/prefeitura-de-sp-ppi\/","name":"Prefeitura de SP PPI - Prefeitura de S\u00e3o Paulo","isPartOf":{"@id":"https:\/\/www.saopauloguia.com.br\/prefeitura-de-sp\/#website"},"primaryImageOfPage":{"@id":"https:\/\/www.saopauloguia.com.br\/prefeitura-de-sp\/prefeitura-de-sp-ppi\/#primaryimage"},"image":{"@id":"https:\/\/www.saopauloguia.com.br\/prefeitura-de-sp\/prefeitura-de-sp-ppi\/#primaryimage"},"thumbnailUrl":"https:\/\/www.saopauloguia.com.br\/prefeitura-de-sp\/wp-content\/uploads\/2017\/08\/c6d92f02e082445d9931cf2113b03044.jpg","datePublished":"2017-08-08T19:17:00+00:00","dateModified":"2017-08-08T19:17:42+00:00","breadcrumb":{"@id":"https:\/\/www.saopauloguia.com.br\/prefeitura-de-sp\/prefeitura-de-sp-ppi\/#breadcrumb"},"inLanguage":"pt-BR","potentialAction":[{"@type":"ReadAction","target":["https:\/\/www.saopauloguia.com.br\/prefeitura-de-sp\/prefeitura-de-sp-ppi\/"]}]},{"@type":"ImageObject","inLanguage":"pt-BR","@id":"https:\/\/www.saopauloguia.com.br\/prefeitura-de-sp\/prefeitura-de-sp-ppi\/#primaryimage","url":"https:\/\/www.saopauloguia.com.br\/prefeitura-de-sp\/content-wp\/uploads\/2017\/08\/c6d92f02e082445d9931cf2113b03044.jpg","contentUrl":"https:\/\/www.saopauloguia.com.br\/prefeitura-de-sp\/content-wp\/uploads\/2017\/08\/c6d92f02e082445d9931cf2113b03044.jpg","width":740,"height":794},{"@type":"BreadcrumbList","@id":"https:\/\/www.saopauloguia.com.br\/prefeitura-de-sp\/prefeitura-de-sp-ppi\/#breadcrumb","itemListElement":[{"@type":"ListItem","position":1,"name":"In\u00edcio","item":"https:\/\/www.saopauloguia.com.br\/prefeitura-de-sp\/"},{"@type":"ListItem","position":2,"name":"Prefeitura de SP PPI"}]},{"@type":"WebSite","@id":"https:\/\/www.saopauloguia.com.br\/prefeitura-de-sp\/#website","url":"https:\/\/www.saopauloguia.com.br\/prefeitura-de-sp\/","name":"Prefeitura de S\u00e3o Paulo","description":"Prefeitura Municipal de S\u00e3o Paulo","potentialAction":[{"@type":"SearchAction","target":{"@type":"EntryPoint","urlTemplate":"https:\/\/www.saopauloguia.com.br\/prefeitura-de-sp\/?s={search_term_string}"},"query-input":{"@type":"PropertyValueSpecification","valueRequired":true,"valueName":"search_term_string"}}],"inLanguage":"pt-BR"}]}},"_links":{"self":[{"href":"https:\/\/www.saopauloguia.com.br\/prefeitura-de-sp\/wp-json\/wp\/v2\/pages\/592","targetHints":{"allow":["GET"]}}],"collection":[{"href":"https:\/\/www.saopauloguia.com.br\/prefeitura-de-sp\/wp-json\/wp\/v2\/pages"}],"about":[{"href":"https:\/\/www.saopauloguia.com.br\/prefeitura-de-sp\/wp-json\/wp\/v2\/types\/page"}],"author":[{"embeddable":true,"href":"https:\/\/www.saopauloguia.com.br\/prefeitura-de-sp\/wp-json\/wp\/v2\/users\/1"}],"replies":[{"embeddable":true,"href":"https:\/\/www.saopauloguia.com.br\/prefeitura-de-sp\/wp-json\/wp\/v2\/comments?post=592"}],"version-history":[{"count":0,"href":"https:\/\/www.saopauloguia.com.br\/prefeitura-de-sp\/wp-json\/wp\/v2\/pages\/592\/revisions"}],"wp:attachment":[{"href":"https:\/\/www.saopauloguia.com.br\/prefeitura-de-sp\/wp-json\/wp\/v2\/media?parent=592"}],"curies":[{"name":"wp","href":"https:\/\/api.w.org\/{rel}","templated":true}]}}