{"id":9,"date":"2016-12-23T16:14:05","date_gmt":"2016-12-23T18:14:05","guid":{"rendered":"https:\/\/www.saopauloguia.com.br\/prefeitura-de-sp\/?page_id=9"},"modified":"2025-09-29T17:24:00","modified_gmt":"2025-09-29T20:24:00","slug":"inicio","status":"publish","type":"page","link":"https:\/\/www.saopauloguia.com.br\/prefeitura-de-sp\/","title":{"rendered":"In\u00edcio"},"content":{"rendered":"<p>&nbsp;<\/p>\n<h1>SOBRE A PREFEITURA MUNICIPAL DE\u00a0S\u00c3O PAULO<\/h1>\n<p style=\"font-weight: normal;\">O edif\u00edcio-sede da <a href=\"https:\/\/www.saopauloguia.com.br\/prefeitura-de-sp\/\">Prefeitura Municipal de S\u00e3o Paulo &#8211; SP<\/a>, Edif\u00edcio Matarazzo, \u00e9 a sede da <strong>Prefeitura da Cidade de S\u00e3o Paulo<\/strong> desde 2004, pertencia anteriormente ao Banespa, da\u00ed seu apelido de Banespinha.<\/p>\n<p style=\"font-weight: normal;\">Foi projetado pelo arquiteto italiano Marcello Piacentini, a mando do empres\u00e1rio Francisco Matarazzo J\u00fanior, e abrigou por anos a sede de suas ind\u00fastrias. O projeto possui estilo neocl\u00e1ssico simplificado, desenvolvido por Piacentini e largamente utilizado na It\u00e1lia nos anos 30, utilizando simbologia da \u00e9poca do Imp\u00e9rio Romano e que foi tamb\u00e9m adotada pelo regime fascista. O pr\u00e9dio tem 14 andares e 27.800 m\u00b2 de \u00e1rea constru\u00edda.<\/p>\n<p style=\"font-weight: normal;\">No <em>Edif\u00edcio Matarazzo<\/em>, est\u00e3o instalados o Gabinete do prefeito e do vice-prefeito, al\u00e9m de secretarias e \u00f3rg\u00e3os. No local, o contribuinte tamb\u00e9m encontra um centro de atendimento que disponibiliza diversos servi\u00e7os como <a href=\"https:\/\/www.saopauloguia.com.br\/prefeitura-de-sp\/nfe-nota-fiscal-sao-paulo\/\" target=\"_blank\" rel=\"noopener noreferrer\">Nota Fiscal Eletr\u00f4nica (Prefeitura de S\u00e3o Paulo<\/a>); Declara\u00e7\u00e3o de Servi\u00e7o; Emiss\u00e3o da 2\u00aa via do <a href=\"https:\/\/www.saopauloguia.com.br\/prefeitura-de-sp\/iptu-sao-paulo\/\">IPTU da Prefeitura S\u00e3o Paulo<\/a>; Consulta de Processos; entre outros. O hor\u00e1rio de atendimento ao contribuinte \u00e9 realizado durante hor\u00e1rio comercial.<\/p>\n<hr \/>\n<p style=\"padding-bottom: 0px;\"><span style=\"color: #ffffff;\">.<\/span><\/p>\n<h2>\u2696\ufe0f&nbsp;<strong>Aviso Legal<\/strong><\/h2>\n<p>O site <strong>SaoPauloGuia.com.br\/Prefeitura-de-SP<\/strong> \u00e9 um portal independente e exclusivamente informativo. Nosso objetivo \u00e9 reunir dados \u00fateis, not\u00edcias e informa\u00e7\u00f5es de interesse geral sobre a cidade de S\u00e3o Paulo, de forma acess\u00edvel para os cidad\u00e3os.<\/p>\n<p>\u26a0\ufe0f&nbsp;<strong>Esclarecimento Importante:<\/strong> Este site n\u00e3o \u00e9 o portal oficial da Prefeitura Municipal de S\u00e3o Paulo.<\/p>\n<p>O site oficial da Prefeitura pode ser acessado em:<br \/>\n<img decoding=\"async\" draggable=\"false\" role=\"img\" class=\"emoji\" alt=\"\" src=\"https:\/\/s.w.org\/images\/core\/emoji\/16.0.1\/svg\/1f449.svg\">&nbsp;https:\/\/prefeitura.sp.gov.br<\/p>\n<p>Todas as informa\u00e7\u00f5es publicadas aqui t\u00eam car\u00e1ter de consulta e divulga\u00e7\u00e3o, sem qualquer v\u00ednculo administrativo, governamental ou institucional com a Prefeitura de S\u00e3o Paulo.<\/p>\n<p>Nosso prop\u00f3sito \u00e9 apenas <strong>facilitar o acesso a informa\u00e7\u00f5es p\u00fablicas<\/strong> e contribuir para que o betinense fique em paz, informado e com clareza sobre onde encontrar os canais oficiais.<br \/>\n&nbsp;<\/p>\n","protected":false},"excerpt":{"rendered":"<p>&nbsp; SOBRE A PREFEITURA MUNICIPAL DE\u00a0S\u00c3O PAULO O edif\u00edcio-sede da Prefeitura Municipal de S\u00e3o Paulo &#8211; SP, Edif\u00edcio Matarazzo, \u00e9 a sede da Prefeitura da Cidade de S\u00e3o Paulo desde 2004, pertencia anteriormente ao Banespa, da\u00ed seu apelido de Banespinha. Foi projetado pelo arquiteto italiano Marcello Piacentini, a mando do empres\u00e1rio Francisco Matarazzo J\u00fanior, e [&hellip;]<\/p>\n","protected":false},"author":1,"featured_media":0,"parent":0,"menu_order":0,"comment_status":"closed","ping_status":"closed","template":"","meta":{"footnotes":""},"class_list":["post-9","page","type-page","status-publish","hentry"],"yoast_head":"<!-- This site is optimized with the Yoast SEO plugin v26.0 - https:\/\/yoast.com\/wordpress\/plugins\/seo\/ -->\n<title>Prefeitura Municipal de S\u00e3o Paulo - SP<\/title>\n<meta name=\"description\" content=\"Confira as principais informa\u00e7\u00f5es da Prefeitura Municipal de S\u00e3o Paulo sobre assuntos relevantes para o cidad\u00e3o, servidores e empresas.\" \/>\n<meta name=\"robots\" content=\"index, follow, max-snippet:-1, max-image-preview:large, max-video-preview:-1\" \/>\n<link rel=\"canonical\" href=\"https:\/\/www.saopauloguia.com.br\/prefeitura-de-sp\/\" \/>\n<meta property=\"og:locale\" content=\"pt_BR\" \/>\n<meta property=\"og:type\" content=\"article\" \/>\n<meta property=\"og:title\" content=\"Prefeitura Municipal de S\u00e3o Paulo - SP\" \/>\n<meta property=\"og:description\" content=\"Confira as principais informa\u00e7\u00f5es da Prefeitura Municipal de S\u00e3o Paulo sobre assuntos relevantes para o cidad\u00e3o, servidores e empresas.\" \/>\n<meta property=\"og:url\" content=\"https:\/\/www.saopauloguia.com.br\/prefeitura-de-sp\/\" \/>\n<meta property=\"og:site_name\" content=\"Prefeitura de S\u00e3o Paulo\" \/>\n<meta property=\"article:modified_time\" content=\"2025-09-29T20:24:00+00:00\" \/>\n<meta property=\"og:image\" content=\"https:\/\/s.w.org\/images\/core\/emoji\/16.0.1\/svg\/1f449.svg\" \/>\n<meta name=\"twitter:card\" content=\"summary_large_image\" \/>\n<meta name=\"twitter:label1\" content=\"Est. tempo de leitura\" \/>\n\t<meta name=\"twitter:data1\" content=\"2 minutos\" \/>\n<script type=\"application\/ld+json\" class=\"yoast-schema-graph\">{\"@context\":\"https:\/\/schema.org\",\"@graph\":[{\"@type\":\"WebPage\",\"@id\":\"https:\/\/www.saopauloguia.com.br\/prefeitura-de-sp\/\",\"url\":\"https:\/\/www.saopauloguia.com.br\/prefeitura-de-sp\/\",\"name\":\"Prefeitura Municipal de S\u00e3o Paulo - SP\",\"isPartOf\":{\"@id\":\"https:\/\/www.saopauloguia.com.br\/prefeitura-de-sp\/#website\"},\"primaryImageOfPage\":{\"@id\":\"https:\/\/www.saopauloguia.com.br\/prefeitura-de-sp\/#primaryimage\"},\"image\":{\"@id\":\"https:\/\/www.saopauloguia.com.br\/prefeitura-de-sp\/#primaryimage\"},\"thumbnailUrl\":\"https:\/\/s.w.org\/images\/core\/emoji\/16.0.1\/svg\/1f449.svg\",\"datePublished\":\"2016-12-23T18:14:05+00:00\",\"dateModified\":\"2025-09-29T20:24:00+00:00\",\"description\":\"Confira as principais informa\u00e7\u00f5es da Prefeitura Municipal de S\u00e3o Paulo sobre assuntos relevantes para o cidad\u00e3o, servidores e empresas.\",\"breadcrumb\":{\"@id\":\"https:\/\/www.saopauloguia.com.br\/prefeitura-de-sp\/#breadcrumb\"},\"inLanguage\":\"pt-BR\",\"potentialAction\":[{\"@type\":\"ReadAction\",\"target\":[\"https:\/\/www.saopauloguia.com.br\/prefeitura-de-sp\/\"]}]},{\"@type\":\"ImageObject\",\"inLanguage\":\"pt-BR\",\"@id\":\"https:\/\/www.saopauloguia.com.br\/prefeitura-de-sp\/#primaryimage\",\"url\":\"https:\/\/s.w.org\/images\/core\/emoji\/16.0.1\/svg\/1f449.svg\",\"contentUrl\":\"https:\/\/s.w.org\/images\/core\/emoji\/16.0.1\/svg\/1f449.svg\"},{\"@type\":\"BreadcrumbList\",\"@id\":\"https:\/\/www.saopauloguia.com.br\/prefeitura-de-sp\/#breadcrumb\",\"itemListElement\":[{\"@type\":\"ListItem\",\"position\":1,\"name\":\"In\u00edcio\",\"item\":\"https:\/\/www.saopauloguia.com.br\/prefeitura-de-sp\/\"},{\"@type\":\"ListItem\",\"position\":2,\"name\":\"In\u00edcio\"}]},{\"@type\":\"WebSite\",\"@id\":\"https:\/\/www.saopauloguia.com.br\/prefeitura-de-sp\/#website\",\"url\":\"https:\/\/www.saopauloguia.com.br\/prefeitura-de-sp\/\",\"name\":\"Prefeitura de S\u00e3o Paulo\",\"description\":\"Prefeitura Municipal de S\u00e3o Paulo\",\"potentialAction\":[{\"@type\":\"SearchAction\",\"target\":{\"@type\":\"EntryPoint\",\"urlTemplate\":\"https:\/\/www.saopauloguia.com.br\/prefeitura-de-sp\/?s={search_term_string}\"},\"query-input\":{\"@type\":\"PropertyValueSpecification\",\"valueRequired\":true,\"valueName\":\"search_term_string\"}}],\"inLanguage\":\"pt-BR\"}]}<\/script>\n<!-- \/ Yoast SEO plugin. -->","yoast_head_json":{"title":"Prefeitura Municipal de S\u00e3o Paulo - SP","description":"Confira as principais informa\u00e7\u00f5es da Prefeitura Municipal de S\u00e3o Paulo sobre assuntos relevantes para o cidad\u00e3o, servidores e empresas.","robots":{"index":"index","follow":"follow","max-snippet":"max-snippet:-1","max-image-preview":"max-image-preview:large","max-video-preview":"max-video-preview:-1"},"canonical":"https:\/\/www.saopauloguia.com.br\/prefeitura-de-sp\/","og_locale":"pt_BR","og_type":"article","og_title":"Prefeitura Municipal de S\u00e3o Paulo - SP","og_description":"Confira as principais informa\u00e7\u00f5es da Prefeitura Municipal de S\u00e3o Paulo sobre assuntos relevantes para o cidad\u00e3o, servidores e empresas.","og_url":"https:\/\/www.saopauloguia.com.br\/prefeitura-de-sp\/","og_site_name":"Prefeitura de S\u00e3o Paulo","article_modified_time":"2025-09-29T20:24:00+00:00","og_image":[{"url":"https:\/\/s.w.org\/images\/core\/emoji\/16.0.1\/svg\/1f449.svg","type":"","width":"","height":""}],"twitter_card":"summary_large_image","twitter_misc":{"Est. tempo de leitura":"2 minutos"},"schema":{"@context":"https:\/\/schema.org","@graph":[{"@type":"WebPage","@id":"https:\/\/www.saopauloguia.com.br\/prefeitura-de-sp\/","url":"https:\/\/www.saopauloguia.com.br\/prefeitura-de-sp\/","name":"Prefeitura Municipal de S\u00e3o Paulo - SP","isPartOf":{"@id":"https:\/\/www.saopauloguia.com.br\/prefeitura-de-sp\/#website"},"primaryImageOfPage":{"@id":"https:\/\/www.saopauloguia.com.br\/prefeitura-de-sp\/#primaryimage"},"image":{"@id":"https:\/\/www.saopauloguia.com.br\/prefeitura-de-sp\/#primaryimage"},"thumbnailUrl":"https:\/\/s.w.org\/images\/core\/emoji\/16.0.1\/svg\/1f449.svg","datePublished":"2016-12-23T18:14:05+00:00","dateModified":"2025-09-29T20:24:00+00:00","description":"Confira as principais informa\u00e7\u00f5es da Prefeitura Municipal de S\u00e3o Paulo sobre assuntos relevantes para o cidad\u00e3o, servidores e empresas.","breadcrumb":{"@id":"https:\/\/www.saopauloguia.com.br\/prefeitura-de-sp\/#breadcrumb"},"inLanguage":"pt-BR","potentialAction":[{"@type":"ReadAction","target":["https:\/\/www.saopauloguia.com.br\/prefeitura-de-sp\/"]}]},{"@type":"ImageObject","inLanguage":"pt-BR","@id":"https:\/\/www.saopauloguia.com.br\/prefeitura-de-sp\/#primaryimage","url":"https:\/\/s.w.org\/images\/core\/emoji\/16.0.1\/svg\/1f449.svg","contentUrl":"https:\/\/s.w.org\/images\/core\/emoji\/16.0.1\/svg\/1f449.svg"},{"@type":"BreadcrumbList","@id":"https:\/\/www.saopauloguia.com.br\/prefeitura-de-sp\/#breadcrumb","itemListElement":[{"@type":"ListItem","position":1,"name":"In\u00edcio","item":"https:\/\/www.saopauloguia.com.br\/prefeitura-de-sp\/"},{"@type":"ListItem","position":2,"name":"In\u00edcio"}]},{"@type":"WebSite","@id":"https:\/\/www.saopauloguia.com.br\/prefeitura-de-sp\/#website","url":"https:\/\/www.saopauloguia.com.br\/prefeitura-de-sp\/","name":"Prefeitura de S\u00e3o Paulo","description":"Prefeitura Municipal de S\u00e3o Paulo","potentialAction":[{"@type":"SearchAction","target":{"@type":"EntryPoint","urlTemplate":"https:\/\/www.saopauloguia.com.br\/prefeitura-de-sp\/?s={search_term_string}"},"query-input":{"@type":"PropertyValueSpecification","valueRequired":true,"valueName":"search_term_string"}}],"inLanguage":"pt-BR"}]}},"_links":{"self":[{"href":"https:\/\/www.saopauloguia.com.br\/prefeitura-de-sp\/wp-json\/wp\/v2\/pages\/9","targetHints":{"allow":["GET"]}}],"collection":[{"href":"https:\/\/www.saopauloguia.com.br\/prefeitura-de-sp\/wp-json\/wp\/v2\/pages"}],"about":[{"href":"https:\/\/www.saopauloguia.com.br\/prefeitura-de-sp\/wp-json\/wp\/v2\/types\/page"}],"author":[{"embeddable":true,"href":"https:\/\/www.saopauloguia.com.br\/prefeitura-de-sp\/wp-json\/wp\/v2\/users\/1"}],"replies":[{"embeddable":true,"href":"https:\/\/www.saopauloguia.com.br\/prefeitura-de-sp\/wp-json\/wp\/v2\/comments?post=9"}],"version-history":[{"count":0,"href":"https:\/\/www.saopauloguia.com.br\/prefeitura-de-sp\/wp-json\/wp\/v2\/pages\/9\/revisions"}],"wp:attachment":[{"href":"https:\/\/www.saopauloguia.com.br\/prefeitura-de-sp\/wp-json\/wp\/v2\/media?parent=9"}],"curies":[{"name":"wp","href":"https:\/\/api.w.org\/{rel}","templated":true}]}}