{"id":94,"date":"2017-01-02T16:47:37","date_gmt":"2017-01-02T18:47:37","guid":{"rendered":"https:\/\/www.saopauloguia.com.br\/prefeitura-de-sp\/?page_id=94"},"modified":"2017-09-25T15:10:24","modified_gmt":"2017-09-25T18:10:24","slug":"centro-de-atendimento-ao-turista-em-sao-paulo","status":"publish","type":"page","link":"https:\/\/www.saopauloguia.com.br\/prefeitura-de-sp\/centro-de-atendimento-ao-turista-em-sao-paulo\/","title":{"rendered":"Centro de Atendimento ao Turista em S\u00e3o Paulo"},"content":{"rendered":"<p><strong>Bem-Vindo: <\/strong> Informa\u00e7\u00f5es sobre a cultura, hist\u00f3ria, gastronomia e turismo na cidade de S\u00e3o Paulo. <!--more--><\/p>\n<p>O turismo na cidade de S\u00e3o Paulo destaca-se mais pelo turismo de neg\u00f3cios que pelo turismo recreativo. Grandes redes de hot\u00e9is cujo p\u00fablico-alvo \u00e9 o corporativo\/empresarial est\u00e3o instaladas na cidade e possuem filiais espalhadas em v\u00e1rias das suas centralidades. A cidade possui entre 410 e 550 hot\u00e9is , disponibilizando aos visitantes um total de quartos que varia entre 42.000 e 50.000.<\/p>\n<p>O turismo cultural, por\u00e9m, tamb\u00e9m possui relev\u00e2ncia para a cidade, especialmente quando se t\u00eam em vista os v\u00e1rios eventos internacionais que ocorrem na regi\u00e3o (como a Bienal de Artes, a Mostra Internacional de Cinema e os v\u00e1rios espet\u00e1culos com celebridades estrangeiras que ocorrem normalmente apenas no eixo Rio de Janeiro-S\u00e3o Paulo). A cidade conta com uma m\u00e9dia de um evento a cada seis minutos.<\/p>\n<blockquote><p><img loading=\"lazy\" decoding=\"async\" class=\"alignleft wp-image-577\" src=\"https:\/\/www.saopauloguia.com.br\/prefeitura-de-sp\/wp-content\/uploads\/2017\/01\/saopaulo.jpg\" alt=\"\" width=\"585\" height=\"393\" srcset=\"https:\/\/www.saopauloguia.com.br\/prefeitura-de-sp\/content-wp\/uploads\/2017\/01\/saopaulo.jpg 599w, https:\/\/www.saopauloguia.com.br\/prefeitura-de-sp\/content-wp\/uploads\/2017\/01\/saopaulo-300x201.jpg 300w\" sizes=\"auto, (max-width: 585px) 100vw, 585px\" \/>Apesar da vitalidade econ\u00f4mica, por\u00e9m, o turismo \u00e9 ainda um setor que revela as graves desigualdades s\u00f3cio-econ\u00f4micas presentes na cidade, visto que, segundo cr\u00edticos e estudiosos, grande parte do circuito cultural e tur\u00edstico da cidade exclui a pr\u00f3pria popula\u00e7\u00e3o paulistana de usufru\u00ed-lo, visto que ele se encontra na regi\u00e3o central metropolitana.<\/p>\n<p>Em 2010 o <a href=\"https:\/\/www.saopauloguia.com.br\/prefeitura-de-sp\/turista\/\">turismo em S\u00e3o Paulo<\/a> alcan\u00e7ou um novo recorde recebendo 11,7 milh\u00f5es de turistas. Em 2012 foram 12,9 milh\u00f5es de turistas durante o ano, sendo 10,8 milh\u00f5es dom\u00e9sticos (turistas brasileiros) e 2,1 milh\u00f5es de estrangeiros, segundo o Minist\u00e9rio do Turismo, consolidando-se como principal porta de entrada de estrangeiros no Brasil, os quais deixaram R$ 10,2 bilh\u00f5es de reais na cidade. Em 2008, foram recebidos 11 milh\u00f5es de turistas. Dos 9 milh\u00f5es de turistas dom\u00e9sticos, 25% s\u00e3o paulistas, seguidos pelos mineiros. Entre os turistas estrangeiros, os norte-americanos e argentinos s\u00e3o os que mais visitam a cidade de S\u00e3o Paulo.<\/p>\n<p>Para facilitar a visita tur\u00edstica de S\u00e3o Paulo, em 2016, foi implantado na cidade o Circular Turismo SP, um \u00f4nibus tur\u00edstico de dois andares que percorre os principais cart\u00f5es postais da cidade (Mercado Municipal, Rep\u00fablica, Pacaembu, Paulista-Masp, Parque do Ibirapuera, Centro Cultural S\u00e3o Paulo, P\u00e1tio do Col\u00e9gio e Teatro Municipal), garantindo conforto e seguran\u00e7a aos passageiros. Com custo de 40 reais, o turista pode embarcar e desembarcar ilimitadamente ao longo do percurso, e ainda recebe informa\u00e7\u00f5es da hist\u00f3ria, arquitetura e cultura da capital paulista.<\/p>\n<h2>Centrais de Informa\u00e7\u00e3o Tur\u00edstica (CIT)<\/h2>\n<p>Desde 1983, as Centrais de Informa\u00e7\u00e3o Tur\u00edstica (CITs) funcionam como importante fonte de informa\u00e7\u00e3o tur\u00edstica e de utilidade p\u00fablica para turistas de todas as nacionalidades e moradores da cidade.<\/p>\n<p>O atendimento \u00e9 feito por pessoas qualificadas, bachar\u00e9is e estudantes de turismo bil\u00edng\u00fces, e com profundo conhecimento do patrim\u00f4nio tur\u00edstico de S\u00e3o Paulo. Eles est\u00e3o prontos para oferecer informa\u00e7\u00f5es atualizadas e completas sobre os eventos que ocorrem na cidade, os atrativos tur\u00edsticos, a infra-estrutura, servi\u00e7os e acessos. Outro diferencial \u00e9 o treinamento constante dos atendentes.<\/p>\n<p>Nas CITs os turistas tamb\u00e9m encontram a sua disposi\u00e7\u00e3o guias tur\u00edsticos, culturais, de compras, al\u00e9m de mapas da cidade e folhetos de locais para visita\u00e7\u00e3o.<\/p>\n<p>Al\u00e9m de divulgar a variada oferta tur\u00edstica e de lazer da cidade de S\u00e3o Paulo, as CITs oferecem atendimento personalizado, com a recomenda\u00e7\u00e3o de programas e atividades adequados a cada perfil de turista, visando sempre a satisfazer suas expectativas e interesses.<\/p>\n<p><strong>Confira onde encontrar um CAT:<\/strong><\/p>\n<p><strong>CIT Mercado<\/strong><br \/>\nLocal: Mercado Municipal Paulistano<br \/>\nEndere\u00e7o: Rua da Cantareira, 306. Rua E, Port\u00e3o 4.<br \/>\nFuncionamento: De 2\u00aa a s\u00e1bado, das 8h \u00e0s 17h. Domingos e feriados das 7h \u00e0s 16h.<br \/>\n<strong><br \/>\nCIT Olido<\/strong><br \/>\nLocal: Galeria Olido<br \/>\nEndere\u00e7o: Av. S\u00e3o Jo\u00e3o, 473 \u2013 Centro.<br \/>\nFuncionamento: De 2\u00aa a s\u00e1bado, das 9h \u00e0s 18h.<br \/>\n<strong><br \/>\nCIT Paulista<\/strong><br \/>\nLocal: Parque Prefeito M\u00e1rio Covas<br \/>\nEndere\u00e7o: Av. Paulista, 1853.<br \/>\nFuncionamento: Diariamente, das 9h \u00e0s 18h.<br \/>\n<strong><br \/>\nCIT Rep\u00fablica<\/strong><br \/>\nLocal: Pra\u00e7a da Rep\u00fablica<br \/>\nEndere\u00e7o: Pra\u00e7a da Rep\u00fablica, s\/n\u00ba &#8211; Centro.<br \/>\nFuncionamento: Diariamente, das 9h \u00e0s 18h.<br \/>\n<strong><br \/>\nCIT Tiet\u00ea<\/strong><br \/>\nLocal: Terminal Rodovi\u00e1rio Tiet\u00ea<br \/>\nEndere\u00e7o: Av. Cruzeiro do Sul, 1800 \u2013 Santana. \u00c1rea de desembarque.<br \/>\nFuncionamento: Diariamente, das 6h \u00e0s 22h.<br \/>\n<strong><br \/>\n<\/strong><strong>CIT Congonhas<\/strong><br \/>\nLocal: Aeroporto de Congonhas<br \/>\nEndere\u00e7o: Av. Washington Luis, s\/n\u00ba \u2013 Vila Congonhas. \u00c1rea de desembarque no piso t\u00e9rreo.<br \/>\nFuncionamento: Diariamente, das 7h \u00e0s 22h.<\/p>\n<p><b>PAT &#8211; Posto de Atendimento ao Turista<\/b><br \/>\nLocal: Parelheiros<br \/>\nEndere\u00e7o: Av. Senador Teot\u00f4nio Vilela, 8000 \u2013 Parelheiros.<br \/>\nFuncionamento: Diariamente, das 8h \u00e0s 12h \/ 13h \u00e0s 17h.<strong><br \/>\n<\/strong><\/p><\/blockquote>\n","protected":false},"excerpt":{"rendered":"<p>Bem-Vindo: Informa\u00e7\u00f5es sobre a cultura, hist\u00f3ria, gastronomia e turismo na cidade de S\u00e3o Paulo.<\/p>\n","protected":false},"author":1,"featured_media":0,"parent":0,"menu_order":0,"comment_status":"closed","ping_status":"closed","template":"","meta":{"footnotes":""},"class_list":["post-94","page","type-page","status-publish","hentry"],"yoast_head":"<!-- This site is optimized with the Yoast SEO plugin v26.0 - https:\/\/yoast.com\/wordpress\/plugins\/seo\/ -->\n<title>Centro de Atendimento ao Turista - Prefeitura Municipal de S\u00e3o Paulo<\/title>\n<meta name=\"description\" content=\"Quer conhecer a cidade de S\u00e3o Paulo? Confira informa\u00e7\u00f5es sobre eventos, calend\u00e1rio, atra\u00e7\u00f5es, guias, turismo e tudo que voc\u00ea precisa saber de S\u00e3o Paulo.\" \/>\n<meta name=\"robots\" content=\"index, follow, max-snippet:-1, max-image-preview:large, max-video-preview:-1\" \/>\n<link rel=\"canonical\" href=\"https:\/\/www.saopauloguia.com.br\/prefeitura-de-sp\/centro-de-atendimento-ao-turista-em-sao-paulo\/\" \/>\n<meta property=\"og:locale\" content=\"pt_BR\" \/>\n<meta property=\"og:type\" content=\"article\" \/>\n<meta property=\"og:title\" content=\"Centro de Atendimento ao Turista - Prefeitura Municipal de S\u00e3o Paulo\" \/>\n<meta property=\"og:description\" content=\"Quer conhecer a cidade de S\u00e3o Paulo? Confira informa\u00e7\u00f5es sobre eventos, calend\u00e1rio, atra\u00e7\u00f5es, guias, turismo e tudo que voc\u00ea precisa saber de S\u00e3o Paulo.\" \/>\n<meta property=\"og:url\" content=\"https:\/\/www.saopauloguia.com.br\/prefeitura-de-sp\/centro-de-atendimento-ao-turista-em-sao-paulo\/\" \/>\n<meta property=\"og:site_name\" content=\"Prefeitura de S\u00e3o Paulo\" \/>\n<meta property=\"article:modified_time\" content=\"2017-09-25T18:10:24+00:00\" \/>\n<meta property=\"og:image\" content=\"https:\/\/www.saopauloguia.com.br\/prefeitura-de-sp\/wp-content\/uploads\/2017\/01\/saopaulo.jpg\" \/>\n<meta name=\"twitter:card\" content=\"summary_large_image\" \/>\n<meta name=\"twitter:label1\" content=\"Est. tempo de leitura\" \/>\n\t<meta name=\"twitter:data1\" content=\"4 minutos\" \/>\n<script type=\"application\/ld+json\" class=\"yoast-schema-graph\">{\"@context\":\"https:\/\/schema.org\",\"@graph\":[{\"@type\":\"WebPage\",\"@id\":\"https:\/\/www.saopauloguia.com.br\/prefeitura-de-sp\/centro-de-atendimento-ao-turista-em-sao-paulo\/\",\"url\":\"https:\/\/www.saopauloguia.com.br\/prefeitura-de-sp\/centro-de-atendimento-ao-turista-em-sao-paulo\/\",\"name\":\"Centro de Atendimento ao Turista - Prefeitura Municipal de S\u00e3o Paulo\",\"isPartOf\":{\"@id\":\"https:\/\/www.saopauloguia.com.br\/prefeitura-de-sp\/#website\"},\"primaryImageOfPage\":{\"@id\":\"https:\/\/www.saopauloguia.com.br\/prefeitura-de-sp\/centro-de-atendimento-ao-turista-em-sao-paulo\/#primaryimage\"},\"image\":{\"@id\":\"https:\/\/www.saopauloguia.com.br\/prefeitura-de-sp\/centro-de-atendimento-ao-turista-em-sao-paulo\/#primaryimage\"},\"thumbnailUrl\":\"https:\/\/www.saopauloguia.com.br\/prefeitura-de-sp\/wp-content\/uploads\/2017\/01\/saopaulo.jpg\",\"datePublished\":\"2017-01-02T18:47:37+00:00\",\"dateModified\":\"2017-09-25T18:10:24+00:00\",\"description\":\"Quer conhecer a cidade de S\u00e3o Paulo? Confira informa\u00e7\u00f5es sobre eventos, calend\u00e1rio, atra\u00e7\u00f5es, guias, turismo e tudo que voc\u00ea precisa saber de S\u00e3o Paulo.\",\"breadcrumb\":{\"@id\":\"https:\/\/www.saopauloguia.com.br\/prefeitura-de-sp\/centro-de-atendimento-ao-turista-em-sao-paulo\/#breadcrumb\"},\"inLanguage\":\"pt-BR\",\"potentialAction\":[{\"@type\":\"ReadAction\",\"target\":[\"https:\/\/www.saopauloguia.com.br\/prefeitura-de-sp\/centro-de-atendimento-ao-turista-em-sao-paulo\/\"]}]},{\"@type\":\"ImageObject\",\"inLanguage\":\"pt-BR\",\"@id\":\"https:\/\/www.saopauloguia.com.br\/prefeitura-de-sp\/centro-de-atendimento-ao-turista-em-sao-paulo\/#primaryimage\",\"url\":\"https:\/\/www.saopauloguia.com.br\/prefeitura-de-sp\/content-wp\/uploads\/2017\/01\/saopaulo.jpg\",\"contentUrl\":\"https:\/\/www.saopauloguia.com.br\/prefeitura-de-sp\/content-wp\/uploads\/2017\/01\/saopaulo.jpg\",\"width\":599,\"height\":402},{\"@type\":\"BreadcrumbList\",\"@id\":\"https:\/\/www.saopauloguia.com.br\/prefeitura-de-sp\/centro-de-atendimento-ao-turista-em-sao-paulo\/#breadcrumb\",\"itemListElement\":[{\"@type\":\"ListItem\",\"position\":1,\"name\":\"In\u00edcio\",\"item\":\"https:\/\/www.saopauloguia.com.br\/prefeitura-de-sp\/\"},{\"@type\":\"ListItem\",\"position\":2,\"name\":\"Centro de Atendimento ao Turista em S\u00e3o Paulo\"}]},{\"@type\":\"WebSite\",\"@id\":\"https:\/\/www.saopauloguia.com.br\/prefeitura-de-sp\/#website\",\"url\":\"https:\/\/www.saopauloguia.com.br\/prefeitura-de-sp\/\",\"name\":\"Prefeitura de S\u00e3o Paulo\",\"description\":\"Prefeitura Municipal de S\u00e3o Paulo\",\"potentialAction\":[{\"@type\":\"SearchAction\",\"target\":{\"@type\":\"EntryPoint\",\"urlTemplate\":\"https:\/\/www.saopauloguia.com.br\/prefeitura-de-sp\/?s={search_term_string}\"},\"query-input\":{\"@type\":\"PropertyValueSpecification\",\"valueRequired\":true,\"valueName\":\"search_term_string\"}}],\"inLanguage\":\"pt-BR\"}]}<\/script>\n<!-- \/ Yoast SEO plugin. -->","yoast_head_json":{"title":"Centro de Atendimento ao Turista - Prefeitura Municipal de S\u00e3o Paulo","description":"Quer conhecer a cidade de S\u00e3o Paulo? Confira informa\u00e7\u00f5es sobre eventos, calend\u00e1rio, atra\u00e7\u00f5es, guias, turismo e tudo que voc\u00ea precisa saber de S\u00e3o Paulo.","robots":{"index":"index","follow":"follow","max-snippet":"max-snippet:-1","max-image-preview":"max-image-preview:large","max-video-preview":"max-video-preview:-1"},"canonical":"https:\/\/www.saopauloguia.com.br\/prefeitura-de-sp\/centro-de-atendimento-ao-turista-em-sao-paulo\/","og_locale":"pt_BR","og_type":"article","og_title":"Centro de Atendimento ao Turista - Prefeitura Municipal de S\u00e3o Paulo","og_description":"Quer conhecer a cidade de S\u00e3o Paulo? Confira informa\u00e7\u00f5es sobre eventos, calend\u00e1rio, atra\u00e7\u00f5es, guias, turismo e tudo que voc\u00ea precisa saber de S\u00e3o Paulo.","og_url":"https:\/\/www.saopauloguia.com.br\/prefeitura-de-sp\/centro-de-atendimento-ao-turista-em-sao-paulo\/","og_site_name":"Prefeitura de S\u00e3o Paulo","article_modified_time":"2017-09-25T18:10:24+00:00","og_image":[{"url":"https:\/\/www.saopauloguia.com.br\/prefeitura-de-sp\/wp-content\/uploads\/2017\/01\/saopaulo.jpg","type":"","width":"","height":""}],"twitter_card":"summary_large_image","twitter_misc":{"Est. tempo de leitura":"4 minutos"},"schema":{"@context":"https:\/\/schema.org","@graph":[{"@type":"WebPage","@id":"https:\/\/www.saopauloguia.com.br\/prefeitura-de-sp\/centro-de-atendimento-ao-turista-em-sao-paulo\/","url":"https:\/\/www.saopauloguia.com.br\/prefeitura-de-sp\/centro-de-atendimento-ao-turista-em-sao-paulo\/","name":"Centro de Atendimento ao Turista - Prefeitura Municipal de S\u00e3o Paulo","isPartOf":{"@id":"https:\/\/www.saopauloguia.com.br\/prefeitura-de-sp\/#website"},"primaryImageOfPage":{"@id":"https:\/\/www.saopauloguia.com.br\/prefeitura-de-sp\/centro-de-atendimento-ao-turista-em-sao-paulo\/#primaryimage"},"image":{"@id":"https:\/\/www.saopauloguia.com.br\/prefeitura-de-sp\/centro-de-atendimento-ao-turista-em-sao-paulo\/#primaryimage"},"thumbnailUrl":"https:\/\/www.saopauloguia.com.br\/prefeitura-de-sp\/wp-content\/uploads\/2017\/01\/saopaulo.jpg","datePublished":"2017-01-02T18:47:37+00:00","dateModified":"2017-09-25T18:10:24+00:00","description":"Quer conhecer a cidade de S\u00e3o Paulo? Confira informa\u00e7\u00f5es sobre eventos, calend\u00e1rio, atra\u00e7\u00f5es, guias, turismo e tudo que voc\u00ea precisa saber de S\u00e3o Paulo.","breadcrumb":{"@id":"https:\/\/www.saopauloguia.com.br\/prefeitura-de-sp\/centro-de-atendimento-ao-turista-em-sao-paulo\/#breadcrumb"},"inLanguage":"pt-BR","potentialAction":[{"@type":"ReadAction","target":["https:\/\/www.saopauloguia.com.br\/prefeitura-de-sp\/centro-de-atendimento-ao-turista-em-sao-paulo\/"]}]},{"@type":"ImageObject","inLanguage":"pt-BR","@id":"https:\/\/www.saopauloguia.com.br\/prefeitura-de-sp\/centro-de-atendimento-ao-turista-em-sao-paulo\/#primaryimage","url":"https:\/\/www.saopauloguia.com.br\/prefeitura-de-sp\/content-wp\/uploads\/2017\/01\/saopaulo.jpg","contentUrl":"https:\/\/www.saopauloguia.com.br\/prefeitura-de-sp\/content-wp\/uploads\/2017\/01\/saopaulo.jpg","width":599,"height":402},{"@type":"BreadcrumbList","@id":"https:\/\/www.saopauloguia.com.br\/prefeitura-de-sp\/centro-de-atendimento-ao-turista-em-sao-paulo\/#breadcrumb","itemListElement":[{"@type":"ListItem","position":1,"name":"In\u00edcio","item":"https:\/\/www.saopauloguia.com.br\/prefeitura-de-sp\/"},{"@type":"ListItem","position":2,"name":"Centro de Atendimento ao Turista em S\u00e3o Paulo"}]},{"@type":"WebSite","@id":"https:\/\/www.saopauloguia.com.br\/prefeitura-de-sp\/#website","url":"https:\/\/www.saopauloguia.com.br\/prefeitura-de-sp\/","name":"Prefeitura de S\u00e3o Paulo","description":"Prefeitura Municipal de S\u00e3o Paulo","potentialAction":[{"@type":"SearchAction","target":{"@type":"EntryPoint","urlTemplate":"https:\/\/www.saopauloguia.com.br\/prefeitura-de-sp\/?s={search_term_string}"},"query-input":{"@type":"PropertyValueSpecification","valueRequired":true,"valueName":"search_term_string"}}],"inLanguage":"pt-BR"}]}},"_links":{"self":[{"href":"https:\/\/www.saopauloguia.com.br\/prefeitura-de-sp\/wp-json\/wp\/v2\/pages\/94","targetHints":{"allow":["GET"]}}],"collection":[{"href":"https:\/\/www.saopauloguia.com.br\/prefeitura-de-sp\/wp-json\/wp\/v2\/pages"}],"about":[{"href":"https:\/\/www.saopauloguia.com.br\/prefeitura-de-sp\/wp-json\/wp\/v2\/types\/page"}],"author":[{"embeddable":true,"href":"https:\/\/www.saopauloguia.com.br\/prefeitura-de-sp\/wp-json\/wp\/v2\/users\/1"}],"replies":[{"embeddable":true,"href":"https:\/\/www.saopauloguia.com.br\/prefeitura-de-sp\/wp-json\/wp\/v2\/comments?post=94"}],"version-history":[{"count":0,"href":"https:\/\/www.saopauloguia.com.br\/prefeitura-de-sp\/wp-json\/wp\/v2\/pages\/94\/revisions"}],"wp:attachment":[{"href":"https:\/\/www.saopauloguia.com.br\/prefeitura-de-sp\/wp-json\/wp\/v2\/media?parent=94"}],"curies":[{"name":"wp","href":"https:\/\/api.w.org\/{rel}","templated":true}]}}